{"id":363048,"date":"2023-08-28T17:12:08","date_gmt":"2023-08-28T14:12:08","guid":{"rendered":"https:\/\/akeron.gr\/la-empresa\/"},"modified":"2025-02-21T15:30:27","modified_gmt":"2025-02-21T13:30:27","slug":"la-empresa","status":"publish","type":"page","link":"https:\/\/akeron.gr\/es\/la-empresa\/","title":{"rendered":"La Empresa"},"content":{"rendered":"<p>[et_pb_section fb_built=\u00bb1&#8243; custom_padding_last_edited=\u00bbon|tablet\u00bb _builder_version=\u00bb4.22.1&#8243; _module_preset=\u00bbdefault\u00bb background_image=\u00bbhttps:\/\/akeron.gr\/wp-content\/uploads\/2023\/08\/apostoli-hero.jpg\u00bb custom_padding=\u00bb15vw||15vw||true|false\u00bb custom_padding_tablet=\u00bb14vw||14vw||true|false\u00bb custom_padding_phone=\u00bb26vw||26vw||true|false\u00bb locked=\u00bboff\u00bb global_colors_info=\u00bb{}\u00bb][et_pb_row _builder_version=\u00bb4.21.0&#8243; _module_preset=\u00bbdefault\u00bb global_colors_info=\u00bb{}\u00bb][et_pb_column type=\u00bb4_4&#8243; _builder_version=\u00bb4.21.0&#8243; _module_preset=\u00bbdefault\u00bb global_colors_info=\u00bb{}\u00bb][et_pb_text module_class=\u00bbpage-title\u00bb _builder_version=\u00bb4.25.2&#8243; _dynamic_attributes=\u00bbcontent\u00bb _module_preset=\u00bbdefault\u00bb header_font=\u00bbAnak Book||||||||\u00bb header_font_size=\u00bb50px\u00bb header_line_height=\u00bb2em\u00bb background_image=\u00bbhttps:\/\/akeron.gr\/wp-content\/uploads\/2023\/08\/logo-line.png\u00bb background_size=\u00bbcontain\u00bb text_orientation=\u00bbcenter\u00bb header_font_size_tablet=\u00bb40px\u00bb header_font_size_phone=\u00bb30px\u00bb header_font_size_last_edited=\u00bbon|phone\u00bb header_line_height_tablet=\u00bb2em\u00bb header_line_height_phone=\u00bb1em\u00bb header_line_height_last_edited=\u00bbon|tablet\u00bb global_colors_info=\u00bb{}\u00bb]@ET-DC@eyJkeW5hbWljIjp0cnVlLCJjb250ZW50IjoicG9zdF90aXRsZSIsInNldHRpbmdzIjp7ImJlZm9yZSI6IjxoMT4iLCJhZnRlciI6IjwvaDE+In19@[\/et_pb_text][\/et_pb_column][\/et_pb_row][\/et_pb_section][et_pb_section fb_built=\u00bb1&#8243; _builder_version=\u00bb4.21.0&#8243; _module_preset=\u00bbdefault\u00bb locked=\u00bboff\u00bb global_colors_info=\u00bb{}\u00bb][et_pb_row make_equal=\u00bbon\u00bb _builder_version=\u00bb4.25.2&#8243; _module_preset=\u00bbdefault\u00bb width=\u00bb50%\u00bb width_tablet=\u00bb100%\u00bb width_phone=\u00bb100%\u00bb width_last_edited=\u00bbon|phone\u00bb max_width=\u00bb100%\u00bb global_colors_info=\u00bb{}\u00bb][et_pb_column type=\u00bb4_4&#8243; _builder_version=\u00bb4.21.0&#8243; _module_preset=\u00bbdefault\u00bb custom_padding=\u00bb|80px||80px|false|true\u00bb custom_padding_tablet=\u00bb40px|60px|40px|60px|true|true\u00bb custom_padding_phone=\u00bb20px||20px||true|true\u00bb custom_padding_last_edited=\u00bbon|phone\u00bb custom_css_main_element=\u00bbmargin: auto;\u00bb global_colors_info=\u00bb{}\u00bb custom_padding__hover_enabled=\u00bboff|desktop\u00bb][et_pb_text _builder_version=\u00bb4.27.4&#8243; _module_preset=\u00bbdefault\u00bb hover_enabled=\u00bb0&#8243; global_colors_info=\u00bb{}\u00bb sticky_enabled=\u00bb0&#8243;]<\/p>\n<p><span style=\"font-weight: 400;\">Gkiolekas Insurance Solutions es una de las firmas de corretaje de seguros m\u00e1s grandes del norte de Grecia. Con un fuerte enfoque en el seguro de cr\u00e9dito y un crecimiento constante en otros sectores de seguros empresariales, la empresa satisface las necesidades de seguros de organizaciones l\u00edderes.<\/span><\/p>\n<p><span style=\"font-weight: 400;\">La experiencia de su personal y el alto nivel de servicio que ofrece son las principales razones por las que la empresa es un socio de confianza para muchas de las principales empresas griegas, con un impacto significativo en la econom\u00eda.<\/span><\/p>\n<p><span style=\"font-weight: 400;\">Gkiolekas Insurance Solutions fue adquirida por NAK Katsiberis Insurance Brokers en 2021. Esta fusi\u00f3n cre\u00f3 una entidad empresarial que apoya plenamente a las empresas que conf\u00edan en ella. El valor a\u00f1adido generado para su clientela proviene del excelente servicio y la provisi\u00f3n de soluciones de seguros que cubren incluso las necesidades m\u00e1s especializadas.<\/span><\/p>\n<p>[\/et_pb_text][\/et_pb_column][\/et_pb_row][\/et_pb_section]<\/p>\n","protected":false},"excerpt":{"rendered":"<p>Gkiolekas Insurance Solutions es una de las firmas de corretaje de seguros m\u00e1s grandes del norte de Grecia. Con un fuerte enfoque en el seguro de cr\u00e9dito y un crecimiento constante en otros sectores de seguros empresariales, la empresa satisface las necesidades de seguros de organizaciones l\u00edderes. La experiencia de su personal y el alto nivel de servicio que ofrece son las principales razones por las que la empresa es un socio de confianza para muchas de las principales empresas griegas, con un impacto significativo en la econom\u00eda. Gkiolekas Insurance Solutions fue adquirida por NAK Katsiberis Insurance Brokers en 2021. Esta fusi\u00f3n cre\u00f3 una entidad empresarial que apoya plenamente a las empresas que conf\u00edan en ella. El valor a\u00f1adido generado para su clientela proviene del excelente servicio y la provisi\u00f3n de soluciones de seguros que cubren incluso las necesidades m\u00e1s especializadas.<\/p>\n","protected":false},"author":1,"featured_media":0,"parent":0,"menu_order":2,"comment_status":"closed","ping_status":"closed","template":"","meta":{"_seopress_robots_primary_cat":"","_seopress_titles_title":"La Empresa Gkiolekas Insurance Solutions","_seopress_titles_desc":"Akeron es una de las mayores empresas de intermediaci\u00f3n de seguros en el norte de Grecia.","_seopress_robots_index":"","_et_pb_use_builder":"on","_et_pb_old_content":"","_et_gb_content_width":"","footnotes":""},"class_list":["post-363048","page","type-page","status-publish","hentry"],"_links":{"self":[{"href":"https:\/\/akeron.gr\/es\/wp-json\/wp\/v2\/pages\/363048","targetHints":{"allow":["GET"]}}],"collection":[{"href":"https:\/\/akeron.gr\/es\/wp-json\/wp\/v2\/pages"}],"about":[{"href":"https:\/\/akeron.gr\/es\/wp-json\/wp\/v2\/types\/page"}],"author":[{"embeddable":true,"href":"https:\/\/akeron.gr\/es\/wp-json\/wp\/v2\/users\/1"}],"replies":[{"embeddable":true,"href":"https:\/\/akeron.gr\/es\/wp-json\/wp\/v2\/comments?post=363048"}],"version-history":[{"count":5,"href":"https:\/\/akeron.gr\/es\/wp-json\/wp\/v2\/pages\/363048\/revisions"}],"predecessor-version":[{"id":363465,"href":"https:\/\/akeron.gr\/es\/wp-json\/wp\/v2\/pages\/363048\/revisions\/363465"}],"wp:attachment":[{"href":"https:\/\/akeron.gr\/es\/wp-json\/wp\/v2\/media?parent=363048"}],"curies":[{"name":"wp","href":"https:\/\/api.w.org\/{rel}","templated":true}]}}