{"id":363054,"date":"2023-08-28T18:28:44","date_gmt":"2023-08-28T15:28:44","guid":{"rendered":"https:\/\/akeron.gr\/la-historia\/"},"modified":"2025-02-21T15:31:21","modified_gmt":"2025-02-21T13:31:21","slug":"la-historia","status":"publish","type":"page","link":"https:\/\/akeron.gr\/es\/la-historia\/","title":{"rendered":"La Historia"},"content":{"rendered":"<p>[et_pb_section fb_built=\u00bb1&#8243; custom_padding_last_edited=\u00bbon|phone\u00bb _builder_version=\u00bb4.21.0&#8243; _module_preset=\u00bbdefault\u00bb background_image=\u00bbhttps:\/\/akeron.gr\/wp-content\/uploads\/2023\/08\/istoria-hero.jpg\u00bb custom_padding=\u00bb14vw||14vw||true|false\u00bb custom_padding_tablet=\u00bb14vw||14vw||true|false\u00bb custom_padding_phone=\u00bb26vw||26vw||true|false\u00bb global_colors_info=\u00bb{}\u00bb][et_pb_row _builder_version=\u00bb4.21.0&#8243; _module_preset=\u00bbdefault\u00bb global_colors_info=\u00bb{}\u00bb][et_pb_column type=\u00bb4_4&#8243; _builder_version=\u00bb4.21.0&#8243; _module_preset=\u00bbdefault\u00bb global_colors_info=\u00bb{}\u00bb][et_pb_text module_class=\u00bbpage-title\u00bb _builder_version=\u00bb4.25.2&#8243; _dynamic_attributes=\u00bbcontent\u00bb _module_preset=\u00bbdefault\u00bb header_font=\u00bbAnak Bold||||||||\u00bb header_font_size=\u00bb50px\u00bb header_2_font=\u00bbAnak Book||||||||\u00bb header_2_font_size=\u00bb50px\u00bb background_image=\u00bbhttps:\/\/akeron.gr\/wp-content\/uploads\/2023\/08\/logo-line-large.png\u00bb background_size=\u00bbcontain\u00bb text_orientation=\u00bbcenter\u00bb max_width=\u00bb700px\u00bb module_alignment=\u00bbcenter\u00bb header_font_size_tablet=\u00bb40px\u00bb header_font_size_phone=\u00bb30px\u00bb header_font_size_last_edited=\u00bbon|phone\u00bb header_2_font_size_tablet=\u00bb40px\u00bb header_2_font_size_phone=\u00bb30px\u00bb header_2_font_size_last_edited=\u00bbon|phone\u00bb custom_css_before=\u00bb\/*content: url(https:\/\/akeron.gr\/wp-content\/uploads\/2023\/08\/logo-line-large.png);|| position: absolute;|| left: 0;|| transform: scale(.6);|| top: -25px;*\/\u00bb custom_css_after=\u00bb\/*content: url(https:\/\/akeron.gr\/wp-content\/uploads\/2023\/08\/logo-line-large.png);|| position: absolute;|| right: 0;|| transform: scale(.6);|| top: -25px;*\/\u00bb locked=\u00bboff\u00bb global_colors_info=\u00bb{}\u00bb custom_css_before_last_edited=\u00bboff|tablet\u00bb custom_css_after_last_edited=\u00bbon|desktop\u00bb custom_css_after_tablet=\u00bb\/*content: url(https:\/\/akeron.gr\/wp-content\/uploads\/2023\/08\/logo-line-large.png);|| position: absolute;|| right: 0;|| transform: scale(.6);|| top: -25px;*\/\u00bb custom_css_after_phone=\u00bb\/*content: url(https:\/\/akeron.gr\/wp-content\/uploads\/2023\/08\/logo-line-large.png);|| position: absolute;|| right: 0;|| transform: scale(.6);|| top: -25px;*\/\u00bb]@ET-DC@eyJkeW5hbWljIjp0cnVlLCJjb250ZW50IjoicG9zdF90aXRsZSIsInNldHRpbmdzIjp7ImJlZm9yZSI6IjxoMT4iLCJhZnRlciI6IjwvaDE+In19@[\/et_pb_text][\/et_pb_column][\/et_pb_row][\/et_pb_section][et_pb_section fb_built=\u00bb1&#8243; _builder_version=\u00bb4.25.2&#8243; _module_preset=\u00bbdefault\u00bb custom_padding=\u00bb0px||0px||false|false\u00bb locked=\u00bboff\u00bb global_colors_info=\u00bb{}\u00bb][et_pb_row _builder_version=\u00bb4.25.2&#8243; _module_preset=\u00bbdefault\u00bb width=\u00bb50%\u00bb width_tablet=\u00bb90%\u00bb width_phone=\u00bb90%\u00bb width_last_edited=\u00bbon|phone\u00bb max_width=\u00bb100%\u00bb custom_margin=\u00bb||||false|false\u00bb custom_padding=\u00bb||||true|false\u00bb global_colors_info=\u00bb{}\u00bb][et_pb_column type=\u00bb4_4&#8243; _builder_version=\u00bb4.25.2&#8243; _module_preset=\u00bbdefault\u00bb background_enable_image=\u00bboff\u00bb background_position=\u00bbtop_center\u00bb custom_padding=\u00bb||||true|false\u00bb custom_padding_tablet=\u00bb||||true|false\u00bb custom_padding_phone=\u00bb||||true|false\u00bb custom_padding_last_edited=\u00bbon|desktop\u00bb global_colors_info=\u00bb{}\u00bb][et_pb_text _builder_version=\u00bb4.25.2&#8243; _module_preset=\u00bbdefault\u00bb header_2_font=\u00bbAnak Book||||||||\u00bb custom_margin=\u00bb||10px||false|false\u00bb locked=\u00bboff\u00bb global_colors_info=\u00bb{}\u00bb]<\/p>\n<p><img loading=\"lazy\" decoding=\"async\" class=\"wp-image-357687 alignnone size-full\" src=\"https:\/\/akeron.gr\/wp-content\/uploads\/2023\/08\/logo-line-black-small.png\" alt=\"\" width=\"26\" height=\"35\" \/><\/p>\n<h2>LA HISTORIA<\/h2>\n<p>[\/et_pb_text][et_pb_text _builder_version=\u00bb4.27.4&#8243; _module_preset=\u00bbdefault\u00bb custom_margin=\u00bb||40px||false|false\u00bb hover_enabled=\u00bb0&#8243; global_colors_info=\u00bb{}\u00bb sticky_enabled=\u00bb0&#8243;]<\/p>\n<p><span style=\"font-weight: 400;\">La historia de la empresa comenz\u00f3 en 1993. Su fundador, Dimitris Gkiolekas, estableci\u00f3 r\u00e1pidamente la presencia de la firma en el norte de Grecia, Tesalia y Macedonia Oriental-Tracia, con su producto insignia: Seguro de Cr\u00e9dito Comercial.<\/span><\/p>\n<p><span style=\"font-weight: 400;\">\u00a0La prestaci\u00f3n de servicios integrales en el campo del Seguro de Cr\u00e9dito Comercial permiti\u00f3 a la empresa ampliar su gama de productos de seguros empresariales. El trabajo diligente y la b\u00fasqueda continua de las soluciones de seguros m\u00e1s adecuadas resultaron en la expansi\u00f3n de los servicios ofrecidos y la confianza a largo plazo de sus clientes.<\/span><\/p>\n<p><span style=\"font-weight: 400;\">Enero de 2021 fue un hito en la historia de la empresa, ya que se complet\u00f3 el proceso de adquisici\u00f3n del 100 % de las acciones de Gkiolekas Insurance Solutions por parte de NAK Katsiberis Insurance Brokers, la firma de corretaje de seguros m\u00e1s grande de Grecia.\u00a0<\/span><\/p>\n<p><span style=\"font-weight: 400;\">Con una larga trayectoria, amplia experiencia en muchos sectores estrat\u00e9gicos y un esp\u00edritu innovador, NAK Katsiberis ofrece productos de seguros al mercado griego que cubren incluso las necesidades m\u00e1s especializadas.<\/span><\/p>\n<p>[\/et_pb_text][\/et_pb_column][\/et_pb_row][\/et_pb_section]<\/p>\n","protected":false},"excerpt":{"rendered":"<p>LA HISTORIA La historia de la empresa comenz\u00f3 en 1993. Su fundador, Dimitris Gkiolekas, estableci\u00f3 r\u00e1pidamente la presencia de la firma en el norte de Grecia, Tesalia y Macedonia Oriental-Tracia, con su producto insignia: Seguro de Cr\u00e9dito Comercial. \u00a0La prestaci\u00f3n de servicios integrales en el campo del Seguro de Cr\u00e9dito Comercial permiti\u00f3 a la empresa ampliar su gama de productos de seguros empresariales. El trabajo diligente y la b\u00fasqueda continua de las soluciones de seguros m\u00e1s adecuadas resultaron en la expansi\u00f3n de los servicios ofrecidos y la confianza a largo plazo de sus clientes. Enero de 2021 fue un hito en la historia de la empresa, ya que se complet\u00f3 el proceso de adquisici\u00f3n del 100 % de las acciones de Gkiolekas Insurance Solutions por parte de NAK Katsiberis Insurance Brokers, la firma de corretaje de seguros m\u00e1s grande de Grecia.\u00a0 Con una larga trayectoria, amplia experiencia en muchos sectores estrat\u00e9gicos y un esp\u00edritu innovador, NAK Katsiberis ofrece productos de seguros al mercado griego que cubren incluso las necesidades m\u00e1s especializadas.<\/p>\n","protected":false},"author":1,"featured_media":0,"parent":0,"menu_order":4,"comment_status":"closed","ping_status":"closed","template":"","meta":{"_seopress_robots_primary_cat":"","_seopress_titles_title":"La historia de Gkiolekas Insurance Solutions","_seopress_titles_desc":"La historia de Gkiolekas Insurance Solutions y de su fundador, Dimitris Gkiolekas, comenz\u00f3 en 1993. La presencia de la empresa en el norte de Grecia, Tesalia y Macedonia Oriental y Tracia se consolid\u00f3 r\u00e1pidamente. Su producto principal y punto de partida fue el Seguro de Cr\u00e9dito. ","_seopress_robots_index":"","_et_pb_use_builder":"on","_et_pb_old_content":"","_et_gb_content_width":"","footnotes":""},"class_list":["post-363054","page","type-page","status-publish","hentry"],"_links":{"self":[{"href":"https:\/\/akeron.gr\/es\/wp-json\/wp\/v2\/pages\/363054","targetHints":{"allow":["GET"]}}],"collection":[{"href":"https:\/\/akeron.gr\/es\/wp-json\/wp\/v2\/pages"}],"about":[{"href":"https:\/\/akeron.gr\/es\/wp-json\/wp\/v2\/types\/page"}],"author":[{"embeddable":true,"href":"https:\/\/akeron.gr\/es\/wp-json\/wp\/v2\/users\/1"}],"replies":[{"embeddable":true,"href":"https:\/\/akeron.gr\/es\/wp-json\/wp\/v2\/comments?post=363054"}],"version-history":[{"count":5,"href":"https:\/\/akeron.gr\/es\/wp-json\/wp\/v2\/pages\/363054\/revisions"}],"predecessor-version":[{"id":363466,"href":"https:\/\/akeron.gr\/es\/wp-json\/wp\/v2\/pages\/363054\/revisions\/363466"}],"wp:attachment":[{"href":"https:\/\/akeron.gr\/es\/wp-json\/wp\/v2\/media?parent=363054"}],"curies":[{"name":"wp","href":"https:\/\/api.w.org\/{rel}","templated":true}]}}