{"id":363100,"date":"2023-07-24T01:41:38","date_gmt":"2023-07-23T22:41:38","guid":{"rendered":"https:\/\/akeron.gr\/home\/"},"modified":"2025-04-30T11:12:50","modified_gmt":"2025-04-30T08:12:50","slug":"home","status":"publish","type":"page","link":"https:\/\/akeron.gr\/es\/","title":{"rendered":"Home"},"content":{"rendered":"<p>[et_pb_section fb_built=\u00bb1&#8243; custom_padding_last_edited=\u00bboff|tablet\u00bb disabled_on=\u00bbon|on|off\u00bb admin_label=\u00bb\u0395\u03a3\u03a0\u0391 1 (desktop only)\u00bb module_id=\u00bbespa-banner-section-desktop\u00bb module_class=\u00bbfreddie_nevermore_blurbs\u00bb _builder_version=\u00bb4.27.4&#8243; background_color=\u00bb#FFFFFF\u00bb custom_padding=\u00bb0px||0px||true|false\u00bb z_index_tablet=\u00bb500&#8243; custom_css_main_element=\u00bb counter-reset: section;\u00bb box_shadow_horizontal_tablet=\u00bb0px\u00bb box_shadow_vertical_tablet=\u00bb0px\u00bb box_shadow_blur_tablet=\u00bb40px\u00bb box_shadow_spread_tablet=\u00bb0px\u00bb global_colors_info=\u00bb{}\u00bb theme_builder_area=\u00bbpost_content\u00bb][et_pb_row _builder_version=\u00bb4.27.4&#8243; _module_preset=\u00bbdefault\u00bb width=\u00bb100%\u00bb max_width=\u00bb1920px\u00bb custom_margin=\u00bb0px||0px||true|false\u00bb custom_padding=\u00bb0px||0px||true|false\u00bb global_colors_info=\u00bb{}\u00bb theme_builder_area=\u00bbpost_content\u00bb][et_pb_column type=\u00bb4_4&#8243; _builder_version=\u00bb4.21.0&#8243; _module_preset=\u00bbdefault\u00bb global_colors_info=\u00bb{}\u00bb theme_builder_area=\u00bbpost_content\u00bb][et_pb_image src=\u00bbhttps:\/\/akeron.gr\/wp-content\/uploads\/2025\/02\/banner_EL-2.jpg\u00bb alt=\u00bbbanner_EL (2)\u00bb title_text=\u00bbbanner_EL (2)\u00bb url=\u00bbhttps:\/\/akeron.gr\/wp-content\/uploads\/2025\/02\/poster_A3_\u0392\u03a8\u039c.pdf\u00bb disabled_on=\u00bbon|on|on\u00bb _builder_version=\u00bb4.27.4&#8243; _dynamic_attributes=\u00bburl\u00bb _module_preset=\u00bbdefault\u00bb custom_margin=\u00bb0px||0px||true|false\u00bb custom_padding=\u00bb0px||0px||true|false\u00bb disabled=\u00bbon\u00bb global_colors_info=\u00bb{}\u00bb theme_builder_area=\u00bbpost_content\u00bb][\/et_pb_image][et_pb_code _builder_version=\u00bb4.27.4&#8243; _module_preset=\u00bbdefault\u00bb hover_enabled=\u00bb0&#8243; global_colors_info=\u00bb{}\u00bb theme_builder_area=\u00bbpost_content\u00bb sticky_enabled=\u00bb0&#8243;]<\/p>\n<div class=\"espa-container\"><!-- [et_pb_line_break_holder] -->  <\/p>\n<div class=\"espa-banner-1\"><!-- [et_pb_line_break_holder] -->    <a href=\"https:\/\/akeron.gr\/wp-content\/uploads\/2025\/04\/AKERON_poster_A3_\u03a0\u03a0\u0395.pdf\" target=\"_blank\"><img decoding=\"async\" src=\"https:\/\/akeron.gr\/wp-content\/uploads\/2025\/04\/banner_EN-3.jpg\" alt=\"espa banner 2021 2027\" \/><\/a><!-- [et_pb_line_break_holder] -->  <\/div>\n<p><!-- [et_pb_line_break_holder] -->  <\/p>\n<div class=\"espa-banner-2\"><!-- [et_pb_line_break_holder] -->    <a href=\"https:\/\/akeron.gr\/wp-content\/uploads\/2025\/04\/AKERON_poster_A3_\u0392\u03a8\u039c.pdf\" target=\"_blanK\"><img decoding=\"async\" src=\"https:\/\/akeron.gr\/wp-content\/uploads\/2025\/04\/banner_EN-3.jpg\" alt=\"espa banner 2021 2027\" \/><\/a><!-- [et_pb_line_break_holder] -->  <\/div>\n<p><!-- [et_pb_line_break_holder] --><\/div>\n<p>[\/et_pb_code][\/et_pb_column][\/et_pb_row][\/et_pb_section][et_pb_section fb_built=\u00bb1&#8243; custom_padding_last_edited=\u00bboff|tablet\u00bb admin_label=\u00bb\u0395\u03a3\u03a0\u0391 1&#8243; module_id=\u00bbespa-banner-section-1&#8243; module_class=\u00bbfreddie_nevermore_blurbs\u00bb _builder_version=\u00bb4.27.4&#8243; background_color=\u00bb#FFFFFF\u00bb custom_padding=\u00bb0px||0px||true|false\u00bb z_index_tablet=\u00bb500&#8243; custom_css_main_element=\u00bb counter-reset: section;\u00bb box_shadow_horizontal_tablet=\u00bb0px\u00bb box_shadow_vertical_tablet=\u00bb0px\u00bb box_shadow_blur_tablet=\u00bb40px\u00bb box_shadow_spread_tablet=\u00bb0px\u00bb global_colors_info=\u00bb{}\u00bb theme_builder_area=\u00bbpost_content\u00bb][et_pb_row disabled_on=\u00bboff|off|on\u00bb _builder_version=\u00bb4.27.4&#8243; _module_preset=\u00bbdefault\u00bb width=\u00bb70%\u00bb module_alignment=\u00bbcenter\u00bb custom_margin=\u00bb0px||0px||true|false\u00bb custom_padding=\u00bb0px||0px||true|false\u00bb global_colors_info=\u00bb{}\u00bb theme_builder_area=\u00bbpost_content\u00bb][et_pb_column type=\u00bb4_4&#8243; _builder_version=\u00bb4.21.0&#8243; _module_preset=\u00bbdefault\u00bb global_colors_info=\u00bb{}\u00bb theme_builder_area=\u00bbpost_content\u00bb][et_pb_image src=\u00bbhttps:\/\/akeron.gr\/wp-content\/uploads\/2025\/04\/banner_EN-3.jpg\u00bb alt=\u00bbbanner_EL (2)\u00bb title_text=\u00bbbanner_EN (3)\u00bb url=\u00bbhttps:\/\/akeron.gr\/wp-content\/uploads\/2025\/02\/poster_A3_\u0392\u03a8\u039c.pdf\u00bb _builder_version=\u00bb4.27.4&#8243; _dynamic_attributes=\u00bburl\u00bb _module_preset=\u00bbdefault\u00bb custom_margin=\u00bb0px||0px||true|false\u00bb custom_padding=\u00bb0px||0px||true|false\u00bb hover_enabled=\u00bb0&#8243; global_colors_info=\u00bb{}\u00bb theme_builder_area=\u00bbpost_content\u00bb sticky_enabled=\u00bb0&#8243;][\/et_pb_image][\/et_pb_column][\/et_pb_row][\/et_pb_section][et_pb_section fb_built=\u00bb1&#8243; _builder_version=\u00bb4.22.1&#8243; _module_preset=\u00bbdefault\u00bb background_image=\u00bbhttps:\/\/akeron.gr\/wp-content\/uploads\/2023\/09\/home-hero-bg.jpg\u00bb custom_padding=\u00bb80px||||false|false\u00bb global_colors_info=\u00bb{}\u00bb][et_pb_row _builder_version=\u00bb4.21.0&#8243; _module_preset=\u00bbdefault\u00bb custom_padding=\u00bb10px||10px||true|false\u00bb global_colors_info=\u00bb{}\u00bb][et_pb_column type=\u00bb4_4&#8243; _builder_version=\u00bb4.21.0&#8243; _module_preset=\u00bbdefault\u00bb global_colors_info=\u00bb{}\u00bb][et_pb_image src=\u00bbhttps:\/\/akeron.gr\/wp-content\/uploads\/2025\/02\/Akeron-Homepage-TextSp-25.2.25-1.png\u00bb title_text=\u00bbAkeron \u2013 Homepage \u2013 Text(Sp 2)(5.2.25)\u00bb _builder_version=\u00bb4.27.4&#8243; _module_preset=\u00bbdefault\u00bb positioning=\u00bbrelative\u00bb horizontal_offset=\u00bb350px\u00bb horizontal_offset_tablet=\u00bb15px\u00bb horizontal_offset_phone=\u00bb4px\u00bb horizontal_offset_last_edited=\u00bbon|tablet\u00bb custom_margin_tablet=\u00bb||||false|false\u00bb custom_margin_phone=\u00bb||||false|false\u00bb custom_margin_last_edited=\u00bbon|tablet\u00bb global_colors_info=\u00bb{}\u00bb][\/et_pb_image][\/et_pb_column][\/et_pb_row][\/et_pb_section][et_pb_section fb_built=\u00bb1&#8243; custom_padding_last_edited=\u00bboff|tablet\u00bb disabled_on=\u00bboff|off|on\u00bb admin_label=\u00bb\u0395\u03a3\u03a0\u0391 2&#8243; module_id=\u00bbespa-banner-section-2&#8243; module_class=\u00bbfreddie_nevermore_blurbs\u00bb _builder_version=\u00bb4.27.4&#8243; background_color=\u00bb#FFFFFF\u00bb custom_padding=\u00bb0px||0px||true|false\u00bb z_index_tablet=\u00bb500&#8243; custom_css_main_element=\u00bb counter-reset: section;\u00bb box_shadow_horizontal_tablet=\u00bb0px\u00bb box_shadow_vertical_tablet=\u00bb0px\u00bb box_shadow_blur_tablet=\u00bb40px\u00bb box_shadow_spread_tablet=\u00bb0px\u00bb global_colors_info=\u00bb{}\u00bb theme_builder_area=\u00bbpost_content\u00bb][et_pb_row _builder_version=\u00bb4.27.4&#8243; _module_preset=\u00bbdefault\u00bb width=\u00bb70%\u00bb module_alignment=\u00bbcenter\u00bb custom_margin=\u00bb0px||0px||true|false\u00bb custom_padding=\u00bb0px||0px||true|false\u00bb global_colors_info=\u00bb{}\u00bb theme_builder_area=\u00bbpost_content\u00bb][et_pb_column type=\u00bb4_4&#8243; _builder_version=\u00bb4.21.0&#8243; _module_preset=\u00bbdefault\u00bb global_colors_info=\u00bb{}\u00bb theme_builder_area=\u00bbpost_content\u00bb][et_pb_image src=\u00bbhttps:\/\/akeron.gr\/wp-content\/uploads\/2025\/04\/banner_EN-3.jpg\u00bb alt=\u00bbbanner_EL (2)\u00bb title_text=\u00bbbanner_EN (3)\u00bb url=\u00bbhttps:\/\/akeron.gr\/wp-content\/uploads\/2025\/02\/poster_A3_\u0392\u03a8\u039c.pdf\u00bb _builder_version=\u00bb4.27.4&#8243; _dynamic_attributes=\u00bburl\u00bb _module_preset=\u00bbdefault\u00bb custom_margin=\u00bb0px||0px||true|false\u00bb custom_padding=\u00bb0px||0px||true|false\u00bb hover_enabled=\u00bb0&#8243; global_colors_info=\u00bb{}\u00bb theme_builder_area=\u00bbpost_content\u00bb sticky_enabled=\u00bb0&#8243;][\/et_pb_image][\/et_pb_column][\/et_pb_row][\/et_pb_section][et_pb_section fb_built=\u00bb1&#8243; custom_padding_last_edited=\u00bbon|tablet\u00bb admin_label=\u00bbNevermore Blurbs &#8211; Freddie\u00bb module_class=\u00bbfreddie_nevermore_blurbs\u00bb _builder_version=\u00bb4.21.0&#8243; background_color=\u00bb#EDF1F7&#8243; custom_padding=\u00bb47px||0px\u00bb custom_padding_tablet=\u00bb0px||\u00bb custom_padding_phone=\u00bb\u00bb z_index_tablet=\u00bb500&#8243; custom_css_main_element=\u00bb counter-reset: section;\u00bb box_shadow_horizontal_tablet=\u00bb0px\u00bb box_shadow_vertical_tablet=\u00bb0px\u00bb box_shadow_blur_tablet=\u00bb40px\u00bb box_shadow_spread_tablet=\u00bb0px\u00bb global_colors_info=\u00bb{}\u00bb][et_pb_row _builder_version=\u00bb4.21.0&#8243; _module_preset=\u00bbdefault\u00bb global_colors_info=\u00bb{}\u00bb][et_pb_column type=\u00bb4_4&#8243; _builder_version=\u00bb4.21.0&#8243; _module_preset=\u00bbdefault\u00bb global_colors_info=\u00bb{}\u00bb][et_pb_text _builder_version=\u00bb4.27.4&#8243; _module_preset=\u00bbdefault\u00bb text_font=\u00bb||||||||\u00bb text_font_size=\u00bb18px\u00bb text_orientation=\u00bbcenter\u00bb max_width=\u00bb720px\u00bb module_alignment=\u00bbcenter\u00bb animation_style=\u00bbslide\u00bb animation_direction=\u00bbbottom\u00bb text_font_size_tablet=\u00bb20px\u00bb text_font_size_phone=\u00bb18px\u00bb text_font_size_last_edited=\u00bboff|desktop\u00bb global_colors_info=\u00bb{}\u00bb]<\/p>\n<p><span style=\"font-weight: 400;\">Gkiolekas Insurance Solutions es un l\u00edder en corretaje de seguros en la amplia regi\u00f3n del norte de Grecia. Con un punto de partida en los seguros de cr\u00e9dito, la empresa ha establecido su presencia en otros sectores de seguros empresariales. Ofrecemos los servicios m\u00e1s avanzados de seguros y gesti\u00f3n de riesgos a empresas que operan en el turismo, alimentaci\u00f3n, construcci\u00f3n, tecnolog\u00eda y otras industrias.<\/span><\/p>\n<p>[\/et_pb_text][et_pb_divider color=\u00bb#000000&#8243; _builder_version=\u00bb4.22.2&#8243; _module_preset=\u00bbdefault\u00bb width=\u00bb30%\u00bb module_alignment=\u00bbcenter\u00bb global_colors_info=\u00bb{}\u00bb][\/et_pb_divider][\/et_pb_column][\/et_pb_row][\/et_pb_section][et_pb_section fb_built=\u00bb1&#8243; _builder_version=\u00bb4.22.1&#8243; _module_preset=\u00bbdefault\u00bb custom_padding=\u00bb40px||40px||true|false\u00bb global_colors_info=\u00bb{}\u00bb][et_pb_row column_structure=\u00bb1_2,1_2&#8243; use_custom_gutter=\u00bbon\u00bb gutter_width=\u00bb2&#8243; make_equal=\u00bbon\u00bb _builder_version=\u00bb4.21.0&#8243; _module_preset=\u00bbdefault\u00bb global_colors_info=\u00bb{}\u00bb][et_pb_column type=\u00bb1_2&#8243; _builder_version=\u00bb4.21.0&#8243; _module_preset=\u00bbdefault\u00bb global_colors_info=\u00bb{}\u00bb][et_pb_image src=\u00bbhttps:\/\/akeron.gr\/wp-content\/uploads\/2024\/01\/Diafora-12xNew.png\u00bb alt=\u00bb\u039c\u03b5\u03c4\u03b1\u03bb\u03bb\u03b9\u03ba\u03ae \u03ba\u03b1\u03c4\u03b1\u03c3\u03ba\u03b5\u03c5\u03ae \u03bc\u03bf\u03bd\u03c4\u03ad\u03c1\u03bd\u03b1 \u03c3\u03b5 \u03bb\u03b5\u03c5\u03ba\u03cc \u03c7\u03c1\u03ce\u03bc\u03b1, \u03bc\u03b5 \u03bb\u03b5\u03c5\u03ba\u03cc \u03bf\u03c5\u03c1\u03b1\u03bd\u03cc.\u00bb title_text=\u00bbDiafora- 1(2x)(New)\u00bb _builder_version=\u00bb4.22.2&#8243; _module_preset=\u00bbdefault\u00bb global_colors_info=\u00bb{}\u00bb][\/et_pb_image][\/et_pb_column][et_pb_column type=\u00bb1_2&#8243; _builder_version=\u00bb4.21.0&#8243; _module_preset=\u00bbdefault\u00bb custom_css_main_element=\u00bbmargin: auto;\u00bb global_colors_info=\u00bb{}\u00bb][et_pb_text _builder_version=\u00bb4.25.2&#8243; _module_preset=\u00bbdefault\u00bb header_2_font=\u00bbAnak Book||||||||\u00bb custom_margin=\u00bb||20px||false|false\u00bb animation_style=\u00bbslide\u00bb animation_direction=\u00bbbottom\u00bb custom_css_before=\u00bbcontent : url(https:\/\/akeron.gr\/wp-content\/uploads\/2023\/08\/logo-line.png);|| \/*font-family: %22ETmodules%22!important;|| font-weight: 400;|| font-size: 16px!important;|| color: #394F5A;*\/||position: absolute;||left: 0;||transform: scale(.5);||top: -22px;\u00bb custom_css_main_element=\u00bbpadding-left: 46px;\u00bb global_colors_info=\u00bb{}\u00bb]<\/p>\n<p>NUESTROS VALORES<\/p>\n<p>[\/et_pb_text][et_pb_text _builder_version=\u00bb4.25.2&#8243; _module_preset=\u00bbdefault\u00bb text_font_size=\u00bb20px\u00bb text_line_height=\u00bb30px\u00bb background_enable_color=\u00bboff\u00bb background_image=\u00bbhttps:\/\/akeron.gr\/wp-content\/uploads\/2023\/08\/logo-line-large.png\u00bb background_size=\u00bbcontain\u00bb custom_margin=\u00bb||||false|false\u00bb locked=\u00bboff\u00bb global_colors_info=\u00bb{}\u00bb]<\/p>\n<p>El enfoque centrado en el cliente y la prestaci\u00f3n de servicios de seguros de alta calidad son lo que distingue a Gkiolekas Insurance Solutions. Estos dos elementos, junto con la \u00e9tica, la responsabilidad y la honestidad, est\u00e1n en el ADN empresarial de la compa\u00f1\u00eda.<\/p>\n<p>[\/et_pb_text][et_pb_button button_url=\u00bb@ET-DC@eyJkeW5hbWljIjp0cnVlLCJjb250ZW50IjoicG9zdF9saW5rX3VybF9wYWdlIiwic2V0dGluZ3MiOnsicG9zdF9pZCI6IjM1ODcwNyJ9fQ==@\u00bb button_text=\u00bbVer m\u00e1s\u00bb admin_label=\u00bbLiar Button &#8211; Freddie\u00bb module_class=\u00bbfreddie_button_liar\u00bb _builder_version=\u00bb4.25.2&#8243; _dynamic_attributes=\u00bbbutton_url\u00bb custom_button=\u00bbon\u00bb button_text_size=\u00bb16px\u00bb button_text_color=\u00bb#394F5A\u00bb button_bg_color=\u00bbrgba(255,255,255,0)\u00bb button_border_width=\u00bb0px\u00bb button_border_color=\u00bb#394F5A\u00bb button_border_radius=\u00bb0px\u00bb button_font=\u00bbAnak Medium||||||||\u00bb button_icon=\u00bb&#x35;||divi||400&#8243; button_icon_color=\u00bb#394F5A\u00bb button_on_hover=\u00bboff\u00bb custom_margin=\u00bb|26px||\u00bb custom_padding=\u00bb0px|0px|0px|0px\u00bb z_index_tablet=\u00bb500&#8243; custom_css_main_element=\u00bbtransition: 0s !important;\u00bb custom_css_after=\u00bb position: absolute !important;|| display: block !important;|| margin: 0 !important;|| top: 50%;|| opacity: 0.2 !important;|| transform: translate(0,-50%);|| right: -28px;|| font-size: 30px !important;\u00bb saved_tabs=\u00bball\u00bb global_colors_info=\u00bb{}\u00bb][\/et_pb_button][\/et_pb_column][\/et_pb_row][\/et_pb_section]<\/p>\n","protected":false},"excerpt":{"rendered":"<p>Gkiolekas Insurance Solutions es un l\u00edder en corretaje de seguros en la amplia regi\u00f3n del norte de Grecia. Con un punto de partida en los seguros de cr\u00e9dito, la empresa ha establecido su presencia en otros sectores de seguros empresariales. Ofrecemos los servicios m\u00e1s avanzados de seguros y gesti\u00f3n de riesgos a empresas que operan en el turismo, alimentaci\u00f3n, construcci\u00f3n, tecnolog\u00eda y otras industrias.NUESTROS VALORES El enfoque centrado en el cliente y la prestaci\u00f3n de servicios de seguros de alta calidad son lo que distingue a Gkiolekas Insurance Solutions. Estos dos elementos, junto con la \u00e9tica, la responsabilidad y la honestidad, est\u00e1n en el ADN empresarial de la compa\u00f1\u00eda.<\/p>\n","protected":false},"author":1,"featured_media":0,"parent":0,"menu_order":0,"comment_status":"closed","ping_status":"closed","template":"","meta":{"_seopress_robots_primary_cat":"","_seopress_titles_title":"Gkiolekas Insurance Solutions","_seopress_titles_desc":"","_seopress_robots_index":"","_et_pb_use_builder":"on","_et_pb_old_content":"","_et_gb_content_width":"","footnotes":""},"class_list":["post-363100","page","type-page","status-publish","hentry"],"_links":{"self":[{"href":"https:\/\/akeron.gr\/es\/wp-json\/wp\/v2\/pages\/363100","targetHints":{"allow":["GET"]}}],"collection":[{"href":"https:\/\/akeron.gr\/es\/wp-json\/wp\/v2\/pages"}],"about":[{"href":"https:\/\/akeron.gr\/es\/wp-json\/wp\/v2\/types\/page"}],"author":[{"embeddable":true,"href":"https:\/\/akeron.gr\/es\/wp-json\/wp\/v2\/users\/1"}],"replies":[{"embeddable":true,"href":"https:\/\/akeron.gr\/es\/wp-json\/wp\/v2\/comments?post=363100"}],"version-history":[{"count":9,"href":"https:\/\/akeron.gr\/es\/wp-json\/wp\/v2\/pages\/363100\/revisions"}],"predecessor-version":[{"id":364838,"href":"https:\/\/akeron.gr\/es\/wp-json\/wp\/v2\/pages\/363100\/revisions\/364838"}],"wp:attachment":[{"href":"https:\/\/akeron.gr\/es\/wp-json\/wp\/v2\/media?parent=363100"}],"curies":[{"name":"wp","href":"https:\/\/api.w.org\/{rel}","templated":true}]}}