{"id":363127,"date":"2023-09-15T18:06:32","date_gmt":"2023-09-15T15:06:32","guid":{"rendered":"https:\/\/akeron.gr\/servicios\/"},"modified":"2025-02-21T15:29:31","modified_gmt":"2025-02-21T13:29:31","slug":"servicios","status":"publish","type":"page","link":"https:\/\/akeron.gr\/es\/servicios\/","title":{"rendered":"Servicios"},"content":{"rendered":"<p>[et_pb_section fb_built=\u00bb1&#8243; custom_padding_last_edited=\u00bbon|phone\u00bb _builder_version=\u00bb4.22.2&#8243; _module_preset=\u00bbdefault\u00bb background_image=\u00bbhttps:\/\/akeron.gr\/wp-content\/uploads\/2023\/11\/Ypiresies-Geniki-Hero-Image1x.png\u00bb custom_padding=\u00bb12vw||12vw||true|false\u00bb custom_padding_tablet=\u00bb12vw||12vw||true|false\u00bb custom_padding_phone=\u00bb19vw||19vw||true|false\u00bb global_colors_info=\u00bb{}\u00bb][et_pb_row _builder_version=\u00bb4.21.0&#8243; _module_preset=\u00bbdefault\u00bb global_colors_info=\u00bb{}\u00bb][et_pb_column type=\u00bb4_4&#8243; _builder_version=\u00bb4.21.0&#8243; _module_preset=\u00bbdefault\u00bb global_colors_info=\u00bb{}\u00bb][et_pb_text _builder_version=\u00bb4.25.1&#8243; _module_preset=\u00bbdefault\u00bb header_font=\u00bbAnak Book||||||||\u00bb header_font_size=\u00bb50px\u00bb background_image=\u00bbhttps:\/\/akeron.gr\/wp-content\/uploads\/2023\/08\/logo-line-large.png\u00bb background_size=\u00bbcontain\u00bb text_orientation=\u00bbcenter\u00bb custom_margin=\u00bb||5px||false|false\u00bb custom_padding=\u00bb40px||40px||true|false\u00bb header_font_size_tablet=\u00bb40px\u00bb header_font_size_phone=\u00bb30px\u00bb header_font_size_last_edited=\u00bbon|phone\u00bb global_colors_info=\u00bb{}\u00bb]<\/p>\n<h1>Soluciones y Servicios de Seguros<\/h1>\n<p>[\/et_pb_text][\/et_pb_column][\/et_pb_row][\/et_pb_section][et_pb_section fb_built=\u00bb1&#8243; _builder_version=\u00bb4.21.0&#8243; _module_preset=\u00bbdefault\u00bb custom_padding=\u00bb40px||40px||true|false\u00bb global_colors_info=\u00bb{}\u00bb][et_pb_row column_structure=\u00bb2_3,1_3&#8243; use_custom_gutter=\u00bbon\u00bb gutter_width=\u00bb2&#8243; make_equal=\u00bbon\u00bb _builder_version=\u00bb4.21.0&#8243; _module_preset=\u00bbdefault\u00bb global_colors_info=\u00bb{}\u00bb][et_pb_column type=\u00bb2_3&#8243; _builder_version=\u00bb4.21.0&#8243; _module_preset=\u00bbdefault\u00bb global_colors_info=\u00bb{}\u00bb][et_pb_text _builder_version=\u00bb4.27.4&#8243; _module_preset=\u00bbdefault\u00bb locked=\u00bboff\u00bb global_colors_info=\u00bb{}\u00bb]<\/p>\n<p><span style=\"font-weight: 400;\">Gkiolekas Insurance Solutions\u00a0 ofrece soluciones integrales de seguros que cubren las necesidades de su negocio. Ya sea para peque\u00f1as empresas o grandes organizaciones, pueden dise\u00f1ar los programas adecuados aprovechando su experiencia y conocimientos.<\/span><\/p>\n<p><span style=\"font-weight: 400;\">Con la cobertura de seguro adecuada, cualquier empresa puede centrarse en su crecimiento, con seguridad y confianza.\u00a0 Gkiolekas Insurance Solutions\u00a0 ofrece sus servicios especializados en mercados y sectores como:<\/span><\/p>\n<p>[\/et_pb_text][\/et_pb_column][et_pb_column type=\u00bb1_3&#8243; _builder_version=\u00bb4.21.0&#8243; _module_preset=\u00bbdefault\u00bb custom_css_main_element=\u00bbmargin: auto;\u00bb global_colors_info=\u00bb{}\u00bb][et_pb_text _builder_version=\u00bb4.27.4&#8243; _module_preset=\u00bbdefault\u00bb text_font_size=\u00bb20px\u00bb text_line_height=\u00bb30px\u00bb background_enable_color=\u00bboff\u00bb background_image=\u00bbhttps:\/\/akeron.gr\/wp-content\/uploads\/2023\/09\/logo-line-large-light.png\u00bb background_size=\u00bbcustom\u00bb background_image_width=\u00bb25%\u00bb custom_margin=\u00bb||||false|false\u00bb hover_enabled=\u00bb0&#8243; global_colors_info=\u00bb{}\u00bb sticky_enabled=\u00bb0&#8243;]<\/p>\n<p style=\"text-align: center;\"><span style=\"font-size: 22px; line-height: 34px;\"><strong>Sectores de Actividad<\/strong><\/span><br \/>Construcci\u00f3n<br \/>Energ\u00eda<br \/>Salud<br \/>Tecnolog\u00eda<br \/>Transporte<\/p>\n<p>[\/et_pb_text][\/et_pb_column][\/et_pb_row][\/et_pb_section][et_pb_section fb_built=\u00bb1&#8243; _builder_version=\u00bb4.22.1&#8243; _module_preset=\u00bbdefault\u00bb background_color=\u00bb#FAFAFA\u00bb background_enable_image=\u00bboff\u00bb custom_padding=\u00bb50px||50px||true|false\u00bb global_colors_info=\u00bb{}\u00bb][et_pb_row _builder_version=\u00bb4.22.2&#8243; _module_preset=\u00bbdefault\u00bb global_colors_info=\u00bb{}\u00bb][et_pb_column type=\u00bb4_4&#8243; _builder_version=\u00bb4.22.2&#8243; _module_preset=\u00bbdefault\u00bb global_colors_info=\u00bb{}\u00bb][et_pb_text content_tablet=\u00bb<\/p>\n<h2 style=%22text-align: center;%22>SECTORES DE ACTIVIDAD<\/h2>\n<p>\u00bb content_phone=\u00bb<\/p>\n<h2 style=%22text-align: center;%22>SECTORES DE ACTIVIDAD<\/h2>\n<p>\u00bb content_last_edited=\u00bboff|desktop\u00bb _builder_version=\u00bb4.22.2&#8243; _module_preset=\u00bbdefault\u00bb header_2_font=\u00bbAnak Medium||||||||\u00bb header_2_font_size=\u00bb22px\u00bb custom_margin=\u00bb||10px||false|false\u00bb module_alignment_tablet=\u00bbcenter\u00bb module_alignment_phone=\u00bbcenter\u00bb module_alignment_last_edited=\u00bbon|tablet\u00bb locked=\u00bboff\u00bb global_colors_info=\u00bb{}\u00bb]<\/p>\n<h3>SERVICIOS<\/h3>\n<p>[\/et_pb_text][\/et_pb_column][\/et_pb_row][et_pb_row column_structure=\u00bb1_4,1_4,1_4,1_4&#8243; use_custom_gutter=\u00bbon\u00bb gutter_width=\u00bb2&#8243; _builder_version=\u00bb4.22.1&#8243; width=\u00bb90%\u00bb custom_padding=\u00bb20px||||false|false\u00bb locked=\u00bboff\u00bb global_colors_info=\u00bb{}\u00bb][et_pb_column type=\u00bb1_4&#8243; _builder_version=\u00bb4.16&#8243; custom_padding=\u00bb|||\u00bb global_colors_info=\u00bb{}\u00bb custom_padding__hover=\u00bb|||\u00bb][et_pb_blurb title=\u00bbSEGURO DE CR\u00c9DITO\u00bb image=\u00bbhttps:\/\/akeron.gr\/wp-content\/uploads\/2023\/09\/ypiresies-asfalisi-pistoseon.jpg\u00bb content_max_width=\u00bb100%\u00bb image_last_edited=\u00bboff|desktop\u00bb admin_label=\u00bbNevermore Blurbs &#8211; Freddie &#8211; Blurb\u00bb module_class=\u00bbservice-blurb\u00bb _builder_version=\u00bb4.22.2&#8243; _dynamic_attributes=\u00bblink_option_url\u00bb header_level=\u00bbh3&#8243; header_font=\u00bbAnak Book||||||||\u00bb header_font_size=\u00bb18px\u00bb body_font=\u00bb||||||||\u00bb custom_margin=\u00bb||0px\u00bb link_option_url=\u00bb@ET-DC@eyJkeW5hbWljIjp0cnVlLCJjb250ZW50IjoicG9zdF9saW5rX3VybF9wYWdlIiwic2V0dGluZ3MiOnsicG9zdF9pZCI6IjI0Nzk4OSJ9fQ==@\u00bb z_index_tablet=\u00bb500&#8243; custom_css_before=\u00bb    content: %2201%22;||    font-size: 60px;||    display: block;||    vertical-align: middle;||    line-height: 100%;||    font-weight: 400;||    margin-bottom: 34px!important;||     font-family: &#8216;Anak Bold&#8217;,Helvetica,Arial,Lucida,sans-serif;||    -webkit-transition: all 0.5s ease-in-out;||    -moz-transition: all 0.5s ease-in-out;||    transition: all 0.5s ease-in-out;||color: #394F5A !important;\u00bb custom_css_after=\u00bbcontent : url(https:\/\/akeron.gr\/wp-content\/uploads\/2023\/08\/logo-line.png);||    \/*font-family: %22ETmodules%22!important;||    font-weight: 400;||    font-size: 16px!important;||    color: #394F5A;*\/||\t\ttransform: scale(.7);||    position: absolute;||    right: 28px;||    top: -6px;||    \/*transform-origin: right bottom;||    transform: rotate(-90deg);||    line-height: 100%;*\/\u00bb custom_css_blurb_image=\u00bb    margin-bottom: 20px;\u00bb custom_css_blurb_title=\u00bbfont-weight: 400 !important;||    width: 96%;\u00bb global_colors_info=\u00bb{}\u00bb image__hover_enabled=\u00bboff|desktop\u00bb border_radii_image__hover_enabled=\u00bbon|hover\u00bb border_radii_image__hover=\u00bbon||||\u00bb][\/et_pb_blurb][\/et_pb_column][et_pb_column type=\u00bb1_4&#8243; _builder_version=\u00bb4.16&#8243; custom_padding=\u00bb|||\u00bb global_colors_info=\u00bb{}\u00bb custom_padding__hover=\u00bb|||\u00bb][et_pb_blurb title=\u00bbSEGURO DE GARANT\u00cdAS\u00bb image=\u00bbhttps:\/\/akeron.gr\/wp-content\/uploads\/2023\/09\/ypiresies-asfalisi-eggiiseon.jpg\u00bb content_max_width=\u00bb100%\u00bb admin_label=\u00bbNevermore Blurbs &#8211; Freddie &#8211; Blurb\u00bb module_class=\u00bbservice-blurb\u00bb _builder_version=\u00bb4.22.2&#8243; _dynamic_attributes=\u00bblink_option_url\u00bb header_level=\u00bbh3&#8243; header_font=\u00bbAnak Book||||||||\u00bb header_font_size=\u00bb18px\u00bb body_font=\u00bb||||||||\u00bb custom_margin=\u00bb||0px\u00bb link_option_url=\u00bb@ET-DC@eyJkeW5hbWljIjp0cnVlLCJjb250ZW50IjoicG9zdF9saW5rX3VybF9wYWdlIiwic2V0dGluZ3MiOnsicG9zdF9pZCI6IjM1ODE0OSJ9fQ==@\u00bb z_index_tablet=\u00bb500&#8243; custom_css_before=\u00bb    content: %2202%22;||    font-size: 60px;||    display: block;||    vertical-align: middle;||    line-height: 100%;||    font-weight: 400;||    margin-bottom: 34px!important;||     font-family: &#8216;Anak Bold&#8217;,Helvetica,Arial,Lucida,sans-serif;||    -webkit-transition: all 0.5s ease-in-out;||    -moz-transition: all 0.5s ease-in-out;||    transition: all 0.5s ease-in-out;||color: #394F5A !important;\u00bb custom_css_after=\u00bbcontent : url(https:\/\/akeron.gr\/wp-content\/uploads\/2023\/08\/logo-line.png);||    \/*font-family: %22ETmodules%22!important;||    font-weight: 400;||    font-size: 16px!important;||    color: #394F5A;*\/||\t\ttransform: scale(.7);||    position: absolute;||    right: 28px;||    top: -6px;||    \/*transform-origin: right bottom;||    transform: rotate(-90deg);||    line-height: 100%;*\/\u00bb custom_css_blurb_image=\u00bb    margin-bottom: 20px;\u00bb custom_css_blurb_title=\u00bbfont-weight: 400 !important;||    width: 96%;\u00bb locked=\u00bboff\u00bb global_colors_info=\u00bb{}\u00bb][\/et_pb_blurb][\/et_pb_column][et_pb_column type=\u00bb1_4&#8243; _builder_version=\u00bb4.16&#8243; custom_padding=\u00bb|||\u00bb global_colors_info=\u00bb{}\u00bb custom_padding__hover=\u00bb|||\u00bb][et_pb_blurb title=\u00bbSEGURO DE RIESGOS CIBERN\u00c9TICOS\u00bb image=\u00bbhttps:\/\/akeron.gr\/wp-content\/uploads\/2023\/09\/ypiresies-asfalisi-diadiktyakon-kindynon.jpg\u00bb content_max_width=\u00bb100%\u00bb admin_label=\u00bbNevermore Blurbs &#8211; Freddie &#8211; Blurb\u00bb module_class=\u00bbservice-blurb\u00bb _builder_version=\u00bb4.25.2&#8243; _dynamic_attributes=\u00bblink_option_url\u00bb header_level=\u00bbh3&#8243; header_font=\u00bbAnak Book||||||||\u00bb header_font_size=\u00bb18px\u00bb body_font=\u00bb||||||||\u00bb custom_margin=\u00bb||0px\u00bb link_option_url=\u00bb@ET-DC@eyJkeW5hbWljIjp0cnVlLCJjb250ZW50IjoicG9zdF9saW5rX3VybF9wYWdlIiwic2V0dGluZ3MiOnsicG9zdF9pZCI6IjM1ODE1MSJ9fQ==@\u00bb z_index_tablet=\u00bb500&#8243; custom_css_before=\u00bb    content: %2203%22;||    font-size: 60px;||    display: block;||    vertical-align: middle;||    line-height: 100%;||    font-weight: 400;||    margin-bottom: 34px!important;||     font-family: &#8216;Anak Bold&#8217;,Helvetica,Arial,Lucida,sans-serif;||    -webkit-transition: all 0.5s ease-in-out;||    -moz-transition: all 0.5s ease-in-out;||    transition: all 0.5s ease-in-out;||color: #394F5A !important;\u00bb custom_css_after=\u00bbcontent : url(https:\/\/akeron.gr\/wp-content\/uploads\/2023\/08\/logo-line.png);||    \/*font-family: %22ETmodules%22!important;||    font-weight: 400;||    font-size: 16px!important;||    color: #394F5A;*\/||\t\ttransform: scale(.7);||    position: absolute;||    right: 28px;||    top: -6px;||    \/*transform-origin: right bottom;||    transform: rotate(-90deg);||    line-height: 100%;*\/\u00bb custom_css_blurb_image=\u00bb    margin-bottom: 20px;\u00bb custom_css_blurb_title=\u00bbfont-weight: 400 !important;||    width: 96%;\u00bb global_colors_info=\u00bb{}\u00bb][\/et_pb_blurb][\/et_pb_column][et_pb_column type=\u00bb1_4&#8243; _builder_version=\u00bb4.16&#8243; custom_padding=\u00bb|||\u00bb global_colors_info=\u00bb{}\u00bb custom_padding__hover=\u00bb|||\u00bb][et_pb_blurb title=\u00bbSEGURO COLECTIVO DE EMPLEADOS\u00bb image=\u00bbhttps:\/\/akeron.gr\/wp-content\/uploads\/2024\/01\/Ypiresies-Geniki-71xNew.png\u00bb content_max_width=\u00bb100%\u00bb admin_label=\u00bbNevermore Blurbs &#8211; Freddie &#8211; Blurb\u00bb module_class=\u00bbservice-blurb\u00bb _builder_version=\u00bb4.25.2&#8243; _dynamic_attributes=\u00bblink_option_url\u00bb header_level=\u00bbh3&#8243; header_font=\u00bbAnak Book||||||||\u00bb header_font_size=\u00bb18px\u00bb body_font=\u00bb||||||||\u00bb custom_margin=\u00bb||0px\u00bb link_option_url=\u00bb@ET-DC@eyJkeW5hbWljIjp0cnVlLCJjb250ZW50IjoicG9zdF9saW5rX3VybF9wYWdlIiwic2V0dGluZ3MiOnsicG9zdF9pZCI6IjM1ODE1NSJ9fQ==@\u00bb z_index_tablet=\u00bb500&#8243; custom_css_before=\u00bb    content: %2204%22;||    font-size: 60px;||    display: block;||    vertical-align: middle;||    line-height: 100%;||    font-weight: 400;||    margin-bottom: 34px!important;||     font-family: &#8216;Anak Bold&#8217;,Helvetica,Arial,Lucida,sans-serif;||    -webkit-transition: all 0.5s ease-in-out;||    -moz-transition: all 0.5s ease-in-out;||    transition: all 0.5s ease-in-out;||color: #394F5A !important;\u00bb custom_css_after=\u00bbcontent : url(https:\/\/akeron.gr\/wp-content\/uploads\/2023\/08\/logo-line.png);||    \/*font-family: %22ETmodules%22!important;||    font-weight: 400;||    font-size: 16px!important;||    color: #394F5A;*\/||\t\ttransform: scale(.7);||    position: absolute;||    right: 28px;||    top: -6px;||    \/*transform-origin: right bottom;||    transform: rotate(-90deg);||    line-height: 100%;*\/\u00bb custom_css_blurb_image=\u00bb    margin-bottom: 20px;\u00bb custom_css_blurb_title=\u00bbfont-weight: 400 !important;||    width: 96%;\u00bb locked=\u00bboff\u00bb global_colors_info=\u00bb{}\u00bb][\/et_pb_blurb][\/et_pb_column][\/et_pb_row][et_pb_row column_structure=\u00bb1_4,1_4,1_4,1_4&#8243; use_custom_gutter=\u00bbon\u00bb gutter_width=\u00bb2&#8243; _builder_version=\u00bb4.22.1&#8243; width=\u00bb90%\u00bb custom_padding=\u00bb20px||||false|false\u00bb locked=\u00bboff\u00bb global_colors_info=\u00bb{}\u00bb][et_pb_column type=\u00bb1_4&#8243; _builder_version=\u00bb4.16&#8243; custom_padding=\u00bb|||\u00bb global_colors_info=\u00bb{}\u00bb custom_padding__hover=\u00bb|||\u00bb][et_pb_blurb title=\u00bbSEGURO DE OBRAS DE INGENIER\u00cdA Y UNIDADES DE PRODUCCI\u00d3N DE ENERG\u00cdA\u00bb image=\u00bbhttps:\/\/akeron.gr\/wp-content\/uploads\/2023\/09\/ypiresies-asfalisi-texnikon-ergon.jpg\u00bb content_max_width=\u00bb100%\u00bb admin_label=\u00bbNevermore Blurbs &#8211; Freddie &#8211; Blurb\u00bb module_class=\u00bbservice-blurb\u00bb _builder_version=\u00bb4.25.2&#8243; _dynamic_attributes=\u00bblink_option_url\u00bb header_level=\u00bbh3&#8243; header_font=\u00bbAnak Book||||||||\u00bb header_font_size=\u00bb18px\u00bb body_font=\u00bb||||||||\u00bb custom_margin=\u00bb||0px\u00bb link_option_url=\u00bb@ET-DC@eyJkeW5hbWljIjp0cnVlLCJjb250ZW50IjoicG9zdF9saW5rX3VybF9wYWdlIiwic2V0dGluZ3MiOnsicG9zdF9pZCI6IjM1ODE2MSJ9fQ==@\u00bb z_index_tablet=\u00bb500&#8243; custom_css_before=\u00bb    content: %2205%22;||    font-size: 60px;||    display: block;||    vertical-align: middle;||    line-height: 100%;||    font-weight: 400;||    margin-bottom: 34px!important;||     font-family: &#8216;Anak Bold&#8217;,Helvetica,Arial,Lucida,sans-serif;||    -webkit-transition: all 0.5s ease-in-out;||    -moz-transition: all 0.5s ease-in-out;||    transition: all 0.5s ease-in-out;||color: #394F5A !important;\u00bb custom_css_after=\u00bbcontent : url(https:\/\/akeron.gr\/wp-content\/uploads\/2023\/08\/logo-line.png);||    \/*font-family: %22ETmodules%22!important;||    font-weight: 400;||    font-size: 16px!important;||    color: #394F5A;*\/||\t\ttransform: scale(.7);||    position: absolute;||    right: 28px;||    top: -6px;||    \/*transform-origin: right bottom;||    transform: rotate(-90deg);||    line-height: 100%;*\/\u00bb custom_css_blurb_image=\u00bb    margin-bottom: 20px;\u00bb custom_css_blurb_title=\u00bbfont-weight: 400 !important;||    width: 96%;\u00bb global_colors_info=\u00bb{}\u00bb][\/et_pb_blurb][\/et_pb_column][et_pb_column type=\u00bb1_4&#8243; _builder_version=\u00bb4.16&#8243; custom_padding=\u00bb|||\u00bb global_colors_info=\u00bb{}\u00bb custom_padding__hover=\u00bb|||\u00bb][et_pb_blurb title=\u00bbSEGURO DE PROPIEDAD\u00bb image=\u00bbhttps:\/\/akeron.gr\/wp-content\/uploads\/2024\/10\/Ypiresies-Periousies-2x.jpg\u00bb content_max_width=\u00bb100%\u00bb admin_label=\u00bbNevermore Blurbs &#8211; Freddie &#8211; Blurb\u00bb module_class=\u00bbservice-blurb\u00bb _builder_version=\u00bb4.25.2&#8243; _dynamic_attributes=\u00bblink_option_url\u00bb header_level=\u00bbh3&#8243; header_font=\u00bbAnak Book||||||||\u00bb header_font_size=\u00bb18px\u00bb body_font=\u00bb||||||||\u00bb custom_margin=\u00bb||0px\u00bb link_option_url=\u00bb@ET-DC@eyJkeW5hbWljIjp0cnVlLCJjb250ZW50IjoicG9zdF9saW5rX3VybF9wYWdlIiwic2V0dGluZ3MiOnsicG9zdF9pZCI6IjM1ODE1MyJ9fQ==@\u00bb z_index_tablet=\u00bb500&#8243; custom_css_before=\u00bb    content: %2206%22;||    font-size: 60px;||    display: block;||    vertical-align: middle;||    line-height: 100%;||    font-weight: 400;||    margin-bottom: 34px!important;||     font-family: &#8216;Anak Bold&#8217;,Helvetica,Arial,Lucida,sans-serif;||    -webkit-transition: all 0.5s ease-in-out;||    -moz-transition: all 0.5s ease-in-out;||    transition: all 0.5s ease-in-out;||color: #394F5A !important;\u00bb custom_css_after=\u00bbcontent : url(https:\/\/akeron.gr\/wp-content\/uploads\/2023\/08\/logo-line.png);||    \/*font-family: %22ETmodules%22!important;||    font-weight: 400;||    font-size: 16px!important;||    color: #394F5A;*\/||\t\ttransform: scale(.7);||    position: absolute;||    right: 28px;||    top: -6px;||    \/*transform-origin: right bottom;||    transform: rotate(-90deg);||    line-height: 100%;*\/\u00bb custom_css_blurb_image=\u00bb    margin-bottom: 20px;\u00bb custom_css_blurb_title=\u00bbfont-weight: 400 !important;||    width: 96%;\u00bb locked=\u00bboff\u00bb global_colors_info=\u00bb{}\u00bb][\/et_pb_blurb][\/et_pb_column][et_pb_column type=\u00bb1_4&#8243; _builder_version=\u00bb4.16&#8243; custom_padding=\u00bb|||\u00bb global_colors_info=\u00bb{}\u00bb custom_padding__hover=\u00bb|||\u00bb][et_pb_blurb title=\u00bbSEGURO DE RESPONSABILIDAD CIVIL\u00bb image=\u00bbhttps:\/\/akeron.gr\/wp-content\/uploads\/2024\/10\/Ypiresies-Geniki-Astiki-Efthini-2x.jpg\u00bb content_max_width=\u00bb100%\u00bb admin_label=\u00bbNevermore Blurbs &#8211; Freddie &#8211; Blurb\u00bb module_class=\u00bbservice-blurb\u00bb _builder_version=\u00bb4.25.2&#8243; _dynamic_attributes=\u00bblink_option_url\u00bb header_level=\u00bbh3&#8243; header_font=\u00bbAnak Book||||||||\u00bb header_font_size=\u00bb18px\u00bb body_font=\u00bb||||||||\u00bb custom_margin=\u00bb||0px\u00bb link_option_url=\u00bb@ET-DC@eyJkeW5hbWljIjp0cnVlLCJjb250ZW50IjoicG9zdF9saW5rX3VybF9wYWdlIiwic2V0dGluZ3MiOnsicG9zdF9pZCI6IjM1ODE2MyJ9fQ==@\u00bb z_index_tablet=\u00bb500&#8243; custom_css_before=\u00bb    content: %2207%22;||    font-size: 60px;||    display: block;||    vertical-align: middle;||    line-height: 100%;||    font-weight: 400;||    margin-bottom: 34px!important;||     font-family: &#8216;Anak Bold&#8217;,Helvetica,Arial,Lucida,sans-serif;||    -webkit-transition: all 0.5s ease-in-out;||    -moz-transition: all 0.5s ease-in-out;||    transition: all 0.5s ease-in-out;||color: #394F5A !important;\u00bb custom_css_after=\u00bbcontent : url(https:\/\/akeron.gr\/wp-content\/uploads\/2023\/08\/logo-line.png);||    \/*font-family: %22ETmodules%22!important;||    font-weight: 400;||    font-size: 16px!important;||    color: #394F5A;*\/||\t\ttransform: scale(.7);||    position: absolute;||    right: 28px;||    top: -6px;||    \/*transform-origin: right bottom;||    transform: rotate(-90deg);||    line-height: 100%;*\/\u00bb custom_css_blurb_image=\u00bb    margin-bottom: 20px;\u00bb custom_css_blurb_title=\u00bbfont-weight: 400 !important;||    width: 96%;\u00bb locked=\u00bboff\u00bb global_colors_info=\u00bb{}\u00bb][\/et_pb_blurb][\/et_pb_column][et_pb_column type=\u00bb1_4&#8243; _builder_version=\u00bb4.16&#8243; custom_padding=\u00bb|||\u00bb global_colors_info=\u00bb{}\u00bb custom_padding__hover=\u00bb|||\u00bb][et_pb_blurb title=\u00bbSEGURO DE TRANSPORTE\u00bb image=\u00bbhttps:\/\/akeron.gr\/wp-content\/uploads\/2024\/10\/Ypiresies-Metafores-2x.jpg\u00bb content_max_width=\u00bb100%\u00bb admin_label=\u00bbNevermore Blurbs &#8211; Freddie &#8211; Blurb\u00bb module_class=\u00bbservice-blurb\u00bb _builder_version=\u00bb4.25.2&#8243; _dynamic_attributes=\u00bblink_option_url\u00bb header_level=\u00bbh3&#8243; header_font=\u00bbAnak Book||||||||\u00bb header_font_size=\u00bb18px\u00bb body_font=\u00bb||||||||\u00bb custom_margin=\u00bb||0px\u00bb link_option_url=\u00bb@ET-DC@eyJkeW5hbWljIjp0cnVlLCJjb250ZW50IjoicG9zdF9saW5rX3VybF9wYWdlIiwic2V0dGluZ3MiOnsicG9zdF9pZCI6IjM1ODE1NyJ9fQ==@\u00bb z_index_tablet=\u00bb500&#8243; custom_css_before=\u00bb    content: %2208%22;||    font-size: 60px;||    display: block;||    vertical-align: middle;||    line-height: 100%;||    font-weight: 400;||    margin-bottom: 34px!important;||     font-family: &#8216;Anak Bold&#8217;,Helvetica,Arial,Lucida,sans-serif;||    -webkit-transition: all 0.5s ease-in-out;||    -moz-transition: all 0.5s ease-in-out;||    transition: all 0.5s ease-in-out;||color: #394F5A !important;\u00bb custom_css_after=\u00bbcontent : url(https:\/\/akeron.gr\/wp-content\/uploads\/2023\/08\/logo-line.png);||    \/*font-family: %22ETmodules%22!important;||    font-weight: 400;||    font-size: 16px!important;||    color: #394F5A;*\/||\t\ttransform: scale(.7);||    position: absolute;||    right: 28px;||    top: -6px;||    \/*transform-origin: right bottom;||    transform: rotate(-90deg);||    line-height: 100%;*\/\u00bb custom_css_blurb_image=\u00bb    margin-bottom: 20px;\u00bb custom_css_blurb_title=\u00bbfont-weight: 400 !important;||    width: 96%;\u00bb locked=\u00bboff\u00bb global_colors_info=\u00bb{}\u00bb][\/et_pb_blurb][\/et_pb_column][\/et_pb_row][\/et_pb_section]<\/p>\n","protected":false},"excerpt":{"rendered":"<p>Soluciones y Servicios de SegurosGkiolekas Insurance Solutions\u00a0 ofrece soluciones integrales de seguros que cubren las necesidades de su negocio. Ya sea para peque\u00f1as empresas o grandes organizaciones, pueden dise\u00f1ar los programas adecuados aprovechando su experiencia y conocimientos. Con la cobertura de seguro adecuada, cualquier empresa puede centrarse en su crecimiento, con seguridad y confianza.\u00a0 Gkiolekas Insurance Solutions\u00a0 ofrece sus servicios especializados en mercados y sectores como:Sectores de ActividadConstrucci\u00f3nEnerg\u00edaSaludTecnolog\u00edaTransporteSERVICIOS<\/p>\n","protected":false},"author":1,"featured_media":0,"parent":0,"menu_order":7,"comment_status":"closed","ping_status":"closed","template":"","meta":{"_seopress_robots_primary_cat":"","_seopress_titles_title":"Soluciones y Servicios de Seguros","_seopress_titles_desc":"Gkiolekas Insurance Solutions ofrece soluciones de seguros integrales que cubren las necesidades de su negocio.","_seopress_robots_index":"","_et_pb_use_builder":"on","_et_pb_old_content":"","_et_gb_content_width":"","footnotes":""},"class_list":["post-363127","page","type-page","status-publish","hentry"],"_links":{"self":[{"href":"https:\/\/akeron.gr\/es\/wp-json\/wp\/v2\/pages\/363127","targetHints":{"allow":["GET"]}}],"collection":[{"href":"https:\/\/akeron.gr\/es\/wp-json\/wp\/v2\/pages"}],"about":[{"href":"https:\/\/akeron.gr\/es\/wp-json\/wp\/v2\/types\/page"}],"author":[{"embeddable":true,"href":"https:\/\/akeron.gr\/es\/wp-json\/wp\/v2\/users\/1"}],"replies":[{"embeddable":true,"href":"https:\/\/akeron.gr\/es\/wp-json\/wp\/v2\/comments?post=363127"}],"version-history":[{"count":10,"href":"https:\/\/akeron.gr\/es\/wp-json\/wp\/v2\/pages\/363127\/revisions"}],"predecessor-version":[{"id":363464,"href":"https:\/\/akeron.gr\/es\/wp-json\/wp\/v2\/pages\/363127\/revisions\/363464"}],"wp:attachment":[{"href":"https:\/\/akeron.gr\/es\/wp-json\/wp\/v2\/media?parent=363127"}],"curies":[{"name":"wp","href":"https:\/\/api.w.org\/{rel}","templated":true}]}}