{"id":363141,"date":"2023-08-30T01:49:25","date_gmt":"2023-08-29T22:49:25","guid":{"rendered":"https:\/\/akeron.gr\/contacto\/"},"modified":"2025-01-20T16:31:29","modified_gmt":"2025-01-20T14:31:29","slug":"contacto","status":"publish","type":"page","link":"https:\/\/akeron.gr\/es\/contacto\/","title":{"rendered":"Contacto"},"content":{"rendered":"<p>[et_pb_section fb_built=\u00bb1&#8243; make_equal=\u00bbon\u00bb use_custom_gutter=\u00bbon\u00bb gutter_width=\u00bb1&#8243; specialty=\u00bbon\u00bb background_color_2=\u00bb#EDF1F7&#8243; bg_img_1=\u00bbhttps:\/\/akeron.gr\/wp-content\/uploads\/2023\/08\/contact-img.jpg\u00bb padding_top_1=\u00bb7vw\u00bb padding_top_2=\u00bb5vw\u00bb padding_right_2=\u00bb100px\u00bb padding_bottom_1=\u00bb7vw\u00bb padding_bottom_2=\u00bb5vw\u00bb padding_left_2=\u00bb100px\u00bb padding_top_bottom_link_1=\u00bbtrue\u00bb padding_top_bottom_link_2=\u00bbtrue\u00bb padding_left_right_link_1=\u00bbfalse\u00bb padding_left_right_link_2=\u00bbtrue\u00bb padding_2_tablet=\u00bb|40px||40px|false|true\u00bb padding_2_phone=\u00bb|20px||20px|false|true\u00bb padding_2_last_edited=\u00bbon|phone\u00bb custom_css_main_1=\u00bbborder-bottom: 6px solid #394f5a;||\u00bb custom_css_main_2=\u00bbborder-bottom: 6px solid #edf1f7;\u00bb _builder_version=\u00bb4.22.2&#8243; _module_preset=\u00bbdefault\u00bb background_enable_image=\u00bboff\u00bb inner_width=\u00bb100%\u00bb inner_max_width=\u00bb100%\u00bb custom_padding=\u00bb0px||0px||true|false\u00bb global_colors_info=\u00bb{}\u00bb][et_pb_column type=\u00bb1_3&#8243; _builder_version=\u00bb4.16&#8243; custom_padding=\u00bb|||\u00bb global_colors_info=\u00bb{}\u00bb custom_padding__hover=\u00bb|||\u00bb][\/et_pb_column][et_pb_column type=\u00bb2_3&#8243; specialty_columns=\u00bb2&#8243; _builder_version=\u00bb4.16&#8243; custom_padding=\u00bb|||\u00bb global_colors_info=\u00bb{}\u00bb custom_padding__hover=\u00bb|||\u00bb][et_pb_row_inner _builder_version=\u00bb4.22.2&#8243; _module_preset=\u00bbdefault\u00bb custom_margin_tablet=\u00bb\u00bb custom_margin_phone=\u00bb64px||||false|false\u00bb custom_margin_last_edited=\u00bbon|phone\u00bb global_colors_info=\u00bb{}\u00bb][et_pb_column_inner saved_specialty_column_type=\u00bb3_4&#8243; _builder_version=\u00bb4.21.0&#8243; _module_preset=\u00bbdefault\u00bb global_colors_info=\u00bb{}\u00bb][et_pb_text _builder_version=\u00bb4.25.1&#8243; _module_preset=\u00bbdefault\u00bb header_font=\u00bb&#8211;et_global_heading_font||||||||\u00bb header_font_size=\u00bb20px\u00bb header_2_font=\u00bbAnak Bold||||||||\u00bb header_2_font_size=\u00bb20px\u00bb custom_margin=\u00bb||10px||false|false\u00bb locked=\u00bboff\u00bb global_colors_info=\u00bb{}\u00bb]<\/p>\n<h1>CONT\u00c1CTENOS<\/h1>\n<p>[\/et_pb_text][dsm_contact_form_7 cf7_library=\u00bb357830&#8243; input_background_color=\u00bbRGBA(255,255,255,0)\u00bb _builder_version=\u00bb4.22.2&#8243; _module_preset=\u00bbdefault\u00bb input_textarea_select_font_size=\u00bb16px\u00bb placeholder_font=\u00bbAnak Book||||||||\u00bb placeholder_text_color=\u00bb#394F5A\u00bb radio_checkbox_text_color=\u00bb#394F5A\u00bb custom_button_one=\u00bbon\u00bb button_one_text_size=\u00bb16px\u00bb button_one_text_color=\u00bb#394F5A\u00bb button_one_bg_color=\u00bbrgba(255,255,255,0)\u00bb button_one_border_width=\u00bb0px\u00bb button_one_border_color=\u00bb#394F5A\u00bb button_one_border_radius=\u00bb0px\u00bb button_one_font=\u00bbAnak Medium||||||||\u00bb button_one_icon=\u00bb5||divi||400&#8243; button_one_icon_color=\u00bb#394F5A\u00bb button_one_on_hover=\u00bboff\u00bb border_width_bottom_image=\u00bb1px\u00bb border_color_bottom_image=\u00bb#394F5A\u00bb global_colors_info=\u00bb{}\u00bb][\/dsm_contact_form_7][et_pb_text _builder_version=\u00bb4.22.2&#8243; _module_preset=\u00bbdefault\u00bb max_width=\u00bb500px\u00bb global_colors_info=\u00bb{}\u00bb]<\/p>\n<p>Si tiene alguna pregunta o desea contactarnos por cualquier motivo, env\u00edenos su mensaje a trav\u00e9s del formulario anterior.<\/p>\n<p>[\/et_pb_text][et_pb_text disabled_on=\u00bbon|on|on\u00bb module_class=\u00bbemail-contact-container\u00bb _builder_version=\u00bb4.22.2&#8243; _module_preset=\u00bbdefault\u00bb text_font=\u00bbAnak Book||||||||\u00bb text_font_size=\u00bb60px\u00bb text_line_height=\u00bb70px\u00bb text_font_size_tablet=\u00bb40px\u00bb text_font_size_phone=\u00bb30px\u00bb text_font_size_last_edited=\u00bbon|phone\u00bb disabled=\u00bbon\u00bb global_colors_info=\u00bb{}\u00bb]<\/p>\n<p><a href=\"mailto:info@akeron.gr\">INFO@AKERON.GR<\/a><\/p>\n<p>[\/et_pb_text][\/et_pb_column_inner][\/et_pb_row_inner][et_pb_row_inner column_structure=\u00bb1_2,1_2&#8243; padding_top_bottom_link_1=\u00bbtrue\u00bb padding_top_bottom_link_2=\u00bbtrue\u00bb padding_left_right_link_1=\u00bbfalse\u00bb padding_left_right_link_2=\u00bbtrue\u00bb padding_top_1=\u00bb7vw\u00bb padding_top_2=\u00bb5vw\u00bb padding_right_2=\u00bb100px\u00bb padding_bottom_1=\u00bb7vw\u00bb padding_bottom_2=\u00bb5vw\u00bb padding_left_2=\u00bb100px\u00bb _builder_version=\u00bb4.22.2&#8243; _module_preset=\u00bbdefault\u00bb custom_padding=\u00bb0px||0px||true|false\u00bb global_colors_info=\u00bb{}\u00bb][et_pb_column_inner type=\u00bb1_2&#8243; saved_specialty_column_type=\u00bb2_3&#8243; _builder_version=\u00bb4.22.2&#8243; _module_preset=\u00bbdefault\u00bb custom_padding=\u00bb||20px||false|false\u00bb global_colors_info=\u00bb{}\u00bb][et_pb_text _builder_version=\u00bb4.25.2&#8243; _module_preset=\u00bbdefault\u00bb header_3_font_size=\u00bb16px\u00bb global_colors_info=\u00bb{}\u00bb]<\/p>\n<h3>DIRECCI\u00d3N<\/h3>\n<p> ORFANIDOU 2,<br \/>\n54626 SAL\u00d3NICA<br \/>\nT: <a href=\"tel:00302310554001\" target=\"_blank\" rel=\"noopener\">2310 55 4001<\/a><\/p>\n<p>[\/et_pb_text][\/et_pb_column_inner][et_pb_column_inner type=\u00bb1_2&#8243; saved_specialty_column_type=\u00bb2_3&#8243; _builder_version=\u00bb4.22.2&#8243; _module_preset=\u00bbdefault\u00bb custom_padding=\u00bb||20px||false|false\u00bb global_colors_info=\u00bb{}\u00bb][et_pb_text disabled_on=\u00bbon|on|on\u00bb _builder_version=\u00bb4.22.2&#8243; _module_preset=\u00bbdefault\u00bb header_3_font_size=\u00bb16px\u00bb disabled=\u00bbon\u00bb locked=\u00bboff\u00bb global_colors_info=\u00bb{}\u00bb]<\/p>\n<h3>REDES SOCIALES<\/h3>\n<p> <a href=\"https:\/\/www.linkedin.com\/company\/nak-katsiberis\/\" target=\"_blank\" rel=\"noopener\">LINKEDIN<\/a><\/p>\n<p>[\/et_pb_text][\/et_pb_column_inner][\/et_pb_row_inner][\/et_pb_column][\/et_pb_section]<\/p>\n","protected":false},"excerpt":{"rendered":"<p>CONT\u00c1CTENOS <div class=\"et_pb_with_border et_pb_module dsm_contact_form_7 dsm_contact_form_7_0\">\n\t\t\t\t\n\t\t\t\t\n\t\t\t\t\n\t\t\t\t\n\t\t\t\t\n\t\t\t\t\n\t\t\t\t<div class=\"et_pb_module_inner\">\n\t\t\t\t\t<div class=\"dsm_contact_form_7_btn_icon\" data-dsm-btn-icon=\"5\">\n\t\t\t\t\n<div class=\"wpcf7 no-js\" id=\"wpcf7-f363291-o1\" lang=\"es-ES\" dir=\"ltr\" data-wpcf7-id=\"363291\">\n<div class=\"screen-reader-response\"><p role=\"status\" aria-live=\"polite\" aria-atomic=\"true\"><\/p> <ul><\/ul><\/div>\n<form action=\"\/es\/wp-json\/wp\/v2\/pages\/363141#wpcf7-f363291-o1\" method=\"post\" class=\"wpcf7-form init\" aria-label=\"Formulario de contacto\" novalidate=\"novalidate\" data-status=\"init\">\n<div style=\"display: none;\">\n<input type=\"hidden\" name=\"_wpcf7\" value=\"363291\" \/>\n<input type=\"hidden\" name=\"_wpcf7_version\" value=\"6.0.6\" \/>\n<input type=\"hidden\" name=\"_wpcf7_locale\" value=\"es_ES\" \/>\n<input type=\"hidden\" name=\"_wpcf7_unit_tag\" value=\"wpcf7-f363291-o1\" \/>\n<input type=\"hidden\" name=\"_wpcf7_container_post\" value=\"0\" \/>\n<input type=\"hidden\" name=\"_wpcf7_posted_data_hash\" value=\"\" \/>\n<input type=\"hidden\" name=\"_wpcf7_recaptcha_response\" value=\"\" \/>\n<\/div>\n<div class=\"form-group\">\n\t<p><span class=\"wpcf7-form-control-wrap\" data-name=\"your-name\"><input size=\"40\" maxlength=\"400\" class=\"wpcf7-form-control wpcf7-text wpcf7-validates-as-required\" aria-required=\"true\" aria-invalid=\"false\" placeholder=\"Nombre completo\" value=\"\" type=\"text\" name=\"your-name\" \/><\/span>\n\t<\/p>\n\t<p><span class=\"wpcf7-form-control-wrap\" data-name=\"your-email\"><input size=\"40\" maxlength=\"400\" class=\"wpcf7-form-control wpcf7-email wpcf7-validates-as-required wpcf7-text wpcf7-validates-as-email\" aria-required=\"true\" aria-invalid=\"false\" placeholder=\"Correo electr\u00f3nico\" value=\"\" type=\"email\" name=\"your-email\" \/><\/span>\n\t<\/p>\n<\/div>\n<p><span class=\"wpcf7-form-control-wrap\" data-name=\"your-message\"><textarea cols=\"40\" rows=\"10\" maxlength=\"2000\" class=\"wpcf7-form-control wpcf7-textarea wpcf7-validates-as-required\" aria-required=\"true\" aria-invalid=\"false\" placeholder=\"Mensaje\" name=\"your-message\"><\/textarea><\/span>\n<\/p>\n<p><span class=\"wpcf7-form-control-wrap\" data-name=\"accepts-terms\"><span class=\"wpcf7-form-control wpcf7-acceptance\"><span class=\"wpcf7-list-item\"><label><input type=\"checkbox\" name=\"accepts-terms\" value=\"1\" aria-invalid=\"false\" \/><span class=\"wpcf7-list-item-label\"><span style=\"font-size: 12px;\">He le\u00eddo y acepto los t\u00e9rminos descritos en la<\/span> <a href=\"https:\/\/akeron.gr\/wp-content\/uploads\/2024\/01\/%CE%A0%CE%9F%CE%9B%CE%99%CE%A4%CE%99%CE%9A%CE%97-%CE%94%CE%99%CE%91%CE%A7%CE%95%CE%99%CE%A1%CE%99%CE%A3%CE%97%CE%A3-%CE%A0%CE%A1%CE%9F%CE%A3%CE%A9%CE%A0%CE%99%CE%9A%CE%A9%CE%9D-%CE%94%CE%95%CE%94%CE%9F%CE%9C%CE%95%CE%9D%CE%A9%CE%9D.pdf\" target=\"_blank\"><span style=\"font-size: 12px;\">Pol\u00edtica de Gesti\u00f3n de Datos Personales<\/span><\/a><\/span><\/label><\/span><\/span><\/span>\n<\/p>\n<p><button class=\"wpcf7-form-control wpcf7-submit has-spinner et_pb_button et_pb_bg_layout_light freddie_button_liar\" type=\"submit\" value=\"Enviar\">Enviar<\/button>\n<\/p><div class=\"wpcf7-response-output\" aria-hidden=\"true\"><\/div>\n<\/form>\n<\/div>\n\n\t\t\t<\/div>\n\t\t\t\t<\/div>\n\t\t\t<\/div> Si tiene alguna pregunta o desea contactarnos por cualquier motivo, env\u00edenos su mensaje a trav\u00e9s del formulario anterior. INFO@AKERON.GR DIRECCI\u00d3N ORFANIDOU 2, 54626 SAL\u00d3NICA T: 2310 55 4001 REDES SOCIALES LINKEDIN<\/p>\n","protected":false},"author":1,"featured_media":0,"parent":0,"menu_order":9,"comment_status":"closed","ping_status":"closed","template":"","meta":{"_seopress_robots_primary_cat":"","_seopress_titles_title":"Contactar con Gkiolekas Insurance Solutions","_seopress_titles_desc":"P\u00f3ngase en contacto con Gkiolekas Insurance Solutions para cualquier consulta o informaci\u00f3n sobre nuestros servicios. Encuentre nuestra direcci\u00f3n y detalles de contacto.","_seopress_robots_index":"","_et_pb_use_builder":"on","_et_pb_old_content":"","_et_gb_content_width":"","footnotes":""},"class_list":["post-363141","page","type-page","status-publish","hentry"],"_links":{"self":[{"href":"https:\/\/akeron.gr\/es\/wp-json\/wp\/v2\/pages\/363141","targetHints":{"allow":["GET"]}}],"collection":[{"href":"https:\/\/akeron.gr\/es\/wp-json\/wp\/v2\/pages"}],"about":[{"href":"https:\/\/akeron.gr\/es\/wp-json\/wp\/v2\/types\/page"}],"author":[{"embeddable":true,"href":"https:\/\/akeron.gr\/es\/wp-json\/wp\/v2\/users\/1"}],"replies":[{"embeddable":true,"href":"https:\/\/akeron.gr\/es\/wp-json\/wp\/v2\/comments?post=363141"}],"version-history":[{"count":5,"href":"https:\/\/akeron.gr\/es\/wp-json\/wp\/v2\/pages\/363141\/revisions"}],"predecessor-version":[{"id":363149,"href":"https:\/\/akeron.gr\/es\/wp-json\/wp\/v2\/pages\/363141\/revisions\/363149"}],"wp:attachment":[{"href":"https:\/\/akeron.gr\/es\/wp-json\/wp\/v2\/media?parent=363141"}],"curies":[{"name":"wp","href":"https:\/\/api.w.org\/{rel}","templated":true}]}}