{"id":363152,"date":"2023-09-12T22:23:29","date_gmt":"2023-09-12T19:23:29","guid":{"rendered":"https:\/\/akeron.gr\/servicios\/seguro-de-riesgos-ciberneticos\/"},"modified":"2025-01-20T17:26:33","modified_gmt":"2025-01-20T15:26:33","slug":"seguro-de-riesgos-ciberneticos","status":"publish","type":"page","link":"https:\/\/akeron.gr\/es\/servicios\/seguro-de-riesgos-ciberneticos\/","title":{"rendered":"Seguro de Riesgos Cibern\u00e9ticos"},"content":{"rendered":"<p>[et_pb_section fb_built=\u00bb1&#8243; custom_padding_last_edited=\u00bbon|phone\u00bb module_class=\u00bbservices-hero-section\u00bb _builder_version=\u00bb4.24.2&#8243; _module_preset=\u00bbdefault\u00bb background_image=\u00bbhttps:\/\/akeron.gr\/wp-content\/uploads\/2023\/09\/asfalisi-cyber-hero.jpg\u00bb custom_padding=\u00bb12vw||12vw||true|false\u00bb custom_padding_tablet=\u00bb12vw||12vw||true|false\u00bb custom_padding_phone=\u00bb19vw||19vw||true|false\u00bb global_colors_info=\u00bb{}\u00bb][et_pb_row _builder_version=\u00bb4.21.0&#8243; _module_preset=\u00bbdefault\u00bb global_colors_info=\u00bb{}\u00bb][et_pb_column type=\u00bb4_4&#8243; _builder_version=\u00bb4.21.0&#8243; _module_preset=\u00bbdefault\u00bb global_colors_info=\u00bb{}\u00bb][et_pb_text _builder_version=\u00bb4.22.2&#8243; _module_preset=\u00bbdefault\u00bb header_font=\u00bbAnak Book||||||||\u00bb header_font_size=\u00bb50px\u00bb background_image=\u00bbhttps:\/\/akeron.gr\/wp-content\/uploads\/2023\/08\/logo-line-large.png\u00bb background_size=\u00bbcontain\u00bb text_orientation=\u00bbcenter\u00bb custom_margin=\u00bb||5px||false|false\u00bb custom_padding=\u00bb40px||40px||true|false\u00bb header_font_size_tablet=\u00bb40px\u00bb header_font_size_phone=\u00bb30px\u00bb header_font_size_last_edited=\u00bbon|phone\u00bb global_colors_info=\u00bb{}\u00bb]<\/p>\n<h1>Seguro de Riesgos<br \/>Cibern\u00e9ticos<\/h1>\n<p>[\/et_pb_text][et_pb_text disabled_on=\u00bbon|on|on\u00bb _builder_version=\u00bb4.22.2&#8243; _module_preset=\u00bbdefault\u00bb text_font=\u00bbAnak Medium||||||||\u00bb text_font_size=\u00bb22px\u00bb text_orientation=\u00bbcenter\u00bb text_font_size_tablet=\u00bb18px\u00bb text_font_size_phone=\u00bb18px\u00bb text_font_size_last_edited=\u00bbon|desktop\u00bb disabled=\u00bbon\u00bb global_colors_info=\u00bb{}\u00bb]<\/p>\n<p>Los riesgos cibern\u00e9ticos est\u00e1n evolucionando. Lo mismo ocurre con la protecci\u00f3n de su empresa.<\/p>\n<p>[\/et_pb_text][\/et_pb_column][\/et_pb_row][\/et_pb_section][et_pb_section fb_built=\u00bb1&#8243; _builder_version=\u00bb4.22.1&#8243; _module_preset=\u00bbdefault\u00bb custom_padding=\u00bb40px||40px||true|false\u00bb global_colors_info=\u00bb{}\u00bb][et_pb_row column_structure=\u00bb1_3,2_3&#8243; use_custom_gutter=\u00bbon\u00bb gutter_width=\u00bb2&#8243; make_equal=\u00bbon\u00bb _builder_version=\u00bb4.21.0&#8243; _module_preset=\u00bbdefault\u00bb global_colors_info=\u00bb{}\u00bb][et_pb_column type=\u00bb1_3&#8243; _builder_version=\u00bb4.21.0&#8243; _module_preset=\u00bbdefault\u00bb global_colors_info=\u00bb{}\u00bb][et_pb_image src=\u00bbhttps:\/\/akeron.gr\/wp-content\/uploads\/2023\/09\/asfalisi-cyber-img-1.jpg\u00bb title_text=\u00bbasfalisi-cyber-img-1&#8243; _builder_version=\u00bb4.22.1&#8243; _module_preset=\u00bbdefault\u00bb global_colors_info=\u00bb{}\u00bb][\/et_pb_image][\/et_pb_column][et_pb_column type=\u00bb2_3&#8243; _builder_version=\u00bb4.21.0&#8243; _module_preset=\u00bbdefault\u00bb custom_css_main_element=\u00bbmargin: auto;\u00bb global_colors_info=\u00bb{}\u00bb][et_pb_text _builder_version=\u00bb4.25.2&#8243; _module_preset=\u00bbdefault\u00bb locked=\u00bboff\u00bb global_colors_info=\u00bb{}\u00bb]<\/p>\n<p>El avance de la tecnolog\u00eda, adem\u00e1s de sus efectos positivos, tambi\u00e9n conlleva riesgos. La protecci\u00f3n de las empresas contra peligros como ciberataques, violaciones de datos y otras amenazas digitales es crucial para su funcionamiento sin obst\u00e1culos y su sostenibilidad.<\/p>\n<p>El seguro de riesgos cibern\u00e9ticos (cyber) ofrece una cobertura integral para sus infraestructuras digitales, garantizando la seguridad de sus datos y la protecci\u00f3n de su reputaci\u00f3n.<\/p>\n<h3>Qu\u00e9 es el Seguro de Riesgos Cibern\u00e9ticos (Cyber)?<\/h3>\n<p>El seguro de riesgos cibern\u00e9ticos (Cyber insurance) es una soluci\u00f3n de seguros dise\u00f1ada para proteger a su empresa de los peligros de la era digital. Proporciona cobertura contra ciberataques, violaciones de datos, interrupciones del servicio y problemas de privacidad. Al mismo tiempo, act\u00faa como una capa adicional de seguridad, ya que el Reglamento General de Protecci\u00f3n de Datos (GDPR) de la Uni\u00f3n Europea impone multas significativas en caso de filtraci\u00f3n de datos personales.<\/p>\n<p>[\/et_pb_text][\/et_pb_column][\/et_pb_row][\/et_pb_section][et_pb_section fb_built=\u00bb1&#8243; _builder_version=\u00bb4.22.1&#8243; _module_preset=\u00bbdefault\u00bb background_image=\u00bbhttps:\/\/akeron.gr\/wp-content\/uploads\/2023\/09\/asfalisi-cyber-reasons-section-bg.jpg\u00bb custom_padding=\u00bb40px||40px||true|false\u00bb global_colors_info=\u00bb{}\u00bb][et_pb_row _builder_version=\u00bb4.22.1&#8243; _module_preset=\u00bbdefault\u00bb custom_padding=\u00bb10px||10px||false|false\u00bb global_colors_info=\u00bb{}\u00bb][et_pb_column type=\u00bb4_4&#8243; _builder_version=\u00bb4.21.0&#8243; _module_preset=\u00bbdefault\u00bb global_colors_info=\u00bb{}\u00bb][et_pb_text _builder_version=\u00bb4.25.2&#8243; _module_preset=\u00bbdefault\u00bb header_2_font=\u00bbAnak Medium||||||||\u00bb header_2_font_size=\u00bb22px\u00bb text_orientation=\u00bbcenter\u00bb custom_margin=\u00bb||10px||false|false\u00bb locked=\u00bboff\u00bb global_colors_info=\u00bb{}\u00bb]<\/p>\n<h2>Qu\u00e9 cubre una p\u00f3liza de seguro cibern\u00e9tico?<\/h2>\n<p>[\/et_pb_text][\/et_pb_column][\/et_pb_row][et_pb_row column_structure=\u00bb1_3,1_3,1_3&#8243; _builder_version=\u00bb4.22.1&#8243; _module_preset=\u00bbdefault\u00bb custom_padding=\u00bb20px||||false|false\u00bb global_colors_info=\u00bb{}\u00bb][et_pb_column type=\u00bb1_3&#8243; _builder_version=\u00bb4.21.0&#8243; _module_preset=\u00bbdefault\u00bb global_colors_info=\u00bb{}\u00bb][et_pb_text _builder_version=\u00bb4.21.0&#8243; _module_preset=\u00bbdefault\u00bb text_font=\u00bbAnak Bold||||||||\u00bb text_text_color=\u00bb#394F5A\u00bb text_font_size=\u00bb60px\u00bb text_line_height=\u00bb70px\u00bb custom_margin=\u00bb||10px||false|false\u00bb global_colors_info=\u00bb{}\u00bb]<\/p>\n<p>01<\/p>\n<p>[\/et_pb_text][et_pb_text _builder_version=\u00bb4.22.1&#8243; _module_preset=\u00bbdefault\u00bb global_colors_info=\u00bb{}\u00bb]<\/p>\n<p>Da\u00f1os a sistemas inform\u00e1ticos derivados de delitos cibern\u00e9ticos.<\/p>\n<p>[\/et_pb_text][\/et_pb_column][et_pb_column type=\u00bb1_3&#8243; _builder_version=\u00bb4.21.0&#8243; _module_preset=\u00bbdefault\u00bb global_colors_info=\u00bb{}\u00bb][et_pb_text _builder_version=\u00bb4.21.0&#8243; _module_preset=\u00bbdefault\u00bb text_font=\u00bbAnak Bold||||||||\u00bb text_text_color=\u00bb#394F5A\u00bb text_font_size=\u00bb60px\u00bb text_line_height=\u00bb70px\u00bb custom_margin=\u00bb||10px||false|false\u00bb locked=\u00bboff\u00bb global_colors_info=\u00bb{}\u00bb]<\/p>\n<p>02<\/p>\n<p>[\/et_pb_text][et_pb_text _builder_version=\u00bb4.22.1&#8243; _module_preset=\u00bbdefault\u00bb global_colors_info=\u00bb{}\u00bb]<\/p>\n<p>Gastos de gesti\u00f3n de incidentes da\u00f1inos en los sistemas de informaci\u00f3n de la empresa, con el apoyo de asesores especializados.<\/p>\n<p>[\/et_pb_text][\/et_pb_column][et_pb_column type=\u00bb1_3&#8243; _builder_version=\u00bb4.21.0&#8243; _module_preset=\u00bbdefault\u00bb global_colors_info=\u00bb{}\u00bb][et_pb_text _builder_version=\u00bb4.21.0&#8243; _module_preset=\u00bbdefault\u00bb text_font=\u00bbAnak Bold||||||||\u00bb text_text_color=\u00bb#394F5A\u00bb text_font_size=\u00bb60px\u00bb text_line_height=\u00bb70px\u00bb custom_margin=\u00bb||10px||false|false\u00bb locked=\u00bboff\u00bb global_colors_info=\u00bb{}\u00bb]<\/p>\n<p>03<\/p>\n<p>[\/et_pb_text][et_pb_text _builder_version=\u00bb4.22.1&#8243; _module_preset=\u00bbdefault\u00bb locked=\u00bboff\u00bb global_colors_info=\u00bb{}\u00bb]<\/p>\n<p>P\u00e9rdida de ingresos por la interrupci\u00f3n de las actividades de la empresa debido a una violaci\u00f3n de sistemas de informaci\u00f3n.<\/p>\n<p>[\/et_pb_text][\/et_pb_column][\/et_pb_row][et_pb_row column_structure=\u00bb1_3,1_3,1_3&#8243; _builder_version=\u00bb4.22.1&#8243; _module_preset=\u00bbdefault\u00bb custom_padding=\u00bb20px||||false|false\u00bb global_colors_info=\u00bb{}\u00bb][et_pb_column type=\u00bb1_3&#8243; _builder_version=\u00bb4.21.0&#8243; _module_preset=\u00bbdefault\u00bb global_colors_info=\u00bb{}\u00bb][et_pb_text _builder_version=\u00bb4.21.0&#8243; _module_preset=\u00bbdefault\u00bb text_font=\u00bbAnak Bold||||||||\u00bb text_text_color=\u00bb#394F5A\u00bb text_font_size=\u00bb60px\u00bb text_line_height=\u00bb70px\u00bb custom_margin=\u00bb||10px||false|false\u00bb locked=\u00bboff\u00bb global_colors_info=\u00bb{}\u00bb]<\/p>\n<p>04<\/p>\n<p>[\/et_pb_text][et_pb_text _builder_version=\u00bb4.22.1&#8243; _module_preset=\u00bbdefault\u00bb locked=\u00bboff\u00bb global_colors_info=\u00bb{}\u00bb]<\/p>\n<p>P\u00e9rdida de reputaci\u00f3n de la empresa.<\/p>\n<p>[\/et_pb_text][\/et_pb_column][et_pb_column type=\u00bb1_3&#8243; _builder_version=\u00bb4.21.0&#8243; _module_preset=\u00bbdefault\u00bb global_colors_info=\u00bb{}\u00bb][et_pb_text _builder_version=\u00bb4.25.2&#8243; _module_preset=\u00bbdefault\u00bb text_font=\u00bbAnak Bold||||||||\u00bb text_text_color=\u00bb#394F5A\u00bb text_font_size=\u00bb60px\u00bb text_line_height=\u00bb70px\u00bb custom_margin=\u00bb||10px||false|false\u00bb locked=\u00bboff\u00bb global_colors_info=\u00bb{}\u00bb]<\/p>\n<p>05<\/p>\n<p>[\/et_pb_text][et_pb_text _builder_version=\u00bb4.22.1&#8243; _module_preset=\u00bbdefault\u00bb global_colors_info=\u00bb{}\u00bb]<\/p>\n<p>Responsabilidad civil frente a terceros.<\/p>\n<p>[\/et_pb_text][\/et_pb_column][et_pb_column type=\u00bb1_3&#8243; _builder_version=\u00bb4.21.0&#8243; _module_preset=\u00bbdefault\u00bb global_colors_info=\u00bb{}\u00bb][et_pb_text _builder_version=\u00bb4.21.0&#8243; _module_preset=\u00bbdefault\u00bb text_font=\u00bbAnak Bold||||||||\u00bb text_text_color=\u00bb#394F5A\u00bb text_font_size=\u00bb60px\u00bb text_line_height=\u00bb70px\u00bb custom_margin=\u00bb||10px||false|false\u00bb locked=\u00bboff\u00bb global_colors_info=\u00bb{}\u00bb]<\/p>\n<p>06<\/p>\n<p>[\/et_pb_text][et_pb_text _builder_version=\u00bb4.22.1&#8243; _module_preset=\u00bbdefault\u00bb locked=\u00bboff\u00bb global_colors_info=\u00bb{}\u00bb]<\/p>\n<p>Soporte y pago de rescates en casos de extorsi\u00f3n cibern\u00e9tica.<\/p>\n<p>[\/et_pb_text][\/et_pb_column][\/et_pb_row][\/et_pb_section][et_pb_section fb_built=\u00bb1&#8243; custom_padding_last_edited=\u00bbon|tablet\u00bb _builder_version=\u00bb4.22.1&#8243; _module_preset=\u00bbdefault\u00bb background_color=\u00bb#FAFAFA\u00bb custom_padding=\u00bb60px||60px||true|false\u00bb custom_padding_tablet=\u00bb40px||40px||true|false\u00bb custom_padding_phone=\u00bb40px||40px||true|false\u00bb global_colors_info=\u00bb{}\u00bb][et_pb_row column_structure=\u00bb3_5,2_5&#8243; make_equal=\u00bbon\u00bb _builder_version=\u00bb4.22.1&#8243; _module_preset=\u00bbdefault\u00bb width=\u00bb100%\u00bb max_width=\u00bb100%\u00bb custom_padding=\u00bb10px||10px||true|false\u00bb locked=\u00bboff\u00bb global_colors_info=\u00bb{}\u00bb][et_pb_column type=\u00bb3_5&#8243; _builder_version=\u00bb4.22.1&#8243; _module_preset=\u00bbdefault\u00bb custom_padding=\u00bb|80px||80px|false|true\u00bb custom_padding_tablet=\u00bb|60px|20px|60px|false|true\u00bb custom_padding_phone=\u00bb|40px||40px|false|true\u00bb custom_padding_last_edited=\u00bbon|tablet\u00bb custom_css_main_element=\u00bbmargin: auto;\u00bb global_colors_info=\u00bb{}\u00bb custom_padding__hover_enabled=\u00bboff|desktop\u00bb][et_pb_text _builder_version=\u00bb4.22.2&#8243; _module_preset=\u00bbdefault\u00bb header_2_font=\u00bbAnak Medium||||||||\u00bb header_2_font_size=\u00bb22px\u00bb custom_margin=\u00bb||20px||false|false\u00bb locked=\u00bboff\u00bb global_colors_info=\u00bb{}\u00bb]<\/p>\n<h2>PEQUE\u00d1AS PREGUNTAS SOBRE EL SEGURO CIBERN\u00c9TICO<\/h2>\n<p>[\/et_pb_text][dsm_faq dsm_accordion_gap=\u00bb30px\u00bb dsm_make_accordion_toggle=\u00bbon\u00bb dsm_close_bg_color=\u00bbRGBA(255,255,255,0)\u00bb dsm_open_font_icon=\u00bb&#x4b;||divi||400&#8243; dsm_close_font_icon=\u00bb&#x4c;||divi||400&#8243; dsm_open_icon_bg_color=\u00bb#FAFAFA\u00bb dsm_open_icon_color=\u00bb#d9d9d9&#8243; dsm_close_icon_bg_color=\u00bb#FAFAFA\u00bb dsm_close_icon_color=\u00bb#d9d9d9&#8243; dsm_open_font_size=\u00bb32px\u00bb dsm_close_font_size=\u00bb32px\u00bb dsm_animate_icon=\u00bbon\u00bb _builder_version=\u00bb4.25.2&#8243; _module_preset=\u00bbdefault\u00bb border_radii_dsm_icon_open_border=\u00bbon|50%|50%|50%|50%\u00bb border_radii_dsm_icon_close_border=\u00bbon|50%|50%|50%|50%\u00bb global_colors_info=\u00bb{}\u00bb][dsm_faq_child dsm_title=\u00bb\u00bfA qu\u00e9 negocios est\u00e1 dirigida la aseguradora de riesgos cibern\u00e9ticos?\u00bb dsm_content=\u00bb<\/p>\n<p><span style=%22font-weight: 400;%22>El seguro de riesgos cibern\u00e9ticos se aplica a la mayor\u00eda de las empresas. Esto se debe a que casi todas las empresas gestionan datos personales y tienen presencia y actividad en l\u00ednea. Ejemplos t\u00edpicos incluyen bancos, compa\u00f1\u00edas de seguros, tiendas en l\u00ednea, empresas de telecomunicaciones, instituciones educativas, hospitales, cl\u00ednicas, centros m\u00e9dicos, proveedores de servicios, y m\u00e1s.<\/span><\/p>\n<p>\u00bb _builder_version=\u00bb4.25.2&#8243; _module_preset=\u00bbdefault\u00bb global_colors_info=\u00bb{}\u00bb][\/dsm_faq_child][dsm_faq_child dsm_title=\u00bb\u00bfQu\u00e9 se considera un ciberataque?\u00bb dsm_content=\u00bb<\/p>\n<p><span style=%22font-weight: 400;%22>La evoluci\u00f3n de la tecnolog\u00eda contin\u00faa, y lo mismo ocurre con los ciberataques. El concepto de ciberataque se puede definir de la siguiente manera: cualquier intento intencional de causar da\u00f1o o destrucci\u00f3n a redes inform\u00e1ticas, computadoras, sitios web, as\u00ed como un intento de robar, modificar o destruir datos, mediante el acceso no autorizado a redes, computadoras y otros dispositivos digitales.<\/span><\/p>\n<p>\u00bb _builder_version=\u00bb4.25.2&#8243; _module_preset=\u00bbdefault\u00bb global_colors_info=\u00bb{}\u00bb][\/dsm_faq_child][\/dsm_faq][\/et_pb_column][et_pb_column type=\u00bb2_5&#8243; _builder_version=\u00bb4.21.0&#8243; _module_preset=\u00bbdefault\u00bb background_enable_image=\u00bboff\u00bb background_position=\u00bbtop_center\u00bb global_colors_info=\u00bb{}\u00bb][et_pb_image src=\u00bbhttps:\/\/akeron.gr\/wp-content\/uploads\/2023\/09\/asfalisi-cyber-img-2.jpg\u00bb title_text=\u00bbasfalisi-cyber-img-2&#8243; align=\u00bbright\u00bb align_tablet=\u00bbcenter\u00bb align_phone=\u00bbcenter\u00bb align_last_edited=\u00bbon|phone\u00bb _builder_version=\u00bb4.22.1&#8243; _module_preset=\u00bbdefault\u00bb global_colors_info=\u00bb{}\u00bb][\/et_pb_image][\/et_pb_column][\/et_pb_row][\/et_pb_section][et_pb_section fb_built=\u00bb1&#8243; disabled_on=\u00bbon|on|on\u00bb admin_label=\u00bbSection &#8211; Text &#038; Link to all SERVICES\u00bb _builder_version=\u00bb4.22.2&#8243; _module_preset=\u00bbdefault\u00bb border_width_bottom=\u00bb1px\u00bb border_color_bottom=\u00bb#B8C6DD\u00bb disabled=\u00bbon\u00bb global_colors_info=\u00bb{}\u00bb][et_pb_row column_structure=\u00bb1_2,1_2&#8243; _builder_version=\u00bb4.22.2&#8243; _module_preset=\u00bbdefault\u00bb global_colors_info=\u00bb{}\u00bb][et_pb_column type=\u00bb1_2&#8243; _builder_version=\u00bb4.22.2&#8243; _module_preset=\u00bbdefault\u00bb global_colors_info=\u00bb{}\u00bb][et_pb_text _builder_version=\u00bb4.25.2&#8243; _module_preset=\u00bbdefault\u00bb text_font_size=\u00bb20px\u00bb global_colors_info=\u00bb{}\u00bb]<\/p>\n<p>El experimentado equipo de Gkiolekas Insurance Solutions est\u00e1 aqu\u00ed para ofrecer soluciones de seguros especializadas que respondan a las necesidades de su empresa.<\/p>\n<p>[\/et_pb_text][\/et_pb_column][et_pb_column type=\u00bb1_2&#8243; _builder_version=\u00bb4.22.2&#8243; _module_preset=\u00bbdefault\u00bb global_colors_info=\u00bb{}\u00bb][et_pb_button button_url=\u00bb@ET-DC@eyJkeW5hbWljIjp0cnVlLCJjb250ZW50IjoicG9zdF9saW5rX3VybF9wYWdlIiwic2V0dGluZ3MiOnsicG9zdF9pZCI6IjM1ODQwOSJ9fQ==@\u00bb button_text=\u00bbTodos los Servicios\u00bb button_alignment=\u00bbcenter\u00bb button_alignment_tablet=\u00bbleft\u00bb button_alignment_phone=\u00bbleft\u00bb button_alignment_last_edited=\u00bbon|desktop\u00bb admin_label=\u00bbLiar Button &#8211; Freddie\u00bb module_class=\u00bbfreddie_button_liar\u00bb _builder_version=\u00bb4.22.2&#8243; _dynamic_attributes=\u00bbbutton_url\u00bb custom_button=\u00bbon\u00bb button_text_size=\u00bb16px\u00bb button_text_color=\u00bb#394F5A\u00bb button_bg_color=\u00bbrgba(255,255,255,0)\u00bb button_border_width=\u00bb0px\u00bb button_border_color=\u00bb#394F5A\u00bb button_border_radius=\u00bb0px\u00bb button_font=\u00bbAnak Medium||||||||\u00bb button_icon=\u00bb&#x35;||divi||400&#8243; button_icon_color=\u00bb#394F5A\u00bb button_on_hover=\u00bboff\u00bb custom_margin=\u00bb|26px||\u00bb custom_padding=\u00bb0px|0px|0px|0px\u00bb z_index_tablet=\u00bb500&#8243; custom_css_main_element=\u00bbtransition: 0s !important;\u00bb custom_css_after=\u00bb    position: absolute !important;||    display: block !important;||    margin: 0 !important;||    top: 50%;||    opacity: 0.2 !important;||    transform: translate(0,-50%);||    right: -28px;||    font-size: 30px !important;\u00bb locked=\u00bboff\u00bb global_colors_info=\u00bb{}\u00bb][\/et_pb_button][\/et_pb_column][\/et_pb_row][\/et_pb_section]<\/p>\n","protected":false},"excerpt":{"rendered":"<p>Seguro de RiesgosCibern\u00e9ticosLos riesgos cibern\u00e9ticos est\u00e1n evolucionando. Lo mismo ocurre con la protecci\u00f3n de su empresa.El avance de la tecnolog\u00eda, adem\u00e1s de sus efectos positivos, tambi\u00e9n conlleva riesgos. La protecci\u00f3n de las empresas contra peligros como ciberataques, violaciones de datos y otras amenazas digitales es crucial para su funcionamiento sin obst\u00e1culos y su sostenibilidad. El seguro de riesgos cibern\u00e9ticos (cyber) ofrece una cobertura integral para sus infraestructuras digitales, garantizando la seguridad de sus datos y la protecci\u00f3n de su reputaci\u00f3n. Qu\u00e9 es el Seguro de Riesgos Cibern\u00e9ticos (Cyber)? El seguro de riesgos cibern\u00e9ticos (Cyber insurance) es una soluci\u00f3n de seguros dise\u00f1ada para proteger a su empresa de los peligros de la era digital. Proporciona cobertura contra ciberataques, violaciones de datos, interrupciones del servicio y problemas de privacidad. Al mismo tiempo, act\u00faa como una capa adicional de seguridad, ya que el Reglamento General de Protecci\u00f3n de Datos (GDPR) de la Uni\u00f3n Europea impone multas significativas en caso de filtraci\u00f3n de datos personales.Qu\u00e9 cubre una p\u00f3liza de seguro cibern\u00e9tico?01Da\u00f1os a sistemas inform\u00e1ticos derivados de delitos cibern\u00e9ticos.02Gastos de gesti\u00f3n de incidentes da\u00f1inos en los sistemas de informaci\u00f3n de la empresa, con el apoyo de asesores especializados.03P\u00e9rdida de ingresos por la interrupci\u00f3n de las [&hellip;]<\/p>\n","protected":false},"author":1,"featured_media":0,"parent":363127,"menu_order":5,"comment_status":"closed","ping_status":"closed","template":"","meta":{"_seopress_robots_primary_cat":"","_seopress_titles_title":"Seguro de Riesgos Cibern\u00e9ticos\r\n","_seopress_titles_desc":"Gkiolekas Insurance Solutions ofrece seguro cibern\u00e9tico, protegiendo a las empresas de ciberataques, p\u00e9rdida de datos y m\u00e1s.","_seopress_robots_index":"","_et_pb_use_builder":"on","_et_pb_old_content":"","_et_gb_content_width":"","footnotes":""},"class_list":["post-363152","page","type-page","status-publish","hentry"],"_links":{"self":[{"href":"https:\/\/akeron.gr\/es\/wp-json\/wp\/v2\/pages\/363152","targetHints":{"allow":["GET"]}}],"collection":[{"href":"https:\/\/akeron.gr\/es\/wp-json\/wp\/v2\/pages"}],"about":[{"href":"https:\/\/akeron.gr\/es\/wp-json\/wp\/v2\/types\/page"}],"author":[{"embeddable":true,"href":"https:\/\/akeron.gr\/es\/wp-json\/wp\/v2\/users\/1"}],"replies":[{"embeddable":true,"href":"https:\/\/akeron.gr\/es\/wp-json\/wp\/v2\/comments?post=363152"}],"version-history":[{"count":11,"href":"https:\/\/akeron.gr\/es\/wp-json\/wp\/v2\/pages\/363152\/revisions"}],"predecessor-version":[{"id":363171,"href":"https:\/\/akeron.gr\/es\/wp-json\/wp\/v2\/pages\/363152\/revisions\/363171"}],"up":[{"embeddable":true,"href":"https:\/\/akeron.gr\/es\/wp-json\/wp\/v2\/pages\/363127"}],"wp:attachment":[{"href":"https:\/\/akeron.gr\/es\/wp-json\/wp\/v2\/media?parent=363152"}],"curies":[{"name":"wp","href":"https:\/\/api.w.org\/{rel}","templated":true}]}}