{"id":363188,"date":"2023-08-22T12:46:26","date_gmt":"2023-08-22T09:46:26","guid":{"rendered":"https:\/\/akeron.gr\/servicios\/seguro-de-credito\/"},"modified":"2025-02-21T15:55:34","modified_gmt":"2025-02-21T13:55:34","slug":"seguro-de-credito","status":"publish","type":"page","link":"https:\/\/akeron.gr\/es\/servicios\/seguro-de-credito\/","title":{"rendered":"Seguro de Cr\u00e9dito"},"content":{"rendered":"<p>[et_pb_section fb_built=\u00bb1&#8243; custom_padding_last_edited=\u00bbon|phone\u00bb module_class=\u00bbservices-hero-section\u00bb _builder_version=\u00bb4.24.2&#8243; _module_preset=\u00bbdefault\u00bb background_image=\u00bbhttps:\/\/akeron.gr\/wp-content\/uploads\/2023\/09\/asfalisi-pistoseon-hero.jpg\u00bb custom_padding=\u00bb12vw||12vw||true|false\u00bb custom_padding_tablet=\u00bb12vw||12vw||true|false\u00bb custom_padding_phone=\u00bb19vw||19vw||true|false\u00bb global_colors_info=\u00bb{}\u00bb][et_pb_row _builder_version=\u00bb4.21.0&#8243; _module_preset=\u00bbdefault\u00bb global_colors_info=\u00bb{}\u00bb][et_pb_column type=\u00bb4_4&#8243; _builder_version=\u00bb4.21.0&#8243; _module_preset=\u00bbdefault\u00bb global_colors_info=\u00bb{}\u00bb][et_pb_text _builder_version=\u00bb4.22.2&#8243; _module_preset=\u00bbdefault\u00bb text_font_size=\u00bb22px\u00bb header_font=\u00bbAnak Book||||||||\u00bb header_font_size=\u00bb50px\u00bb background_image=\u00bbhttps:\/\/akeron.gr\/wp-content\/uploads\/2023\/08\/logo-line-large.png\u00bb background_size=\u00bbcontain\u00bb text_orientation=\u00bbcenter\u00bb custom_margin=\u00bb||5px||false|false\u00bb custom_padding=\u00bb40px||40px||true|false\u00bb header_font_size_tablet=\u00bb40px\u00bb header_font_size_phone=\u00bb30px\u00bb header_font_size_last_edited=\u00bbon|phone\u00bb global_colors_info=\u00bb{}\u00bb]<\/p>\n<h1>Seguro<br \/>de Cr\u00e9dito<\/h1>\n<p>[\/et_pb_text][et_pb_text disabled_on=\u00bbon|on|on\u00bb _builder_version=\u00bb4.22.2&#8243; _module_preset=\u00bbdefault\u00bb text_font=\u00bbAnak Medium||||||||\u00bb text_font_size=\u00bb22px\u00bb text_orientation=\u00bbcenter\u00bb text_font_size_tablet=\u00bb18px\u00bb text_font_size_phone=\u00bb18px\u00bb text_font_size_last_edited=\u00bbon|phone\u00bb disabled=\u00bbon\u00bb global_colors_info=\u00bb{}\u00bb]Herramienta de desarrollo desde lo \u00abseguro\u00bb[\/et_pb_text][\/et_pb_column][\/et_pb_row][\/et_pb_section][et_pb_section fb_built=\u00bb1&#8243; _builder_version=\u00bb4.21.0&#8243; _module_preset=\u00bbdefault\u00bb custom_padding=\u00bb40px||40px||true|false\u00bb global_colors_info=\u00bb{}\u00bb][et_pb_row column_structure=\u00bb1_3,2_3&#8243; use_custom_gutter=\u00bbon\u00bb gutter_width=\u00bb2&#8243; make_equal=\u00bbon\u00bb _builder_version=\u00bb4.22.1&#8243; _module_preset=\u00bbdefault\u00bb global_colors_info=\u00bb{}\u00bb][et_pb_column type=\u00bb1_3&#8243; _builder_version=\u00bb4.21.0&#8243; _module_preset=\u00bbdefault\u00bb global_colors_info=\u00bb{}\u00bb][et_pb_image src=\u00bbhttps:\/\/akeron.gr\/wp-content\/uploads\/2023\/10\/Pistoseis-11xB.png\u00bb title_text=\u00bbPistoseis &#8211; 1(1x)B\u00bb _builder_version=\u00bb4.22.2&#8243; _module_preset=\u00bbdefault\u00bb global_colors_info=\u00bb{}\u00bb][\/et_pb_image][\/et_pb_column][et_pb_column type=\u00bb2_3&#8243; _builder_version=\u00bb4.21.0&#8243; _module_preset=\u00bbdefault\u00bb custom_css_main_element=\u00bbmargin: auto;\u00bb global_colors_info=\u00bb{}\u00bb][et_pb_text _builder_version=\u00bb4.27.4&#8243; _module_preset=\u00bbdefault\u00bb header_2_font=\u00bbAnak Medium||||||||\u00bb header_2_font_size=\u00bb22px\u00bb custom_margin=\u00bb||10px||false|false\u00bb hover_enabled=\u00bb0&#8243; locked=\u00bboff\u00bb global_colors_info=\u00bb{}\u00bb sticky_enabled=\u00bb0&#8243;]<\/p>\n<h2><span style=\"font-weight: 400;\">Qu\u00e9 es el Seguro de Cr\u00e9dito<\/span><\/h2>\n<p>[\/et_pb_text][et_pb_text _builder_version=\u00bb4.27.4&#8243; _module_preset=\u00bbdefault\u00bb hover_enabled=\u00bb0&#8243; locked=\u00bboff\u00bb global_colors_info=\u00bb{}\u00bb sticky_enabled=\u00bb0&#8243;]<\/p>\n<p><span style=\"font-weight: 400;\">La capacidad de realizar ventas a cr\u00e9dito es vital para las empresas comerciales. Sin embargo, tambi\u00e9n puede representar un riesgo significativo: con frecuencia, los deudores de la empresa que vende sus productos a cr\u00e9dito no pueden o se niegan a cumplir con sus obligaciones dentro del plazo acordado. Esta incapacidad o retraso puede poner en riesgo la sostenibilidad de la propia empresa.<\/span><\/p>\n<p>[\/et_pb_text][et_pb_text _builder_version=\u00bb4.27.4&#8243; _module_preset=\u00bbdefault\u00bb text_font_size=\u00bb20px\u00bb text_line_height=\u00bb30px\u00bb background_enable_color=\u00bboff\u00bb background_image=\u00bbhttps:\/\/akeron.gr\/wp-content\/uploads\/2023\/11\/Mple-Mikri-Diagonios.png\u00bb background_size=\u00bbcontain\u00bb custom_margin=\u00bb||||false|false\u00bb custom_padding=\u00bb24px||24px||true|false\u00bb hover_enabled=\u00bb0&#8243; global_colors_info=\u00bb{}\u00bb custom_css_main_element_last_edited=\u00bbon|phone\u00bb custom_css_main_element_phone=\u00bbbackground-size: 100px 134px;\u00bb sticky_enabled=\u00bb0&#8243;]<\/p>\n<p><span style=\"font-weight: 400;\">La soluci\u00f3n a este problema es el seguro de cr\u00e9dito, un producto de seguro que protege a la empresa contra la insolvencia de sus clientes, y adem\u00e1s act\u00faa como una inversi\u00f3n para mejorar sus operaciones y facilitar su crecimiento.<\/span><\/p>\n<p>[\/et_pb_text][et_pb_text _builder_version=\u00bb4.27.4&#8243; _module_preset=\u00bbdefault\u00bb header_2_font=\u00bbAnak Medium||||||||\u00bb header_2_font_size=\u00bb22px\u00bb custom_margin=\u00bb||10px||false|false\u00bb hover_enabled=\u00bb0&#8243; locked=\u00bboff\u00bb global_colors_info=\u00bb{}\u00bb sticky_enabled=\u00bb0&#8243;]<\/p>\n<h2><span style=\"font-weight: 400;\">C\u00f3mo funciona<\/span><\/h2>\n<p>[\/et_pb_text][et_pb_text _builder_version=\u00bb4.27.4&#8243; _module_preset=\u00bbdefault\u00bb hover_enabled=\u00bb0&#8243; locked=\u00bboff\u00bb global_colors_info=\u00bb{}\u00bb sticky_enabled=\u00bb0&#8243;]<\/p>\n<p><span style=\"font-weight: 400;\">Se establece un contrato entre la empresa y la compa\u00f1\u00eda de seguros, que define los t\u00e9rminos, los l\u00edmites de cobertura, las primas y los procedimientos de indemnizaci\u00f3n en caso de incumplimiento de pago.\u00a0\u00a0<\/span><\/p>\n<p><span style=\"font-weight: 400;\">Si un cliente de la empresa presenta problemas para pagar sus deudas, se inicia el proceso de reclamaci\u00f3n de la deuda del cliente.<\/span><\/p>\n<p>[\/et_pb_text][\/et_pb_column][\/et_pb_row][\/et_pb_section][et_pb_section fb_built=\u00bb1&#8243; _builder_version=\u00bb4.21.0&#8243; _module_preset=\u00bbdefault\u00bb background_image=\u00bbhttps:\/\/akeron.gr\/wp-content\/uploads\/2023\/09\/asfalisi-pistoseon-ofeli-bg.jpg\u00bb global_colors_info=\u00bb{}\u00bb][et_pb_row _builder_version=\u00bb4.22.1&#8243; _module_preset=\u00bbdefault\u00bb custom_padding=\u00bb10px||||false|false\u00bb global_colors_info=\u00bb{}\u00bb][et_pb_column type=\u00bb4_4&#8243; _builder_version=\u00bb4.21.0&#8243; _module_preset=\u00bbdefault\u00bb global_colors_info=\u00bb{}\u00bb][et_pb_text _builder_version=\u00bb4.27.4&#8243; _module_preset=\u00bbdefault\u00bb header_2_font=\u00bbAnak Medium||||||||\u00bb header_2_font_size=\u00bb22px\u00bb text_orientation=\u00bbcenter\u00bb custom_margin=\u00bb||10px||false|false\u00bb hover_enabled=\u00bb0&#8243; locked=\u00bboff\u00bb global_colors_info=\u00bb{}\u00bb sticky_enabled=\u00bb0&#8243;]<\/p>\n<h2><span style=\"font-weight: 400;\">Ventajas del Seguro de Cr\u00e9dito<\/span><\/h2>\n<p>[\/et_pb_text][et_pb_text _builder_version=\u00bb4.27.4&#8243; _module_preset=\u00bbdefault\u00bb text_font=\u00bb|700|||||||\u00bb text_orientation=\u00bbcenter\u00bb max_width=\u00bb800px\u00bb module_alignment=\u00bbcenter\u00bb hover_enabled=\u00bb0&#8243; locked=\u00bboff\u00bb global_colors_info=\u00bb{}\u00bb sticky_enabled=\u00bb0&#8243;]<\/p>\n<p><span style=\"font-weight: 400;\">Las empresas que optan por el seguro de cr\u00e9dito para proteger sus operaciones disfrutan de una serie de ventajas. El seguro de cr\u00e9dito:<\/span><\/p>\n<p>[\/et_pb_text][\/et_pb_column][\/et_pb_row][et_pb_row column_structure=\u00bb1_3,1_3,1_3&#8243; _builder_version=\u00bb4.22.1&#8243; _module_preset=\u00bbdefault\u00bb custom_padding=\u00bb10px||10px||false|false\u00bb global_colors_info=\u00bb{}\u00bb][et_pb_column type=\u00bb1_3&#8243; _builder_version=\u00bb4.21.0&#8243; _module_preset=\u00bbdefault\u00bb global_colors_info=\u00bb{}\u00bb][et_pb_text _builder_version=\u00bb4.21.0&#8243; _module_preset=\u00bbdefault\u00bb text_font=\u00bbAnak Bold||||||||\u00bb text_text_color=\u00bb#394F5A\u00bb text_font_size=\u00bb60px\u00bb text_line_height=\u00bb70px\u00bb custom_margin=\u00bb||10px||false|false\u00bb global_colors_info=\u00bb{}\u00bb]<\/p>\n<p>01<\/p>\n<p>[\/et_pb_text][et_pb_text _builder_version=\u00bb4.27.4&#8243; _module_preset=\u00bbdefault\u00bb hover_enabled=\u00bb0&#8243; global_colors_info=\u00bb{}\u00bb sticky_enabled=\u00bb0&#8243;]<\/p>\n<p><span style=\"font-weight: 400;\"><strong>Cubre a empresas<\/strong> con sede en Grecia o de intereses griegos con sede en el extranjero.<\/span><\/p>\n<p>[\/et_pb_text][\/et_pb_column][et_pb_column type=\u00bb1_3&#8243; _builder_version=\u00bb4.21.0&#8243; _module_preset=\u00bbdefault\u00bb global_colors_info=\u00bb{}\u00bb][et_pb_text _builder_version=\u00bb4.21.0&#8243; _module_preset=\u00bbdefault\u00bb text_font=\u00bbAnak Bold||||||||\u00bb text_text_color=\u00bb#394F5A\u00bb text_font_size=\u00bb60px\u00bb text_line_height=\u00bb70px\u00bb custom_margin=\u00bb||10px||false|false\u00bb locked=\u00bboff\u00bb global_colors_info=\u00bb{}\u00bb]<\/p>\n<p>02<\/p>\n<p>[\/et_pb_text][et_pb_text _builder_version=\u00bb4.27.4&#8243; _module_preset=\u00bbdefault\u00bb hover_enabled=\u00bb0&#8243; global_colors_info=\u00bb{}\u00bb sticky_enabled=\u00bb0&#8243;]<\/p>\n<p><span style=\"font-weight: 400;\"><strong>Protege a las empresas aseguradas<\/strong> contra retrasos en los pagos o la insolvencia comprobada de sus clientes. <\/span><\/p>\n<p>[\/et_pb_text][\/et_pb_column][et_pb_column type=\u00bb1_3&#8243; _builder_version=\u00bb4.21.0&#8243; _module_preset=\u00bbdefault\u00bb global_colors_info=\u00bb{}\u00bb][et_pb_text _builder_version=\u00bb4.21.0&#8243; _module_preset=\u00bbdefault\u00bb text_font=\u00bbAnak Bold||||||||\u00bb text_text_color=\u00bb#394F5A\u00bb text_font_size=\u00bb60px\u00bb text_line_height=\u00bb70px\u00bb custom_margin=\u00bb||10px||false|false\u00bb locked=\u00bboff\u00bb global_colors_info=\u00bb{}\u00bb]<\/p>\n<p>03<\/p>\n<p>[\/et_pb_text][et_pb_text _builder_version=\u00bb4.27.4&#8243; _module_preset=\u00bbdefault\u00bb hover_enabled=\u00bb0&#8243; locked=\u00bboff\u00bb global_colors_info=\u00bb{}\u00bb sticky_enabled=\u00bb0&#8243;]<\/p>\n<p><span style=\"font-weight: 400;\"><strong>Indemniza<\/strong> con procedimientos simples y dentro de un plazo predeterminado.<\/span><\/p>\n<p>[\/et_pb_text][\/et_pb_column][\/et_pb_row][et_pb_row column_structure=\u00bb1_3,1_3,1_3&#8243; _builder_version=\u00bb4.22.1&#8243; _module_preset=\u00bbdefault\u00bb custom_padding=\u00bb10px||10px||true|false\u00bb global_colors_info=\u00bb{}\u00bb][et_pb_column type=\u00bb1_3&#8243; _builder_version=\u00bb4.21.0&#8243; _module_preset=\u00bbdefault\u00bb global_colors_info=\u00bb{}\u00bb][et_pb_text _builder_version=\u00bb4.21.0&#8243; _module_preset=\u00bbdefault\u00bb text_font=\u00bbAnak Bold||||||||\u00bb text_text_color=\u00bb#394F5A\u00bb text_font_size=\u00bb60px\u00bb text_line_height=\u00bb70px\u00bb custom_margin=\u00bb||10px||false|false\u00bb locked=\u00bboff\u00bb global_colors_info=\u00bb{}\u00bb]<\/p>\n<p>04<\/p>\n<p>[\/et_pb_text][et_pb_text _builder_version=\u00bb4.27.4&#8243; _module_preset=\u00bbdefault\u00bb hover_enabled=\u00bb0&#8243; locked=\u00bboff\u00bb global_colors_info=\u00bb{}\u00bb sticky_enabled=\u00bb0&#8243;]<\/p>\n<p><span style=\"font-weight: 400;\"><strong>Act\u00faa como una herramienta para analizar y monitorear<\/strong> la solvencia de los clientes de la empresa, mediante la recopilaci\u00f3n continua de informaci\u00f3n comercial, econ\u00f3mica y financiera.<\/span><\/p>\n<p>[\/et_pb_text][\/et_pb_column][et_pb_column type=\u00bb1_3&#8243; _builder_version=\u00bb4.21.0&#8243; _module_preset=\u00bbdefault\u00bb global_colors_info=\u00bb{}\u00bb][et_pb_text _builder_version=\u00bb4.21.0&#8243; _module_preset=\u00bbdefault\u00bb text_font=\u00bbAnak Bold||||||||\u00bb text_text_color=\u00bb#394F5A\u00bb text_font_size=\u00bb60px\u00bb text_line_height=\u00bb70px\u00bb custom_margin=\u00bb||10px||false|false\u00bb locked=\u00bboff\u00bb global_colors_info=\u00bb{}\u00bb]<\/p>\n<p>05<\/p>\n<p>[\/et_pb_text][et_pb_text _builder_version=\u00bb4.27.4&#8243; _module_preset=\u00bbdefault\u00bb hover_enabled=\u00bb0&#8243; locked=\u00bboff\u00bb global_colors_info=\u00bb{}\u00bb sticky_enabled=\u00bb0&#8243;]<\/p>\n<p><span style=\"font-weight: 400;\"><strong>Mejora el departamento de control de cr\u00e9dito<\/strong> de la empresa, apoyando la prevenci\u00f3n o incluso la mitigaci\u00f3n de riesgos crediticios.<\/span><\/p>\n<p>[\/et_pb_text][\/et_pb_column][et_pb_column type=\u00bb1_3&#8243; _builder_version=\u00bb4.21.0&#8243; _module_preset=\u00bbdefault\u00bb global_colors_info=\u00bb{}\u00bb][et_pb_text _builder_version=\u00bb4.21.0&#8243; _module_preset=\u00bbdefault\u00bb text_font=\u00bbAnak Bold||||||||\u00bb text_text_color=\u00bb#394F5A\u00bb text_font_size=\u00bb60px\u00bb text_line_height=\u00bb70px\u00bb custom_margin=\u00bb||10px||false|false\u00bb locked=\u00bboff\u00bb global_colors_info=\u00bb{}\u00bb]<\/p>\n<p>06<\/p>\n<p>[\/et_pb_text][et_pb_text _builder_version=\u00bb4.27.4&#8243; _module_preset=\u00bbdefault\u00bb hover_enabled=\u00bb0&#8243; locked=\u00bboff\u00bb global_colors_info=\u00bb{}\u00bb sticky_enabled=\u00bb0&#8243;]<\/p>\n<p><span style=\"font-weight: 400;\"><strong>Apoya los planes empresariales<\/strong> de las empresas para expandirse a nuevos mercados.<\/span><\/p>\n<p>[\/et_pb_text][\/et_pb_column][\/et_pb_row][\/et_pb_section][et_pb_section fb_built=\u00bb1&#8243; custom_padding_last_edited=\u00bbon|tablet\u00bb _builder_version=\u00bb4.22.1&#8243; _module_preset=\u00bbdefault\u00bb custom_padding=\u00bb60px||60px||true|false\u00bb custom_padding_tablet=\u00bb40px||40px||true|false\u00bb custom_padding_phone=\u00bb40px||40px||true|false\u00bb border_width_top=\u00bb1px\u00bb border_color_top=\u00bb#B8C6DD\u00bb border_width_bottom=\u00bb1px\u00bb border_color_bottom=\u00bb#B8C6DD\u00bb global_colors_info=\u00bb{}\u00bb][et_pb_row column_structure=\u00bb3_5,2_5&#8243; make_equal=\u00bbon\u00bb _builder_version=\u00bb4.22.1&#8243; _module_preset=\u00bbdefault\u00bb width=\u00bb100%\u00bb max_width=\u00bb100%\u00bb custom_padding=\u00bb10px||10px||true|false\u00bb locked=\u00bboff\u00bb global_colors_info=\u00bb{}\u00bb][et_pb_column type=\u00bb3_5&#8243; _builder_version=\u00bb4.22.1&#8243; _module_preset=\u00bbdefault\u00bb custom_padding=\u00bb|80px||80px|false|true\u00bb custom_padding_tablet=\u00bb|60px|20px|60px|false|true\u00bb custom_padding_phone=\u00bb|40px||40px|false|true\u00bb custom_padding_last_edited=\u00bbon|phone\u00bb custom_css_main_element=\u00bbmargin: auto;\u00bb global_colors_info=\u00bb{}\u00bb custom_padding__hover_enabled=\u00bboff|desktop\u00bb][et_pb_text _builder_version=\u00bb4.22.1&#8243; _module_preset=\u00bbdefault\u00bb header_2_font=\u00bbAnak Medium||||||||\u00bb header_2_font_size=\u00bb22px\u00bb custom_margin=\u00bb||20px||false|false\u00bb locked=\u00bboff\u00bb global_colors_info=\u00bb{}\u00bb]<\/p>\n<h2>PREGUNTAS FRECUENTES SOBRE EL SEGURO DE CR\u00c9DITO<\/h2>\n<p>[\/et_pb_text][dsm_faq dsm_accordion_gap=\u00bb30px\u00bb dsm_make_accordion_toggle=\u00bbon\u00bb dsm_close_bg_color=\u00bbRGBA(255,255,255,0)\u00bb dsm_open_font_icon=\u00bb&#x4b;||divi||400&#8243; dsm_close_font_icon=\u00bb&#x4c;||divi||400&#8243; dsm_open_icon_bg_color=\u00bb#FAFAFA\u00bb dsm_open_icon_color=\u00bb#d9d9d9&#8243; dsm_close_icon_bg_color=\u00bb#FAFAFA\u00bb dsm_close_icon_color=\u00bb#d9d9d9&#8243; dsm_open_font_size=\u00bb32px\u00bb dsm_close_font_size=\u00bb32px\u00bb dsm_animate_icon=\u00bbon\u00bb _builder_version=\u00bb4.27.4&#8243; _module_preset=\u00bbdefault\u00bb border_radii_dsm_icon_open_border=\u00bbon|50%|50%|50%|50%\u00bb border_radii_dsm_icon_close_border=\u00bbon|50%|50%|50%|50%\u00bb global_colors_info=\u00bb{}\u00bb][dsm_faq_child dsm_title=\u00bbExiste alguna diferencia entre el seguro de cr\u00e9dito y las fianzas?\u00bb dsm_content=\u00bb<\/p>\n<p><span style=%22font-weight: 400;%22>Son dos soluciones de seguro diferentes, que responden a distintas necesidades empresariales. El seguro de cr\u00e9dito comercial protege a la empresa de las p\u00e9rdidas derivadas de la insolvencia o el incumplimiento prolongado de sus clientes, mientras que las fianzas permiten a las empresas garantizar, a trav\u00e9s de una compa\u00f1\u00eda de seguros, el cumplimiento de diversas obligaciones.<\/span><\/p>\n<p>\u00bb _builder_version=\u00bb4.27.4&#8243; _module_preset=\u00bbdefault\u00bb global_colors_info=\u00bb{}\u00bb parentOrderClass=\u00bbdsm_faq_0&#8243;][\/dsm_faq_child][dsm_faq_child dsm_title=\u00bbPuedo elegir un seguro de cr\u00e9dito comercial para mi empresa independientemente de su tama\u00f1o? \u00bb dsm_content=\u00bb<\/p>\n<p><span style=%22font-weight: 400;%22>Cualquier empresa, peque\u00f1a o mediana, en Grecia o en el extranjero, puede tener una p\u00f3liza de seguro de cr\u00e9dito comercial.<\/span><\/p>\n<p>\u00bb _builder_version=\u00bb4.27.4&#8243; _module_preset=\u00bbdefault\u00bb global_colors_info=\u00bb{}\u00bb parentOrderClass=\u00bbdsm_faq_0&#8243;][\/dsm_faq_child][dsm_faq_child dsm_title=\u00bbAfecta el seguro de cr\u00e9dito a mi calificaci\u00f3n crediticia?\u00bb dsm_content=\u00bb<\/p>\n<p><span style=%22font-weight: 400;%22>Revisamos la solvencia de los clientes existentes y nuevos. Basado en eso, se establece un l\u00edmite de cr\u00e9dito para cada empresa, que es el monto m\u00e1ximo por el cual se te indemnizar\u00e1.<\/span><\/p>\n<p>\u00bb _builder_version=\u00bb4.27.4&#8243; _module_preset=\u00bbdefault\u00bb global_colors_info=\u00bb{}\u00bb parentOrderClass=\u00bbdsm_faq_0&#8243;][\/dsm_faq_child][\/dsm_faq][\/et_pb_column][et_pb_column type=\u00bb2_5&#8243; _builder_version=\u00bb4.21.0&#8243; _module_preset=\u00bbdefault\u00bb background_enable_image=\u00bboff\u00bb background_position=\u00bbtop_center\u00bb global_colors_info=\u00bb{}\u00bb][et_pb_image src=\u00bbhttps:\/\/akeron.gr\/wp-content\/uploads\/2023\/09\/asfalisi-pistoseon-img-3.jpg\u00bb title_text=\u00bbasfalisi-pistoseon-img-3&#8243; align=\u00bbright\u00bb align_tablet=\u00bbcenter\u00bb align_phone=\u00bbcenter\u00bb align_last_edited=\u00bbon|phone\u00bb _builder_version=\u00bb4.21.0&#8243; _module_preset=\u00bbdefault\u00bb global_colors_info=\u00bb{}\u00bb][\/et_pb_image][\/et_pb_column][\/et_pb_row][\/et_pb_section][et_pb_section fb_built=\u00bb1&#8243; admin_label=\u00bbSection &#8211; Text &#038; Link to all SERVICES\u00bb _builder_version=\u00bb4.22.2&#8243; _module_preset=\u00bbdefault\u00bb border_width_bottom=\u00bb1px\u00bb border_color_bottom=\u00bb#B8C6DD\u00bb global_colors_info=\u00bb{}\u00bb][et_pb_row column_structure=\u00bb3_5,2_5&#8243; _builder_version=\u00bb4.22.2&#8243; _module_preset=\u00bbdefault\u00bb global_colors_info=\u00bb{}\u00bb][et_pb_column type=\u00bb3_5&#8243; _builder_version=\u00bb4.22.2&#8243; _module_preset=\u00bbdefault\u00bb global_colors_info=\u00bb{}\u00bb][et_pb_text _builder_version=\u00bb4.27.4&#8243; _module_preset=\u00bbdefault\u00bb hover_enabled=\u00bb0&#8243; global_colors_info=\u00bb{}\u00bb sticky_enabled=\u00bb0&#8243;]<\/p>\n<h1>\u00bfPor qu\u00e9 elegir Gkiolekas Insurance Solutions?<\/h1>\n<p><span style=\"font-weight: 400;\">Desde el inicio de sus operaciones hasta hoy, la mayor parte de la cartera de la empresa incluye programas de seguro de cr\u00e9dito. Contamos con una experiencia y especializaci\u00f3n significativas en esta soluci\u00f3n de seguros. Al mismo tiempo, bajo el paraguas del Grupo NAK, trabajamos con la garant\u00eda de Credea (International Credit Network). NAK Katsiberis es miembro oficial de la asociaci\u00f3n internacional Credea, una red independiente de corredores de seguros con 46 miembros en todo el mundo.<\/span><\/p>\n<p>[\/et_pb_text][\/et_pb_column][et_pb_column type=\u00bb2_5&#8243; _builder_version=\u00bb4.22.2&#8243; _module_preset=\u00bbdefault\u00bb global_colors_info=\u00bb{}\u00bb][et_pb_button button_url=\u00bb@ET-DC@eyJkeW5hbWljIjp0cnVlLCJjb250ZW50IjoicG9zdF9saW5rX3VybF9wYWdlIiwic2V0dGluZ3MiOnsicG9zdF9pZCI6IjM1NzgyMiJ9fQ==@\u00bb button_text=\u00bbCont\u00e1ctenos\u00bb button_alignment=\u00bbcenter\u00bb button_alignment_tablet=\u00bbleft\u00bb button_alignment_phone=\u00bbleft\u00bb button_alignment_last_edited=\u00bbon|desktop\u00bb admin_label=\u00bbLiar Button &#8211; Freddie\u00bb module_class=\u00bbfreddie_button_liar\u00bb _builder_version=\u00bb4.25.2&#8243; _dynamic_attributes=\u00bbbutton_url\u00bb custom_button=\u00bbon\u00bb button_text_size=\u00bb16px\u00bb button_text_color=\u00bb#394F5A\u00bb button_bg_color=\u00bbrgba(255,255,255,0)\u00bb button_border_width=\u00bb0px\u00bb button_border_color=\u00bb#394F5A\u00bb button_border_radius=\u00bb0px\u00bb button_font=\u00bbAnak Medium||||||||\u00bb button_icon=\u00bb&#x35;||divi||400&#8243; button_icon_color=\u00bb#394F5A\u00bb button_on_hover=\u00bboff\u00bb custom_margin=\u00bb80px|26px|||false|false\u00bb custom_padding=\u00bb0px|0px|0px|0px|true|false\u00bb z_index_tablet=\u00bb500&#8243; custom_css_main_element=\u00bbtransition: 0s !important;\u00bb custom_css_after=\u00bb    position: absolute !important;||    display: block !important;||    margin: 0 !important;||    top: 50%;||    opacity: 0.2 !important;||    transform: translate(0,-50%);||    right: -28px;||    font-size: 30px !important;\u00bb locked=\u00bboff\u00bb global_colors_info=\u00bb{}\u00bb][\/et_pb_button][\/et_pb_column][\/et_pb_row][\/et_pb_section]<\/p>\n","protected":false},"excerpt":{"rendered":"<p>Segurode Cr\u00e9ditoHerramienta de desarrollo desde lo \u00abseguro\u00bbQu\u00e9 es el Seguro de Cr\u00e9ditoLa capacidad de realizar ventas a cr\u00e9dito es vital para las empresas comerciales. Sin embargo, tambi\u00e9n puede representar un riesgo significativo: con frecuencia, los deudores de la empresa que vende sus productos a cr\u00e9dito no pueden o se niegan a cumplir con sus obligaciones dentro del plazo acordado. Esta incapacidad o retraso puede poner en riesgo la sostenibilidad de la propia empresa.La soluci\u00f3n a este problema es el seguro de cr\u00e9dito, un producto de seguro que protege a la empresa contra la insolvencia de sus clientes, y adem\u00e1s act\u00faa como una inversi\u00f3n para mejorar sus operaciones y facilitar su crecimiento.C\u00f3mo funcionaSe establece un contrato entre la empresa y la compa\u00f1\u00eda de seguros, que define los t\u00e9rminos, los l\u00edmites de cobertura, las primas y los procedimientos de indemnizaci\u00f3n en caso de incumplimiento de pago.\u00a0\u00a0 Si un cliente de la empresa presenta problemas para pagar sus deudas, se inicia el proceso de reclamaci\u00f3n de la deuda del cliente.Ventajas del Seguro de Cr\u00e9ditoLas empresas que optan por el seguro de cr\u00e9dito para proteger sus operaciones disfrutan de una serie de ventajas. El seguro de cr\u00e9dito:01Cubre a empresas con sede en Grecia o [&hellip;]<\/p>\n","protected":false},"author":1,"featured_media":0,"parent":363127,"menu_order":1,"comment_status":"closed","ping_status":"closed","template":"","meta":{"_seopress_robots_primary_cat":"","_seopress_titles_title":"Seguro de Cr\u00e9ditos - Protecci\u00f3n y Crecimiento de las Empresas","_seopress_titles_desc":"El seguro de cr\u00e9ditos de Gkiolekas Insurance Solutions protege a las empresas de todos los sectores contra p\u00e9rdidas financieras, ofreciendo protecci\u00f3n especializada y seguridad.","_seopress_robots_index":"","_et_pb_use_builder":"on","_et_pb_old_content":"","_et_gb_content_width":"","footnotes":""},"class_list":["post-363188","page","type-page","status-publish","hentry"],"_links":{"self":[{"href":"https:\/\/akeron.gr\/es\/wp-json\/wp\/v2\/pages\/363188","targetHints":{"allow":["GET"]}}],"collection":[{"href":"https:\/\/akeron.gr\/es\/wp-json\/wp\/v2\/pages"}],"about":[{"href":"https:\/\/akeron.gr\/es\/wp-json\/wp\/v2\/types\/page"}],"author":[{"embeddable":true,"href":"https:\/\/akeron.gr\/es\/wp-json\/wp\/v2\/users\/1"}],"replies":[{"embeddable":true,"href":"https:\/\/akeron.gr\/es\/wp-json\/wp\/v2\/comments?post=363188"}],"version-history":[{"count":5,"href":"https:\/\/akeron.gr\/es\/wp-json\/wp\/v2\/pages\/363188\/revisions"}],"predecessor-version":[{"id":363476,"href":"https:\/\/akeron.gr\/es\/wp-json\/wp\/v2\/pages\/363188\/revisions\/363476"}],"up":[{"embeddable":true,"href":"https:\/\/akeron.gr\/es\/wp-json\/wp\/v2\/pages\/363127"}],"wp:attachment":[{"href":"https:\/\/akeron.gr\/es\/wp-json\/wp\/v2\/media?parent=363188"}],"curies":[{"name":"wp","href":"https:\/\/api.w.org\/{rel}","templated":true}]}}