{"id":363211,"date":"2023-09-12T22:23:54","date_gmt":"2023-09-12T19:23:54","guid":{"rendered":"https:\/\/akeron.gr\/servicios\/seguro-de-grupo-para-personal\/"},"modified":"2025-02-04T16:57:56","modified_gmt":"2025-02-04T14:57:56","slug":"seguro-de-grupo-para-personal","status":"publish","type":"page","link":"https:\/\/akeron.gr\/es\/servicios\/seguro-de-grupo-para-personal\/","title":{"rendered":"Seguro de Grupo para Personal"},"content":{"rendered":"<p>[et_pb_section fb_built=\u00bb1&#8243; custom_padding_last_edited=\u00bbon|phone\u00bb module_class=\u00bbservices-hero-section\u00bb _builder_version=\u00bb4.24.2&#8243; _module_preset=\u00bbdefault\u00bb background_image=\u00bbhttps:\/\/akeron.gr\/wp-content\/uploads\/2023\/11\/Omadiki-Hero2xB.jpg\u00bb custom_padding=\u00bb12vw||12vw||true|false\u00bb custom_padding_tablet=\u00bb12vw||12vw||true|false\u00bb custom_padding_phone=\u00bb19vw||19vw||true|false\u00bb global_colors_info=\u00bb{}\u00bb][et_pb_row _builder_version=\u00bb4.21.0&#8243; _module_preset=\u00bbdefault\u00bb global_colors_info=\u00bb{}\u00bb][et_pb_column type=\u00bb4_4&#8243; _builder_version=\u00bb4.21.0&#8243; _module_preset=\u00bbdefault\u00bb global_colors_info=\u00bb{}\u00bb][et_pb_text _builder_version=\u00bb4.22.2&#8243; _module_preset=\u00bbdefault\u00bb header_font=\u00bbAnak Book||||||||\u00bb header_font_size=\u00bb50px\u00bb background_image=\u00bbhttps:\/\/akeron.gr\/wp-content\/uploads\/2023\/08\/logo-line-large.png\u00bb background_size=\u00bbcontain\u00bb text_orientation=\u00bbcenter\u00bb custom_margin=\u00bb||5px||false|false\u00bb custom_padding=\u00bb40px||40px||true|false\u00bb header_font_size_tablet=\u00bb40px\u00bb header_font_size_phone=\u00bb30px\u00bb header_font_size_last_edited=\u00bbon|phone\u00bb global_colors_info=\u00bb{}\u00bb]<\/p>\n<h1>Seguro de Grupo<br \/>para Personal<\/h1>\n<p>[\/et_pb_text][et_pb_text disabled_on=\u00bbon|on|on\u00bb _builder_version=\u00bb4.22.2&#8243; _module_preset=\u00bbdefault\u00bb text_font=\u00bbAnak Medium||||||||\u00bb text_font_size=\u00bb22px\u00bb text_orientation=\u00bbcenter\u00bb text_font_size_tablet=\u00bb18px\u00bb text_font_size_phone=\u00bb18px\u00bb text_font_size_last_edited=\u00bbon|desktop\u00bb disabled=\u00bbon\u00bb global_colors_info=\u00bb{}\u00bb]<\/p>\n<p>Inversi\u00f3n en el mayor activo de su empresa<\/p>\n<p>[\/et_pb_text][\/et_pb_column][\/et_pb_row][\/et_pb_section][et_pb_section fb_built=\u00bb1&#8243; _builder_version=\u00bb4.22.1&#8243; _module_preset=\u00bbdefault\u00bb custom_padding=\u00bb40px||40px||true|false\u00bb global_colors_info=\u00bb{}\u00bb][et_pb_row column_structure=\u00bb1_3,2_3&#8243; use_custom_gutter=\u00bbon\u00bb gutter_width=\u00bb2&#8243; make_equal=\u00bbon\u00bb _builder_version=\u00bb4.21.0&#8243; _module_preset=\u00bbdefault\u00bb global_colors_info=\u00bb{}\u00bb][et_pb_column type=\u00bb1_3&#8243; _builder_version=\u00bb4.21.0&#8243; _module_preset=\u00bbdefault\u00bb global_colors_info=\u00bb{}\u00bb][et_pb_image src=\u00bbhttps:\/\/akeron.gr\/wp-content\/uploads\/2023\/11\/Omadiki-12xNew.jpg\u00bb title_text=\u00bbOmadiki&#8212;1(2x)(New)\u00bb _builder_version=\u00bb4.22.2&#8243; _module_preset=\u00bbdefault\u00bb global_colors_info=\u00bb{}\u00bb][\/et_pb_image][\/et_pb_column][et_pb_column type=\u00bb2_3&#8243; _builder_version=\u00bb4.21.0&#8243; _module_preset=\u00bbdefault\u00bb custom_css_main_element=\u00bbmargin: auto;\u00bb global_colors_info=\u00bb{}\u00bb][et_pb_text _builder_version=\u00bb4.25.2&#8243; _module_preset=\u00bbdefault\u00bb background_image=\u00bbhttps:\/\/akeron.gr\/wp-content\/uploads\/2023\/09\/logo-line-large-light.png\u00bb background_size=\u00bbcontain\u00bb locked=\u00bboff\u00bb global_colors_info=\u00bb{}\u00bb custom_css_main_element_last_edited=\u00bbon|phone\u00bb custom_css_main_element_phone=\u00bbbackground-size: 100px 134px;\u00bb]<\/p>\n<p>El capital m\u00e1s valioso de cualquier empresa son sus personas. Por eso es importante que se sientan seguros y protegidos. <\/p>\n<p>El seguro de grupo para personal es uno de los beneficios m\u00e1s importantes que una empresa puede ofrecer a sus empleados. De hecho, su valor es tan grande que los beneficios de este servicio los disfrutan tanto el personal como la propia empresa.<\/p>\n<p>[\/et_pb_text][et_pb_text _builder_version=\u00bb4.25.2&#8243; _module_preset=\u00bbdefault\u00bb header_2_font=\u00bbAnak Medium||||||||\u00bb header_2_font_size=\u00bb22px\u00bb custom_margin=\u00bb||10px||false|false\u00bb locked=\u00bboff\u00bb global_colors_info=\u00bb{}\u00bb]<\/p>\n<h2>Qu\u00e9 es el Seguro de Grupo para Personal? <\/h2>\n<p>El seguro de grupo para personal es una soluci\u00f3n de seguros que una empresa elige para ofrecer a sus empleados. El objetivo es, a trav\u00e9s de este servicio, cubrir las posibles lagunas del Seguro Social.<\/p>\n<p>[\/et_pb_text][et_pb_text _builder_version=\u00bb4.25.2&#8243; _module_preset=\u00bbdefault\u00bb locked=\u00bboff\u00bb global_colors_info=\u00bb{}\u00bb]<\/p>\n<p>Dependiendo de los objetivos y necesidades de la empresa, \u00e9sta puede optar por ofrecer a sus empleados un seguro de salud grupal, un seguro de jubilaci\u00f3n grupal, o incluso combinar ambos programas.<\/p>\n<p>[\/et_pb_text][\/et_pb_column][\/et_pb_row][\/et_pb_section][et_pb_section fb_built=\u00bb1&#8243; _builder_version=\u00bb4.22.1&#8243; _module_preset=\u00bbdefault\u00bb background_image=\u00bbhttps:\/\/akeron.gr\/wp-content\/uploads\/2023\/09\/omadiki-asfalisi-prosopikou-ofeli-section-bg.jpg\u00bb custom_padding=\u00bb40px||40px||true|false\u00bb global_colors_info=\u00bb{}\u00bb][et_pb_row _builder_version=\u00bb4.22.1&#8243; _module_preset=\u00bbdefault\u00bb custom_padding=\u00bb10px||10px||false|false\u00bb global_colors_info=\u00bb{}\u00bb][et_pb_column type=\u00bb4_4&#8243; _builder_version=\u00bb4.21.0&#8243; _module_preset=\u00bbdefault\u00bb global_colors_info=\u00bb{}\u00bb][et_pb_text _builder_version=\u00bb4.25.2&#8243; _module_preset=\u00bbdefault\u00bb header_2_font=\u00bbAnak Medium||||||||\u00bb header_2_font_size=\u00bb22px\u00bb text_orientation=\u00bbcenter\u00bb custom_margin=\u00bb||10px||false|false\u00bb locked=\u00bboff\u00bb global_colors_info=\u00bb{}\u00bb]<\/p>\n<h2>Ventajas para la Empresa y los Empleados<\/h2>\n<p><span style=\"font-weight: 400;\">Las ventajas que ofrece el seguro de grupo para personal benefician tanto a la empresa como a los empleados.<\/span><\/p>\n<p><span style=\"font-weight: 400;\">En concreto, el seguro de grupo:<\/span><\/p>\n<p>[\/et_pb_text][\/et_pb_column][\/et_pb_row][et_pb_row column_structure=\u00bb1_5,1_5,1_5,1_5,1_5&#8243; _builder_version=\u00bb4.22.1&#8243; _module_preset=\u00bbdefault\u00bb custom_padding=\u00bb20px||||false|false\u00bb global_colors_info=\u00bb{}\u00bb][et_pb_column type=\u00bb1_5&#8243; _builder_version=\u00bb4.21.0&#8243; _module_preset=\u00bbdefault\u00bb global_colors_info=\u00bb{}\u00bb][et_pb_text _builder_version=\u00bb4.21.0&#8243; _module_preset=\u00bbdefault\u00bb text_font=\u00bbAnak Bold||||||||\u00bb text_text_color=\u00bb#394F5A\u00bb text_font_size=\u00bb60px\u00bb text_line_height=\u00bb70px\u00bb custom_margin=\u00bb||10px||false|false\u00bb global_colors_info=\u00bb{}\u00bb]<\/p>\n<p>01<\/p>\n<p>[\/et_pb_text][et_pb_text module_class=\u00bbcustom-text\u00bb _builder_version=\u00bb4.25.2&#8243; _module_preset=\u00bbdefault\u00bb header_3_font=\u00bbAnak Medium||||||||\u00bb global_colors_info=\u00bb{}\u00bb]<\/p>\n<p>Refuerza el sentido de seguridad de los empleados y su satisfacci\u00f3n.<\/p>\n<p>[\/et_pb_text][\/et_pb_column][et_pb_column type=\u00bb1_5&#8243; _builder_version=\u00bb4.21.0&#8243; _module_preset=\u00bbdefault\u00bb global_colors_info=\u00bb{}\u00bb][et_pb_text _builder_version=\u00bb4.21.0&#8243; _module_preset=\u00bbdefault\u00bb text_font=\u00bbAnak Bold||||||||\u00bb text_text_color=\u00bb#394F5A\u00bb text_font_size=\u00bb60px\u00bb text_line_height=\u00bb70px\u00bb custom_margin=\u00bb||10px||false|false\u00bb locked=\u00bboff\u00bb global_colors_info=\u00bb{}\u00bb]<\/p>\n<p>02<\/p>\n<p>[\/et_pb_text][et_pb_text module_class=\u00bbcustom-text\u00bb _builder_version=\u00bb4.25.2&#8243; _module_preset=\u00bbdefault\u00bb header_3_font=\u00bbAnak Medium||||||||\u00bb global_colors_info=\u00bb{}\u00bb]<\/p>\n<p>Hace que la empresa sea m\u00e1s atractiva para los candidatos a empleo.<\/p>\n<p>[\/et_pb_text][\/et_pb_column][et_pb_column type=\u00bb1_5&#8243; _builder_version=\u00bb4.21.0&#8243; _module_preset=\u00bbdefault\u00bb global_colors_info=\u00bb{}\u00bb][et_pb_text _builder_version=\u00bb4.21.0&#8243; _module_preset=\u00bbdefault\u00bb text_font=\u00bbAnak Bold||||||||\u00bb text_text_color=\u00bb#394F5A\u00bb text_font_size=\u00bb60px\u00bb text_line_height=\u00bb70px\u00bb custom_margin=\u00bb||10px||false|false\u00bb locked=\u00bboff\u00bb global_colors_info=\u00bb{}\u00bb]<\/p>\n<p>03<\/p>\n<p>[\/et_pb_text][et_pb_text module_class=\u00bbcustom-text\u00bb _builder_version=\u00bb4.25.2&#8243; _module_preset=\u00bbdefault\u00bb header_3_font=\u00bbAnak Medium||||||||\u00bb locked=\u00bboff\u00bb global_colors_info=\u00bb{}\u00bb]<\/p>\n<p>Ofrece una serie de beneficios fiscales a las empresas.<\/p>\n<p>[\/et_pb_text][\/et_pb_column][et_pb_column type=\u00bb1_5&#8243; _builder_version=\u00bb4.21.0&#8243; _module_preset=\u00bbdefault\u00bb global_colors_info=\u00bb{}\u00bb][et_pb_text _builder_version=\u00bb4.22.1&#8243; _module_preset=\u00bbdefault\u00bb text_font=\u00bbAnak Bold||||||||\u00bb text_text_color=\u00bb#394F5A\u00bb text_font_size=\u00bb60px\u00bb text_line_height=\u00bb70px\u00bb custom_margin=\u00bb||10px||false|false\u00bb locked=\u00bboff\u00bb global_colors_info=\u00bb{}\u00bb]<\/p>\n<p>04<\/p>\n<p>[\/et_pb_text][et_pb_text module_class=\u00bbcustom-text\u00bb _builder_version=\u00bb4.25.2&#8243; _module_preset=\u00bbdefault\u00bb header_3_font=\u00bbAnak Medium||||||||\u00bb locked=\u00bboff\u00bb global_colors_info=\u00bb{}\u00bb]<\/p>\n<p><span style=\"font-weight: 400;\">Aumenta la productividad de los empleados, ya que se sienten m\u00e1s seguros.<\/span><\/p>\n<p>[\/et_pb_text][\/et_pb_column][et_pb_column type=\u00bb1_5&#8243; _builder_version=\u00bb4.21.0&#8243; _module_preset=\u00bbdefault\u00bb global_colors_info=\u00bb{}\u00bb][et_pb_text _builder_version=\u00bb4.22.1&#8243; _module_preset=\u00bbdefault\u00bb text_font=\u00bbAnak Bold||||||||\u00bb text_text_color=\u00bb#394F5A\u00bb text_font_size=\u00bb60px\u00bb text_line_height=\u00bb70px\u00bb custom_margin=\u00bb||10px||false|false\u00bb locked=\u00bboff\u00bb global_colors_info=\u00bb{}\u00bb]<\/p>\n<p>05<\/p>\n<p>[\/et_pb_text][et_pb_text module_class=\u00bbcustom-text\u00bb _builder_version=\u00bb4.25.2&#8243; _module_preset=\u00bbdefault\u00bb header_3_font=\u00bbAnak Medium||||||||\u00bb locked=\u00bboff\u00bb global_colors_info=\u00bb{}\u00bb]<\/p>\n<p>Proporciona acceso a servicios de salud de calidad para los empleados y sus familias. <\/p>\n<p>[\/et_pb_text][\/et_pb_column][\/et_pb_row][\/et_pb_section][et_pb_section fb_built=\u00bb1&#8243; custom_padding_last_edited=\u00bbon|tablet\u00bb disabled_on=\u00bboff|off|off\u00bb _builder_version=\u00bb4.22.1&#8243; _module_preset=\u00bbdefault\u00bb background_color=\u00bb#FAFAFA\u00bb custom_padding=\u00bb60px||60px||true|false\u00bb custom_padding_tablet=\u00bb40px||40px||true|false\u00bb custom_padding_phone=\u00bb40px||40px||true|false\u00bb global_colors_info=\u00bb{}\u00bb][et_pb_row column_structure=\u00bb3_5,2_5&#8243; make_equal=\u00bbon\u00bb _builder_version=\u00bb4.22.1&#8243; _module_preset=\u00bbdefault\u00bb width=\u00bb100%\u00bb max_width=\u00bb100%\u00bb custom_padding=\u00bb10px||10px||true|false\u00bb locked=\u00bboff\u00bb global_colors_info=\u00bb{}\u00bb][et_pb_column type=\u00bb3_5&#8243; _builder_version=\u00bb4.22.1&#8243; _module_preset=\u00bbdefault\u00bb custom_padding=\u00bb|80px||80px|false|true\u00bb custom_padding_tablet=\u00bb|60px|20px|60px|false|true\u00bb custom_padding_phone=\u00bb|40px||40px|false|true\u00bb custom_padding_last_edited=\u00bbon|tablet\u00bb custom_css_main_element=\u00bbmargin: auto;\u00bb global_colors_info=\u00bb{}\u00bb custom_padding__hover_enabled=\u00bboff|desktop\u00bb][et_pb_text _builder_version=\u00bb4.22.1&#8243; _module_preset=\u00bbdefault\u00bb header_2_font=\u00bbAnak Medium||||||||\u00bb header_2_font_size=\u00bb22px\u00bb custom_margin=\u00bb||20px||false|false\u00bb locked=\u00bboff\u00bb global_colors_info=\u00bb{}\u00bb]<\/p>\n<h2> PREGUNTAS FRECUENTES SOBRE EL SEGURO COLECTIVO DE PERSONAL <\/h2>\n<p>[\/et_pb_text][dsm_faq dsm_accordion_gap=\u00bb15px\u00bb dsm_make_accordion_toggle=\u00bbon\u00bb dsm_close_bg_color=\u00bbRGBA(255,255,255,0)\u00bb dsm_open_font_icon=\u00bb&#x4b;||divi||400&#8243; dsm_close_font_icon=\u00bb&#x4c;||divi||400&#8243; dsm_open_icon_bg_color=\u00bb#FAFAFA\u00bb dsm_open_icon_color=\u00bb#d9d9d9&#8243; dsm_close_icon_bg_color=\u00bb#FAFAFA\u00bb dsm_close_icon_color=\u00bb#d9d9d9&#8243; dsm_open_font_size=\u00bb32px\u00bb dsm_close_font_size=\u00bb32px\u00bb dsm_animate_icon=\u00bbon\u00bb _builder_version=\u00bb4.27.4&#8243; _module_preset=\u00bbdefault\u00bb hover_enabled=\u00bb0&#8243; border_radii_dsm_icon_open_border=\u00bbon|50%|50%|50%|50%\u00bb border_radii_dsm_icon_close_border=\u00bbon|50%|50%|50%|50%\u00bb global_colors_info=\u00bb{}\u00bb sticky_enabled=\u00bb0&#8243;][dsm_faq_child dsm_title=\u00bbQu\u00e9 empresas necesitan un seguro de salud colectivo?\u00bb dsm_content=\u00bb<\/p>\n<p><span style=%22font-weight: 400;%22>Todas las empresas deber\u00edan considerar este tipo de programas de seguros. Personalizamos los programas seg\u00fan tus necesidades, para que tanto t\u00fa como tu equipo puedan beneficiarse de ellos.<\/span><\/p>\n<p>\u00bb _builder_version=\u00bb4.27.4&#8243; _module_preset=\u00bbdefault\u00bb hover_enabled=\u00bb0&#8243; global_colors_info=\u00bb{}\u00bb parentOrderClass=\u00bbdsm_faq_0&#8243; sticky_enabled=\u00bb0&#8243;][\/dsm_faq_child][dsm_faq_child dsm_title=\u00bbPor qu\u00e9 deber\u00eda elegir un seguro de salud colectivo?\u00bb dsm_content=\u00bb<\/p>\n<p><span style=%22font-weight: 400;%22>Hay m\u00faltiples beneficios para tu empresa y tus empleados. El seguro de salud colectivo compensa las deficiencias del sistema de seguridad social; adem\u00e1s, aumenta la sensaci\u00f3n de seguridad entre tus empleados y contribuye al incremento de la productividad. En cuanto a tu empresa, ayuda en tus esfuerzos por atraer y retener talento, destacarte de la competencia y fortalecer tu posici\u00f3n en el mercado competitivo actual.<\/span><\/p>\n<p>\u00bb _builder_version=\u00bb4.27.4&#8243; _module_preset=\u00bbdefault\u00bb hover_enabled=\u00bb0&#8243; global_colors_info=\u00bb{}\u00bb parentOrderClass=\u00bbdsm_faq_0&#8243; sticky_enabled=\u00bb0&#8243;][\/dsm_faq_child][dsm_faq_child dsm_title=\u00bbC\u00f3mo funciona el seguro de pensi\u00f3n colectiva? \u00bb dsm_content=\u00bb<\/p>\n<p><span style=%22font-weight: 400;%22>Pagando una cierta cantidad cada mes, ofreces a tus empleados la opci\u00f3n de una pensi\u00f3n adicional o un pago \u00fanico, que recibir\u00e1n en un momento espec\u00edfico que habr\u00e1n acordado mutuamente.<\/span><\/p>\n<p>\u00bb _builder_version=\u00bb4.27.4&#8243; _module_preset=\u00bbdefault\u00bb hover_enabled=\u00bb0&#8243; global_colors_info=\u00bb{}\u00bb parentOrderClass=\u00bbdsm_faq_0&#8243; sticky_enabled=\u00bb0&#8243;][\/dsm_faq_child][\/dsm_faq][\/et_pb_column][et_pb_column type=\u00bb2_5&#8243; _builder_version=\u00bb4.21.0&#8243; _module_preset=\u00bbdefault\u00bb background_enable_image=\u00bboff\u00bb background_position=\u00bbtop_center\u00bb global_colors_info=\u00bb{}\u00bb][et_pb_image src=\u00bbhttps:\/\/akeron.gr\/wp-content\/uploads\/2023\/11\/Omadiki-42xB.png\u00bb title_text=\u00bbOmadiki &#8211; 4(2x)B\u00bb align=\u00bbright\u00bb align_tablet=\u00bbcenter\u00bb align_phone=\u00bbcenter\u00bb align_last_edited=\u00bbon|phone\u00bb _builder_version=\u00bb4.22.2&#8243; _module_preset=\u00bbdefault\u00bb global_colors_info=\u00bb{}\u00bb][\/et_pb_image][\/et_pb_column][\/et_pb_row][\/et_pb_section][et_pb_section fb_built=\u00bb1&#8243; admin_label=\u00bbSection &#8211; Text &#038; Link to all SERVICES\u00bb _builder_version=\u00bb4.22.2&#8243; _module_preset=\u00bbdefault\u00bb border_width_bottom=\u00bb1px\u00bb border_color_bottom=\u00bb#B8C6DD\u00bb global_colors_info=\u00bb{}\u00bb][et_pb_row column_structure=\u00bb3_5,2_5&#8243; _builder_version=\u00bb4.22.2&#8243; _module_preset=\u00bbdefault\u00bb global_colors_info=\u00bb{}\u00bb][et_pb_column type=\u00bb3_5&#8243; _builder_version=\u00bb4.22.2&#8243; _module_preset=\u00bbdefault\u00bb global_colors_info=\u00bb{}\u00bb][et_pb_text _builder_version=\u00bb4.27.4&#8243; _module_preset=\u00bbdefault\u00bb global_colors_info=\u00bb{}\u00bb]<\/p>\n<h2>Por qu\u00e9 Elegir Gkiolekas Insurance Solutions<\/h2>\n<p><span style=\"font-weight: 400;\">Nuestra amplia experiencia en seguros empresariales nos convierte en especialistas en ofrecer soluciones integrales. Le proponemos el programa de seguro grupal adecuado, adaptado a las necesidades de su empresa, para que su personal disfrute de los mejores beneficios posibles con primas competitivas. Adem\u00e1s, ofrecemos un servicio r\u00e1pido y eficaz para cualquier solicitud que tenga.<\/span><\/p>\n<p>[\/et_pb_text][\/et_pb_column][et_pb_column type=\u00bb2_5&#8243; _builder_version=\u00bb4.22.2&#8243; _module_preset=\u00bbdefault\u00bb global_colors_info=\u00bb{}\u00bb][et_pb_button button_url=\u00bb@ET-DC@eyJkeW5hbWljIjp0cnVlLCJjb250ZW50IjoicG9zdF9saW5rX3VybF9wYWdlIiwic2V0dGluZ3MiOnsicG9zdF9pZCI6IjM1NzgyMiJ9fQ==@\u00bb button_text=\u00bbCont\u00e1ctanos\u00bb button_alignment=\u00bbcenter\u00bb button_alignment_tablet=\u00bbleft\u00bb button_alignment_phone=\u00bbleft\u00bb button_alignment_last_edited=\u00bbon|desktop\u00bb admin_label=\u00bbLiar Button &#8211; Freddie\u00bb module_class=\u00bbfreddie_button_liar\u00bb _builder_version=\u00bb4.25.2&#8243; _dynamic_attributes=\u00bbbutton_url\u00bb custom_button=\u00bbon\u00bb button_text_size=\u00bb16px\u00bb button_text_color=\u00bb#394F5A\u00bb button_bg_color=\u00bbrgba(255,255,255,0)\u00bb button_border_width=\u00bb0px\u00bb button_border_color=\u00bb#394F5A\u00bb button_border_radius=\u00bb0px\u00bb button_font=\u00bbAnak Medium||||||||\u00bb button_icon=\u00bb&#x35;||divi||400&#8243; button_icon_color=\u00bb#394F5A\u00bb button_on_hover=\u00bboff\u00bb custom_margin=\u00bb80px|26px|||false|false\u00bb custom_padding=\u00bb0px|0px|0px|0px\u00bb z_index_tablet=\u00bb500&#8243; custom_css_main_element=\u00bbtransition: 0s !important;\u00bb custom_css_after=\u00bb    position: absolute !important;||    display: block !important;||    margin: 0 !important;||    top: 50%;||    opacity: 0.2 !important;||    transform: translate(0,-50%);||    right: -28px;||    font-size: 30px !important;\u00bb locked=\u00bboff\u00bb global_colors_info=\u00bb{}\u00bb][\/et_pb_button][\/et_pb_column][\/et_pb_row][\/et_pb_section]<\/p>\n","protected":false},"excerpt":{"rendered":"<p>Seguro de Grupopara PersonalInversi\u00f3n en el mayor activo de su empresaEl capital m\u00e1s valioso de cualquier empresa son sus personas. Por eso es importante que se sientan seguros y protegidos. El seguro de grupo para personal es uno de los beneficios m\u00e1s importantes que una empresa puede ofrecer a sus empleados. De hecho, su valor es tan grande que los beneficios de este servicio los disfrutan tanto el personal como la propia empresa.Qu\u00e9 es el Seguro de Grupo para Personal? El seguro de grupo para personal es una soluci\u00f3n de seguros que una empresa elige para ofrecer a sus empleados. El objetivo es, a trav\u00e9s de este servicio, cubrir las posibles lagunas del Seguro Social.Dependiendo de los objetivos y necesidades de la empresa, \u00e9sta puede optar por ofrecer a sus empleados un seguro de salud grupal, un seguro de jubilaci\u00f3n grupal, o incluso combinar ambos programas.Ventajas para la Empresa y los Empleados Las ventajas que ofrece el seguro de grupo para personal benefician tanto a la empresa como a los empleados. En concreto, el seguro de grupo:01Refuerza el sentido de seguridad de los empleados y su satisfacci\u00f3n.02Hace que la empresa sea m\u00e1s atractiva para los candidatos a empleo.03Ofrece una serie [&hellip;]<\/p>\n","protected":false},"author":1,"featured_media":0,"parent":363127,"menu_order":7,"comment_status":"closed","ping_status":"closed","template":"","meta":{"_seopress_robots_primary_cat":"","_seopress_titles_title":"Seguro de Grupo para Personal  - Gkiolekas Insurance Solutions","_seopress_titles_desc":"Refuerce su empresa con programas de seguros colectivos para empleados a trav\u00e9s de Gkiolekas Insurance Solutions. Protecci\u00f3n de salud y beneficios para sus empleados.","_seopress_robots_index":"","_et_pb_use_builder":"on","_et_pb_old_content":"","_et_gb_content_width":"","footnotes":""},"class_list":["post-363211","page","type-page","status-publish","hentry"],"_links":{"self":[{"href":"https:\/\/akeron.gr\/es\/wp-json\/wp\/v2\/pages\/363211","targetHints":{"allow":["GET"]}}],"collection":[{"href":"https:\/\/akeron.gr\/es\/wp-json\/wp\/v2\/pages"}],"about":[{"href":"https:\/\/akeron.gr\/es\/wp-json\/wp\/v2\/types\/page"}],"author":[{"embeddable":true,"href":"https:\/\/akeron.gr\/es\/wp-json\/wp\/v2\/users\/1"}],"replies":[{"embeddable":true,"href":"https:\/\/akeron.gr\/es\/wp-json\/wp\/v2\/comments?post=363211"}],"version-history":[{"count":6,"href":"https:\/\/akeron.gr\/es\/wp-json\/wp\/v2\/pages\/363211\/revisions"}],"predecessor-version":[{"id":363429,"href":"https:\/\/akeron.gr\/es\/wp-json\/wp\/v2\/pages\/363211\/revisions\/363429"}],"up":[{"embeddable":true,"href":"https:\/\/akeron.gr\/es\/wp-json\/wp\/v2\/pages\/363127"}],"wp:attachment":[{"href":"https:\/\/akeron.gr\/es\/wp-json\/wp\/v2\/media?parent=363211"}],"curies":[{"name":"wp","href":"https:\/\/api.w.org\/{rel}","templated":true}]}}