{"id":363222,"date":"2024-09-12T11:44:07","date_gmt":"2024-09-12T08:44:07","guid":{"rendered":"https:\/\/akeron.gr\/servicios\/seguro-de-propiedad\/"},"modified":"2025-02-21T16:03:35","modified_gmt":"2025-02-21T14:03:35","slug":"seguro-de-propiedad","status":"publish","type":"page","link":"https:\/\/akeron.gr\/es\/servicios\/seguro-de-propiedad\/","title":{"rendered":"Seguro de Propiedad"},"content":{"rendered":"<p>[et_pb_section fb_built=\u00bb1&#8243; custom_padding_last_edited=\u00bbon|phone\u00bb module_class=\u00bbservices-hero-section\u00bb _builder_version=\u00bb4.25.2&#8243; _module_preset=\u00bbdefault\u00bb background_image=\u00bbhttps:\/\/akeron.gr\/wp-content\/uploads\/2024\/09\/Property-Hero1xB.jpg\u00bb custom_padding=\u00bb12vw||12vw||true|false\u00bb custom_padding_tablet=\u00bb12vw||12vw||true|false\u00bb custom_padding_phone=\u00bb19vw||19vw||true|false\u00bb global_colors_info=\u00bb{}\u00bb][et_pb_row _builder_version=\u00bb4.21.0&#8243; _module_preset=\u00bbdefault\u00bb global_colors_info=\u00bb{}\u00bb][et_pb_column type=\u00bb4_4&#8243; _builder_version=\u00bb4.21.0&#8243; _module_preset=\u00bbdefault\u00bb global_colors_info=\u00bb{}\u00bb][et_pb_text module_class=\u00bbpage-title\u00bb _builder_version=\u00bb4.25.2&#8243; _module_preset=\u00bbdefault\u00bb header_font=\u00bbAnak Bold||||||||\u00bb header_font_size=\u00bb50px\u00bb header_2_font=\u00bbAnak Book||||||||\u00bb header_2_font_size=\u00bb50px\u00bb background_image=\u00bbhttps:\/\/akeron.gr\/wp-content\/uploads\/2023\/08\/logo-line-large.png\u00bb background_size=\u00bbcontain\u00bb text_orientation=\u00bbcenter\u00bb max_width=\u00bb700px\u00bb module_alignment=\u00bbcenter\u00bb header_font_size_tablet=\u00bb40px\u00bb header_font_size_phone=\u00bb30px\u00bb header_font_size_last_edited=\u00bbon|phone\u00bb header_2_font_size_tablet=\u00bb40px\u00bb header_2_font_size_phone=\u00bb30px\u00bb header_2_font_size_last_edited=\u00bbon|phone\u00bb custom_css_before=\u00bb\/*content: url(https:\/\/akeron.gr\/wp-content\/uploads\/2023\/08\/logo-line-large.png);||    position: absolute;||    left: 0;||    transform: scale(.6);||    top: -25px;*\/\u00bb custom_css_after=\u00bb\/*content: url(https:\/\/akeron.gr\/wp-content\/uploads\/2023\/08\/logo-line-large.png);||    position: absolute;||    right: 0;||    transform: scale(.6);||    top: -25px;*\/\u00bb global_colors_info=\u00bb{}\u00bb custom_css_after_tablet=\u00bb\/*content: url(https:\/\/akeron.gr\/wp-content\/uploads\/2023\/08\/logo-line-large.png);||    position: absolute;||    right: 0;||    transform: scale(.6);||    top: -25px;*\/\u00bb custom_css_after_phone=\u00bb\/*content: url(https:\/\/akeron.gr\/wp-content\/uploads\/2023\/08\/logo-line-large.png);||    position: absolute;||    right: 0;||    transform: scale(.6);||    top: -25px;*\/\u00bb custom_css_after_last_edited=\u00bbon|desktop\u00bb]<\/p>\n<h1>Seguro de Propiedad<\/h1>\n<p>[\/et_pb_text][et_pb_text disabled_on=\u00bbon|on|on\u00bb _builder_version=\u00bb4.22.2&#8243; _module_preset=\u00bbdefault\u00bb text_font=\u00bbAnak Medium||||||||\u00bb text_text_color=\u00bb#EDF1F7&#8243; text_font_size=\u00bb22px\u00bb text_orientation=\u00bbcenter\u00bb text_font_size_tablet=\u00bb18px\u00bb text_font_size_phone=\u00bb18px\u00bb text_font_size_last_edited=\u00bbon|phone\u00bb disabled=\u00bbon\u00bb global_colors_info=\u00bb{}\u00bb]<\/p>\n<p>Nuestro trabajo al servicio de cada proyecto<\/p>\n<p>[\/et_pb_text][\/et_pb_column][\/et_pb_row][\/et_pb_section][et_pb_section fb_built=\u00bb1&#8243; _builder_version=\u00bb4.22.1&#8243; _module_preset=\u00bbdefault\u00bb background_color=\u00bb#EDF1F7&#8243; custom_padding=\u00bb40px||40px||true|false\u00bb global_colors_info=\u00bb{}\u00bb][et_pb_row column_structure=\u00bb2_5,3_5&#8243; use_custom_gutter=\u00bbon\u00bb gutter_width=\u00bb2&#8243; make_equal=\u00bbon\u00bb _builder_version=\u00bb4.21.0&#8243; _module_preset=\u00bbdefault\u00bb global_colors_info=\u00bb{}\u00bb][et_pb_column type=\u00bb2_5&#8243; _builder_version=\u00bb4.21.0&#8243; _module_preset=\u00bbdefault\u00bb global_colors_info=\u00bb{}\u00bb][et_pb_image src=\u00bbhttps:\/\/akeron.gr\/wp-content\/uploads\/2024\/10\/Property-11x-copy.jpg\u00bb title_text=\u00bbProperty&#8212;1(1x)-copy\u00bb _builder_version=\u00bb4.25.2&#8243; _module_preset=\u00bbdefault\u00bb global_colors_info=\u00bb{}\u00bb][\/et_pb_image][\/et_pb_column][et_pb_column type=\u00bb3_5&#8243; _builder_version=\u00bb4.21.0&#8243; _module_preset=\u00bbdefault\u00bb custom_css_main_element=\u00bbmargin: auto;\u00bb global_colors_info=\u00bb{}\u00bb][et_pb_text _builder_version=\u00bb4.25.2&#8243; _module_preset=\u00bbdefault\u00bb background_image=\u00bbhttps:\/\/akeron.gr\/wp-content\/uploads\/2023\/11\/Mple-Mikri-Diagonios.png\u00bb background_size=\u00bbcontain\u00bb custom_margin=\u00bb||40px||false|false\u00bb custom_padding=\u00bb24px||24px||true|false\u00bb locked=\u00bboff\u00bb global_colors_info=\u00bb{}\u00bb custom_css_main_element_last_edited=\u00bbon|phone\u00bb custom_css_main_element_phone=\u00bbbackground-size: 100px 134px;\u00bb]<\/p>\n<p><strong>La actividad empresarial est\u00e1 llena de riesgos. Las preocupaciones y las situaciones imprevistas est\u00e1n en constante aumento. Por eso, es crucial que las empresas protejan sus espacios de trabajo frente a cualquier posible peligro. <\/strong><\/p>\n<p>[\/et_pb_text][et_pb_text _builder_version=\u00bb4.25.2&#8243; _module_preset=\u00bbdefault\u00bb locked=\u00bboff\u00bb global_colors_info=\u00bb{}\u00bb]<\/p>\n<p>El seguro de propiedad es el primer paso para proteger la estabilidad econ\u00f3mica de su empresa y garantizar la continuidad de sus operaciones. Las p\u00f3lizas de seguro a trav\u00e9s de Akeron incluyen las coberturas m\u00e1s importantes para las instalaciones y el equipo de una empresa, protegi\u00e9ndolos contra posibles riesgos.<\/p>\n<p>[\/et_pb_text][\/et_pb_column][\/et_pb_row][\/et_pb_section][et_pb_section fb_built=\u00bb1&#8243; _builder_version=\u00bb4.22.1&#8243; _module_preset=\u00bbdefault\u00bb background_enable_color=\u00bboff\u00bb custom_padding=\u00bb40px||40px||true|false\u00bb global_colors_info=\u00bb{}\u00bb][et_pb_row column_structure=\u00bb3_5,2_5&#8243; make_equal=\u00bbon\u00bb _builder_version=\u00bb4.22.1&#8243; _module_preset=\u00bbdefault\u00bb custom_padding=\u00bb20px||20px||true|false\u00bb global_colors_info=\u00bb{}\u00bb][et_pb_column type=\u00bb3_5&#8243; _builder_version=\u00bb4.21.0&#8243; _module_preset=\u00bbdefault\u00bb custom_css_main_element=\u00bbmargin: auto;\u00bb global_colors_info=\u00bb{}\u00bb][et_pb_text _builder_version=\u00bb4.25.2&#8243; _module_preset=\u00bbdefault\u00bb header_2_font=\u00bbAnak Medium||||||||\u00bb header_2_font_size=\u00bb22px\u00bb custom_margin=\u00bb||10px||false|false\u00bb locked=\u00bboff\u00bb global_colors_info=\u00bb{}\u00bb]<\/p>\n<h2>Qu\u00e9 cubre el Seguro de Propiedad?<\/h2>\n<p>[\/et_pb_text][et_pb_text _builder_version=\u00bb4.27.4&#8243; _module_preset=\u00bbdefault\u00bb hover_enabled=\u00bb0&#8243; locked=\u00bboff\u00bb global_colors_info=\u00bb{}\u00bb sticky_enabled=\u00bb0&#8243;]<\/p>\n<p><span style=\"font-weight: 400;\">Las soluciones de seguro propuestas cubren una amplia gama de riesgos, incluidos los siguientes:<\/span><\/p>\n<ul>\n<li style=\"font-weight: 400;\" aria-level=\"1\"><span style=\"font-weight: 400;\">Da\u00f1os materiales causados por desastres naturales como incendios, inundaciones, terremotos y tormentas. <\/span><\/li>\n<li style=\"font-weight: 400;\" aria-level=\"1\"><span style=\"font-weight: 400;\">P\u00e9rdida de ingresos debido a la interrupci\u00f3n del negocio despu\u00e9s de un desastre.<\/span><\/li>\n<li style=\"font-weight: 400;\" aria-level=\"1\"><span style=\"font-weight: 400;\">Da\u00f1os a equipos y maquinaria.<\/span><\/li>\n<li style=\"font-weight: 400;\" aria-level=\"1\"><span style=\"font-weight: 400;\">Robo, atraco y vandalismo.<\/span><\/li>\n<\/ul>\n<ul><\/ul>\n<p>[\/et_pb_text][\/et_pb_column][et_pb_column type=\u00bb2_5&#8243; _builder_version=\u00bb4.21.0&#8243; _module_preset=\u00bbdefault\u00bb global_colors_info=\u00bb{}\u00bb][et_pb_image src=\u00bbhttps:\/\/akeron.gr\/wp-content\/uploads\/2024\/10\/Property-21x-copy.jpg\u00bb title_text=\u00bbProperty&#8212;2(1x)-copy\u00bb _builder_version=\u00bb4.25.2&#8243; _module_preset=\u00bbdefault\u00bb custom_margin_tablet=\u00bb20px||||false|false\u00bb custom_margin_phone=\u00bb20px||||false|false\u00bb custom_margin_last_edited=\u00bbon|tablet\u00bb global_colors_info=\u00bb{}\u00bb][\/et_pb_image][\/et_pb_column][\/et_pb_row][\/et_pb_section][et_pb_section fb_built=\u00bb1&#8243; admin_label=\u00bbSection &#8211; Text &#038; Link to all SERVICES\u00bb _builder_version=\u00bb4.22.2&#8243; _module_preset=\u00bbdefault\u00bb border_width_bottom=\u00bb1px\u00bb border_color_bottom=\u00bb#B8C6DD\u00bb global_colors_info=\u00bb{}\u00bb][et_pb_row column_structure=\u00bb2_3,1_3&#8243; _builder_version=\u00bb4.25.2&#8243; _module_preset=\u00bbdefault\u00bb global_colors_info=\u00bb{}\u00bb][et_pb_column type=\u00bb2_3&#8243; _builder_version=\u00bb4.22.2&#8243; _module_preset=\u00bbdefault\u00bb global_colors_info=\u00bb{}\u00bb][et_pb_text _builder_version=\u00bb4.27.4&#8243; _module_preset=\u00bbdefault\u00bb global_colors_info=\u00bb{}\u00bb]<\/p>\n<h2>Por qu\u00e9 elegir Gkiolekas Insurance Solutions<\/h2>\n<p>Con una amplia experiencia en seguros empresariales, sabemos c\u00f3mo proteger su propiedad. Ofrecemos soluciones de seguros adaptadas a las necesidades espec\u00edficas de su empresa y brindamos un servicio r\u00e1pido y eficaz para cada una de sus solicitudes.<\/p>\n<p>[\/et_pb_text][\/et_pb_column][et_pb_column type=\u00bb1_3&#8243; _builder_version=\u00bb4.22.2&#8243; _module_preset=\u00bbdefault\u00bb global_colors_info=\u00bb{}\u00bb][et_pb_button button_url=\u00bb@ET-DC@eyJkeW5hbWljIjp0cnVlLCJjb250ZW50IjoicG9zdF9saW5rX3VybF9wYWdlIiwic2V0dGluZ3MiOnsicG9zdF9pZCI6IjM1NzgyMiJ9fQ==@\u00bb button_text=\u00bbCont\u00e1ctanos\u00bb button_alignment=\u00bbcenter\u00bb button_alignment_tablet=\u00bbleft\u00bb button_alignment_phone=\u00bbleft\u00bb button_alignment_last_edited=\u00bbon|desktop\u00bb admin_label=\u00bbLiar Button &#8211; Freddie\u00bb module_class=\u00bbfreddie_button_liar\u00bb _builder_version=\u00bb4.25.2&#8243; _dynamic_attributes=\u00bbbutton_url\u00bb custom_button=\u00bbon\u00bb button_text_size=\u00bb16px\u00bb button_text_color=\u00bb#394F5A\u00bb button_bg_color=\u00bbrgba(255,255,255,0)\u00bb button_border_width=\u00bb0px\u00bb button_border_color=\u00bb#394F5A\u00bb button_border_radius=\u00bb0px\u00bb button_font=\u00bbAnak Medium||||||||\u00bb button_icon=\u00bb&#x35;||divi||400&#8243; button_icon_color=\u00bb#394F5A\u00bb button_on_hover=\u00bboff\u00bb custom_margin=\u00bb60px|26px|||false|false\u00bb custom_padding=\u00bb0px|0px|0px|0px\u00bb z_index_tablet=\u00bb500&#8243; custom_css_main_element=\u00bbtransition: 0s !important;\u00bb custom_css_after=\u00bb    position: absolute !important;||    display: block !important;||    margin: 0 !important;||    top: 50%;||    opacity: 0.2 !important;||    transform: translate(0,-50%);||    right: -28px;||    font-size: 30px !important;\u00bb locked=\u00bboff\u00bb global_colors_info=\u00bb{}\u00bb][\/et_pb_button][\/et_pb_column][\/et_pb_row][\/et_pb_section]<\/p>\n","protected":false},"excerpt":{"rendered":"<p>Seguro de PropiedadNuestro trabajo al servicio de cada proyectoLa actividad empresarial est\u00e1 llena de riesgos. Las preocupaciones y las situaciones imprevistas est\u00e1n en constante aumento. Por eso, es crucial que las empresas protejan sus espacios de trabajo frente a cualquier posible peligro. El seguro de propiedad es el primer paso para proteger la estabilidad econ\u00f3mica de su empresa y garantizar la continuidad de sus operaciones. Las p\u00f3lizas de seguro a trav\u00e9s de Akeron incluyen las coberturas m\u00e1s importantes para las instalaciones y el equipo de una empresa, protegi\u00e9ndolos contra posibles riesgos.Qu\u00e9 cubre el Seguro de Propiedad?Las soluciones de seguro propuestas cubren una amplia gama de riesgos, incluidos los siguientes: Da\u00f1os materiales causados por desastres naturales como incendios, inundaciones, terremotos y tormentas. P\u00e9rdida de ingresos debido a la interrupci\u00f3n del negocio despu\u00e9s de un desastre. Da\u00f1os a equipos y maquinaria. Robo, atraco y vandalismo. Por qu\u00e9 elegir Gkiolekas Insurance Solutions Con una amplia experiencia en seguros empresariales, sabemos c\u00f3mo proteger su propiedad. Ofrecemos soluciones de seguros adaptadas a las necesidades espec\u00edficas de su empresa y brindamos un servicio r\u00e1pido y eficaz para cada una de sus solicitudes.<\/p>\n","protected":false},"author":3,"featured_media":0,"parent":363127,"menu_order":9,"comment_status":"closed","ping_status":"closed","template":"","meta":{"_seopress_robots_primary_cat":"","_seopress_titles_title":"Seguro de Propiedad","_seopress_titles_desc":"","_seopress_robots_index":"","_et_pb_use_builder":"on","_et_pb_old_content":"","_et_gb_content_width":"","footnotes":""},"class_list":["post-363222","page","type-page","status-publish","hentry"],"_links":{"self":[{"href":"https:\/\/akeron.gr\/es\/wp-json\/wp\/v2\/pages\/363222","targetHints":{"allow":["GET"]}}],"collection":[{"href":"https:\/\/akeron.gr\/es\/wp-json\/wp\/v2\/pages"}],"about":[{"href":"https:\/\/akeron.gr\/es\/wp-json\/wp\/v2\/types\/page"}],"author":[{"embeddable":true,"href":"https:\/\/akeron.gr\/es\/wp-json\/wp\/v2\/users\/3"}],"replies":[{"embeddable":true,"href":"https:\/\/akeron.gr\/es\/wp-json\/wp\/v2\/comments?post=363222"}],"version-history":[{"count":3,"href":"https:\/\/akeron.gr\/es\/wp-json\/wp\/v2\/pages\/363222\/revisions"}],"predecessor-version":[{"id":363477,"href":"https:\/\/akeron.gr\/es\/wp-json\/wp\/v2\/pages\/363222\/revisions\/363477"}],"up":[{"embeddable":true,"href":"https:\/\/akeron.gr\/es\/wp-json\/wp\/v2\/pages\/363127"}],"wp:attachment":[{"href":"https:\/\/akeron.gr\/es\/wp-json\/wp\/v2\/media?parent=363222"}],"curies":[{"name":"wp","href":"https:\/\/api.w.org\/{rel}","templated":true}]}}