{"id":363230,"date":"2024-09-12T11:55:34","date_gmt":"2024-09-12T08:55:34","guid":{"rendered":"https:\/\/akeron.gr\/servicios\/seguro-de-responsabilidad-civil\/"},"modified":"2025-01-20T22:25:46","modified_gmt":"2025-01-20T20:25:46","slug":"seguro-de-responsabilidad-civil","status":"publish","type":"page","link":"https:\/\/akeron.gr\/es\/servicios\/seguro-de-responsabilidad-civil\/","title":{"rendered":"Seguro de Responsabilidad Civil"},"content":{"rendered":"<p>[et_pb_section fb_built=\u00bb1&#8243; custom_padding_last_edited=\u00bbon|phone\u00bb module_class=\u00bbservices-hero-section\u00bb _builder_version=\u00bb4.25.2&#8243; _module_preset=\u00bbdefault\u00bb background_image=\u00bbhttps:\/\/akeron.gr\/wp-content\/uploads\/2024\/09\/Liability-Hero1x-new.jpg\u00bb custom_padding=\u00bb12vw||12vw||true|false\u00bb custom_padding_tablet=\u00bb12vw||12vw||true|false\u00bb custom_padding_phone=\u00bb19vw||19vw||true|false\u00bb global_colors_info=\u00bb{}\u00bb][et_pb_row _builder_version=\u00bb4.21.0&#8243; _module_preset=\u00bbdefault\u00bb global_colors_info=\u00bb{}\u00bb][et_pb_column type=\u00bb4_4&#8243; _builder_version=\u00bb4.21.0&#8243; _module_preset=\u00bbdefault\u00bb global_colors_info=\u00bb{}\u00bb][et_pb_text module_class=\u00bbpage-title\u00bb _builder_version=\u00bb4.25.2&#8243; _module_preset=\u00bbdefault\u00bb header_font=\u00bbAnak Bold||||||||\u00bb header_font_size=\u00bb50px\u00bb header_2_font=\u00bbAnak Book||||||||\u00bb header_2_font_size=\u00bb50px\u00bb background_image=\u00bbhttps:\/\/akeron.gr\/wp-content\/uploads\/2023\/08\/logo-line-large.png\u00bb background_size=\u00bbcontain\u00bb text_orientation=\u00bbcenter\u00bb max_width=\u00bb700px\u00bb module_alignment=\u00bbcenter\u00bb header_font_size_tablet=\u00bb40px\u00bb header_font_size_phone=\u00bb30px\u00bb header_font_size_last_edited=\u00bbon|phone\u00bb header_2_font_size_tablet=\u00bb40px\u00bb header_2_font_size_phone=\u00bb30px\u00bb header_2_font_size_last_edited=\u00bbon|phone\u00bb custom_css_before=\u00bb\/*content: url(https:\/\/akeron.gr\/wp-content\/uploads\/2023\/08\/logo-line-large.png);||    position: absolute;||    left: 0;||    transform: scale(.6);||    top: -25px;*\/\u00bb custom_css_after=\u00bb\/*content: url(https:\/\/akeron.gr\/wp-content\/uploads\/2023\/08\/logo-line-large.png);||    position: absolute;||    right: 0;||    transform: scale(.6);||    top: -25px;*\/\u00bb global_colors_info=\u00bb{}\u00bb custom_css_after_tablet=\u00bb\/*content: url(https:\/\/akeron.gr\/wp-content\/uploads\/2023\/08\/logo-line-large.png);||    position: absolute;||    right: 0;||    transform: scale(.6);||    top: -25px;*\/\u00bb custom_css_after_phone=\u00bb\/*content: url(https:\/\/akeron.gr\/wp-content\/uploads\/2023\/08\/logo-line-large.png);||    position: absolute;||    right: 0;||    transform: scale(.6);||    top: -25px;*\/\u00bb custom_css_after_last_edited=\u00bbon|desktop\u00bb]<\/p>\n<h1>Seguro de<br \/>Responsabilidad Civil<\/h1>\n<p>[\/et_pb_text][et_pb_text disabled_on=\u00bbon|on|on\u00bb _builder_version=\u00bb4.22.2&#8243; _module_preset=\u00bbdefault\u00bb text_font=\u00bbAnak Medium||||||||\u00bb text_text_color=\u00bb#EDF1F7&#8243; text_font_size=\u00bb22px\u00bb text_orientation=\u00bbcenter\u00bb text_font_size_tablet=\u00bb18px\u00bb text_font_size_phone=\u00bb18px\u00bb text_font_size_last_edited=\u00bbon|phone\u00bb disabled=\u00bbon\u00bb global_colors_info=\u00bb{}\u00bb]<\/p>\n<p>Nuestro trabajo al servicio de cada proyecto<\/p>\n<p>[\/et_pb_text][\/et_pb_column][\/et_pb_row][\/et_pb_section][et_pb_section fb_built=\u00bb1&#8243; _builder_version=\u00bb4.22.1&#8243; _module_preset=\u00bbdefault\u00bb background_color=\u00bb#EDF1F7&#8243; custom_padding=\u00bb40px||40px||true|false\u00bb global_colors_info=\u00bb{}\u00bb][et_pb_row column_structure=\u00bb2_5,3_5&#8243; use_custom_gutter=\u00bbon\u00bb gutter_width=\u00bb2&#8243; make_equal=\u00bbon\u00bb _builder_version=\u00bb4.21.0&#8243; _module_preset=\u00bbdefault\u00bb global_colors_info=\u00bb{}\u00bb][et_pb_column type=\u00bb2_5&#8243; _builder_version=\u00bb4.21.0&#8243; _module_preset=\u00bbdefault\u00bb global_colors_info=\u00bb{}\u00bb][et_pb_image src=\u00bbhttps:\/\/akeron.gr\/wp-content\/uploads\/2024\/10\/Libility-12x.jpg\u00bb title_text=\u00bbLibility&#8212;1(2x)\u00bb _builder_version=\u00bb4.25.2&#8243; _module_preset=\u00bbdefault\u00bb hover_enabled=\u00bb0&#8243; global_colors_info=\u00bb{}\u00bb sticky_enabled=\u00bb0&#8243;][\/et_pb_image][\/et_pb_column][et_pb_column type=\u00bb3_5&#8243; _builder_version=\u00bb4.21.0&#8243; _module_preset=\u00bbdefault\u00bb custom_css_main_element=\u00bbmargin: auto;\u00bb global_colors_info=\u00bb{}\u00bb][et_pb_text _builder_version=\u00bb4.25.2&#8243; _module_preset=\u00bbdefault\u00bb background_image=\u00bbhttps:\/\/akeron.gr\/wp-content\/uploads\/2023\/11\/Mple-Mikri-Diagonios.png\u00bb background_size=\u00bbcontain\u00bb custom_margin=\u00bb||40px||false|false\u00bb custom_padding=\u00bb24px||24px||true|false\u00bb locked=\u00bboff\u00bb global_colors_info=\u00bb{}\u00bb custom_css_main_element_last_edited=\u00bbon|phone\u00bb custom_css_main_element_phone=\u00bbbackground-size: 100px 134px;\u00bb]<\/p>\n<p><strong>El seguro de responsabilidad civil protege a la empresa asegurada contra reclamaciones derivadas de lesiones corporales y\/o da\u00f1os materiales causados a terceros debido a la operaci\u00f3n de sus instalaciones o al ejercicio de sus actividades. Estos da\u00f1os pueden surgir de actos u omisiones de la empresa asegurada.<\/strong><\/p>\n<p>[\/et_pb_text][et_pb_text _builder_version=\u00bb4.25.2&#8243; _module_preset=\u00bbdefault\u00bb locked=\u00bboff\u00bb global_colors_info=\u00bb{}\u00bb]<\/p>\n<p><span style=\"font-weight: 400;\">Coberturas de un seguro de responsabilidad civil<\/span><\/p>\n<p><span style=\"font-weight: 400;\">Un seguro de responsabilidad civil puede incluir:\u00a0<\/span><\/p>\n<ul>\n<li style=\"font-weight: 400;\" aria-level=\"1\"><span style=\"font-weight: 400;\">Gastos judiciales, incluidos los honorarios de abogados para un acuerdo extrajudicial.<\/span><\/li>\n<li style=\"font-weight: 400;\" aria-level=\"1\"><span style=\"font-weight: 400;\">Da\u00f1os positivos por lesiones corporales (gastos inmediatos de recuperaci\u00f3n de la salud de la persona afectada).<\/span><\/li>\n<li style=\"font-weight: 400;\" aria-level=\"1\"><span style=\"font-weight: 400;\">Da\u00f1os consecuentes: p\u00e9rdida de ingresos por lesiones corporales (por ejemplo, salarios perdidos debido a la ausencia laboral). <\/span><\/li>\n<li style=\"font-weight: 400;\" aria-level=\"1\"><span style=\"font-weight: 400;\">Da\u00f1o moral o sufrimiento emocional derivado de lesiones corporales. <\/span><\/li>\n<li style=\"font-weight: 400;\" aria-level=\"1\"><span style=\"font-weight: 400;\">Da\u00f1os materiales positivos: da\u00f1o f\u00edsico a la propiedad (gastos de reparaci\u00f3n o reemplazo).<\/span><\/li>\n<li style=\"font-weight: 400;\" aria-level=\"1\"><span style=\"font-weight: 400;\">Da\u00f1os consecuentes derivados de da\u00f1os materiales (p\u00e9rdida de uso de la propiedad da\u00f1ada).<\/span><\/li>\n<\/ul>\n<p>[\/et_pb_text][\/et_pb_column][\/et_pb_row][\/et_pb_section][et_pb_section fb_built=\u00bb1&#8243; _builder_version=\u00bb4.22.1&#8243; _module_preset=\u00bbdefault\u00bb background_enable_color=\u00bboff\u00bb custom_padding=\u00bb40px||40px||true|false\u00bb global_colors_info=\u00bb{}\u00bb][et_pb_row column_structure=\u00bb3_5,2_5&#8243; make_equal=\u00bbon\u00bb _builder_version=\u00bb4.22.1&#8243; _module_preset=\u00bbdefault\u00bb custom_padding=\u00bb20px||20px||true|false\u00bb global_colors_info=\u00bb{}\u00bb][et_pb_column type=\u00bb3_5&#8243; _builder_version=\u00bb4.21.0&#8243; _module_preset=\u00bbdefault\u00bb custom_css_main_element=\u00bbmargin: auto;\u00bb global_colors_info=\u00bb{}\u00bb][et_pb_text _builder_version=\u00bb4.25.2&#8243; _module_preset=\u00bbdefault\u00bb header_2_font=\u00bbAnak Medium||||||||\u00bb header_2_font_size=\u00bb22px\u00bb custom_margin=\u00bb||10px||false|false\u00bb locked=\u00bboff\u00bb global_colors_info=\u00bb{}\u00bb]<\/p>\n<h2><span style=\"font-weight: 400;\">Para qu\u00e9 profesionales es adecuado el seguro de responsabilidad civil?<\/span><\/h2>\n<p>[\/et_pb_text][et_pb_text _builder_version=\u00bb4.25.2&#8243; _module_preset=\u00bbdefault\u00bb locked=\u00bboff\u00bb global_colors_info=\u00bb{}\u00bb]<\/p>\n<p><span style=\"font-weight: 400;\">El seguro de responsabilidad civil es adecuado para una amplia gama de profesionales y empresas, ya que ofrece protecci\u00f3n contra p\u00e9rdidas econ\u00f3micas derivadas de demandas o reclamaciones de terceros por da\u00f1os.<\/span><\/p>\n<p><span style=\"font-weight: 400;\">Algunas categor\u00edas de profesionales para los que este seguro es esencial incluyen m\u00e9dicos y profesionales de la salud, asesores legales y financieros, as\u00ed como empresas de servicios y de producci\u00f3n y distribuci\u00f3n de productos.<\/span><\/p>\n<p><span style=\"font-weight: 400;\">Este seguro brinda a estos profesionales la protecci\u00f3n necesaria contra reclamaciones que puedan surgir por errores u omisiones en la prestaci\u00f3n de sus servicios o productos. De esta manera, pueden continuar su actividad profesional sin preocupaciones.<\/span><\/p>\n<p>[\/et_pb_text][\/et_pb_column][et_pb_column type=\u00bb2_5&#8243; _builder_version=\u00bb4.21.0&#8243; _module_preset=\u00bbdefault\u00bb global_colors_info=\u00bb{}\u00bb][et_pb_image src=\u00bbhttps:\/\/akeron.gr\/wp-content\/uploads\/2024\/10\/Libility-22x.jpg\u00bb title_text=\u00bbLibility&#8212;2(2x)\u00bb _builder_version=\u00bb4.25.2&#8243; _module_preset=\u00bbdefault\u00bb custom_margin_tablet=\u00bb20px||||false|false\u00bb custom_margin_phone=\u00bb20px||||false|false\u00bb custom_margin_last_edited=\u00bbon|tablet\u00bb hover_enabled=\u00bb0&#8243; global_colors_info=\u00bb{}\u00bb sticky_enabled=\u00bb0&#8243;][\/et_pb_image][\/et_pb_column][\/et_pb_row][\/et_pb_section][et_pb_section fb_built=\u00bb1&#8243; custom_padding_last_edited=\u00bbon|phone\u00bb _builder_version=\u00bb4.22.1&#8243; _module_preset=\u00bbdefault\u00bb background_color=\u00bb#EDF1F7&#8243; background_enable_image=\u00bboff\u00bb background_position=\u00bbcenter_left\u00bb custom_padding=\u00bb60px||60px||true|false\u00bb custom_padding_tablet=\u00bb40px||10px||false|false\u00bb custom_padding_phone=\u00bb40px||10px||false|false\u00bb global_colors_info=\u00bb{}\u00bb custom_padding__hover_enabled=\u00bboff|desktop\u00bb][et_pb_row column_structure=\u00bb1_2,1_2&#8243; make_equal=\u00bbon\u00bb _builder_version=\u00bb4.22.1&#8243; _module_preset=\u00bbdefault\u00bb background_enable_image=\u00bboff\u00bb background_size=\u00bbcontain\u00bb background_position=\u00bbcenter_left\u00bb width=\u00bb100%\u00bb max_width=\u00bb100%\u00bb custom_padding=\u00bb10px||10px||false|false\u00bb global_colors_info=\u00bb{}\u00bb][et_pb_column type=\u00bb1_2&#8243; _builder_version=\u00bb4.22.1&#8243; _module_preset=\u00bbdefault\u00bb global_colors_info=\u00bb{}\u00bb][et_pb_image src=\u00bbhttps:\/\/akeron.gr\/wp-content\/uploads\/2023\/09\/asfalisi-texnikon-ergon-reasons-section-bg.png\u00bb title_text=\u00bbasfalisi-texnikon-ergon-reasons-section-bg\u00bb _builder_version=\u00bb4.22.1&#8243; _module_preset=\u00bbdefault\u00bb global_colors_info=\u00bb{}\u00bb][\/et_pb_image][\/et_pb_column][et_pb_column type=\u00bb1_2&#8243; _builder_version=\u00bb4.22.1&#8243; _module_preset=\u00bbdefault\u00bb custom_padding=\u00bb|40px||40px|false|true\u00bb custom_padding_tablet=\u00bb|||30px|true|false\u00bb custom_padding_last_edited=\u00bboff|desktop\u00bb custom_css_main_element=\u00bbmargin: auto;\u00bb global_colors_info=\u00bb{}\u00bb custom_css_before_last_edited=\u00bboff|desktop\u00bb][et_pb_text _builder_version=\u00bb4.25.2&#8243; _module_preset=\u00bbdefault\u00bb header_2_font=\u00bbAnak Medium||||||||\u00bb header_2_font_size=\u00bb22px\u00bb transform_scale_tablet=\u00bb\u00bb transform_scale_phone=\u00bb\u00bb transform_scale_last_edited=\u00bbon|tablet\u00bb transform_translate=\u00bb-260px|0px\u00bb transform_translate_tablet=\u00bb0px|0px\u00bb transform_translate_phone=\u00bb0px|0px\u00bb transform_translate_last_edited=\u00bbon|phone\u00bb transform_translate_linked=\u00bboff\u00bb transform_rotate_tablet=\u00bb\u00bb transform_rotate_phone=\u00bb\u00bb transform_rotate_last_edited=\u00bbon|tablet\u00bb transform_skew_tablet=\u00bb\u00bb transform_skew_phone=\u00bb\u00bb transform_skew_last_edited=\u00bbon|tablet\u00bb transform_origin_tablet=\u00bb\u00bb transform_origin_phone=\u00bb\u00bb transform_origin_last_edited=\u00bbon|tablet\u00bb transform_styles_last_edited=\u00bbon|phone\u00bb max_width=\u00bb700px\u00bb max_width_tablet=\u00bb\u00bb max_width_phone=\u00bb\u00bb max_width_last_edited=\u00bbon|tablet\u00bb module_alignment=\u00bbleft\u00bb custom_margin=\u00bb||10px||false|false\u00bb custom_padding=\u00bb|||30px|false|false\u00bb custom_padding_tablet=\u00bb|20px||40px|false|false\u00bb custom_padding_phone=\u00bb|20px||40px|false|false\u00bb custom_padding_last_edited=\u00bbon|tablet\u00bb transform_styles_tablet=\u00bb\u00bb transform_styles_phone=\u00bb\u00bb custom_css_before=\u00bbcontent: url(https:\/\/akeron.gr\/wp-content\/uploads\/2023\/11\/Mple-Mikri-Diagonios.png);||position: absolute;||left: -100px;||transform: scale(.5);||top: -42px;\u00bb locked=\u00bboff\u00bb global_colors_info=\u00bb{}\u00bb custom_css_before_last_edited=\u00bbon|desktop\u00bb custom_css_before_phone=\u00bbcontent: url(https:\/\/akeron.gr\/wp-content\/uploads\/2023\/08\/logo-line-large.png);||position: absolute;||left: -64px;||transform: scale(.4);||top: -54px;\u00bb custom_css_before_tablet=\u00bbcontent: url(https:\/\/akeron.gr\/wp-content\/uploads\/2023\/08\/logo-line-large.png);||position: absolute;||left: -64px;||transform: scale(.4);||top: -54px;\u00bb]<\/p>\n<h2><span style=\"font-weight: 400;\">C\u00f3mo se determina el costo del seguro de responsabilidad civil?<\/span><\/h2>\n<p><span style=\"font-weight: 400;\">El costo de una p\u00f3liza de responsabilidad civil depende de varios factores. El tipo de actividad, el volumen de negocios y los l\u00edmites de responsabilidad solicitados son algunos de los elementos que se consideran.\u00a0<\/span><\/p>\n<p><span style=\"font-weight: 400;\">En cualquier caso, nos aseguramos de proporcionar una cobertura completa para su empresa con una p\u00f3liza que se ajuste a sus necesidades, a un costo asequible.<\/span><\/p>\n<p>[\/et_pb_text][\/et_pb_column][\/et_pb_row][\/et_pb_section]<\/p>\n","protected":false},"excerpt":{"rendered":"<p>Seguro deResponsabilidad CivilNuestro trabajo al servicio de cada proyectoEl seguro de responsabilidad civil protege a la empresa asegurada contra reclamaciones derivadas de lesiones corporales y\/o da\u00f1os materiales causados a terceros debido a la operaci\u00f3n de sus instalaciones o al ejercicio de sus actividades. Estos da\u00f1os pueden surgir de actos u omisiones de la empresa asegurada.Coberturas de un seguro de responsabilidad civil Un seguro de responsabilidad civil puede incluir:\u00a0 Gastos judiciales, incluidos los honorarios de abogados para un acuerdo extrajudicial. Da\u00f1os positivos por lesiones corporales (gastos inmediatos de recuperaci\u00f3n de la salud de la persona afectada). Da\u00f1os consecuentes: p\u00e9rdida de ingresos por lesiones corporales (por ejemplo, salarios perdidos debido a la ausencia laboral). Da\u00f1o moral o sufrimiento emocional derivado de lesiones corporales. Da\u00f1os materiales positivos: da\u00f1o f\u00edsico a la propiedad (gastos de reparaci\u00f3n o reemplazo). Da\u00f1os consecuentes derivados de da\u00f1os materiales (p\u00e9rdida de uso de la propiedad da\u00f1ada). Para qu\u00e9 profesionales es adecuado el seguro de responsabilidad civil?El seguro de responsabilidad civil es adecuado para una amplia gama de profesionales y empresas, ya que ofrece protecci\u00f3n contra p\u00e9rdidas econ\u00f3micas derivadas de demandas o reclamaciones de terceros por da\u00f1os. Algunas categor\u00edas de profesionales para los que este seguro es esencial incluyen m\u00e9dicos [&hellip;]<\/p>\n","protected":false},"author":3,"featured_media":0,"parent":363127,"menu_order":9,"comment_status":"closed","ping_status":"closed","template":"","meta":{"_seopress_robots_primary_cat":"","_seopress_titles_title":"Seguro de Responsabilidad Civil","_seopress_titles_desc":"","_seopress_robots_index":"","_et_pb_use_builder":"on","_et_pb_old_content":"","_et_gb_content_width":"","footnotes":""},"class_list":["post-363230","page","type-page","status-publish","hentry"],"_links":{"self":[{"href":"https:\/\/akeron.gr\/es\/wp-json\/wp\/v2\/pages\/363230","targetHints":{"allow":["GET"]}}],"collection":[{"href":"https:\/\/akeron.gr\/es\/wp-json\/wp\/v2\/pages"}],"about":[{"href":"https:\/\/akeron.gr\/es\/wp-json\/wp\/v2\/types\/page"}],"author":[{"embeddable":true,"href":"https:\/\/akeron.gr\/es\/wp-json\/wp\/v2\/users\/3"}],"replies":[{"embeddable":true,"href":"https:\/\/akeron.gr\/es\/wp-json\/wp\/v2\/comments?post=363230"}],"version-history":[{"count":5,"href":"https:\/\/akeron.gr\/es\/wp-json\/wp\/v2\/pages\/363230\/revisions"}],"predecessor-version":[{"id":363235,"href":"https:\/\/akeron.gr\/es\/wp-json\/wp\/v2\/pages\/363230\/revisions\/363235"}],"up":[{"embeddable":true,"href":"https:\/\/akeron.gr\/es\/wp-json\/wp\/v2\/pages\/363127"}],"wp:attachment":[{"href":"https:\/\/akeron.gr\/es\/wp-json\/wp\/v2\/media?parent=363230"}],"curies":[{"name":"wp","href":"https:\/\/api.w.org\/{rel}","templated":true}]}}