{"id":363242,"date":"2024-09-12T12:34:16","date_gmt":"2024-09-12T09:34:16","guid":{"rendered":"https:\/\/akeron.gr\/servicios\/seguro-de-transporte\/"},"modified":"2025-02-21T16:05:02","modified_gmt":"2025-02-21T14:05:02","slug":"seguro-de-transporte","status":"publish","type":"page","link":"https:\/\/akeron.gr\/es\/servicios\/seguro-de-transporte\/","title":{"rendered":"Seguro de Transporte"},"content":{"rendered":"<p>[et_pb_section fb_built=\u00bb1&#8243; custom_padding_last_edited=\u00bbon|phone\u00bb module_class=\u00bbservices-hero-section\u00bb _builder_version=\u00bb4.25.2&#8243; _module_preset=\u00bbdefault\u00bb background_image=\u00bbhttps:\/\/akeron.gr\/wp-content\/uploads\/2024\/09\/Cargo-Hero1xB.jpg\u00bb custom_padding=\u00bb12vw||12vw||true|false\u00bb custom_padding_tablet=\u00bb12vw||12vw||true|false\u00bb custom_padding_phone=\u00bb19vw||19vw||true|false\u00bb global_colors_info=\u00bb{}\u00bb][et_pb_row _builder_version=\u00bb4.21.0&#8243; _module_preset=\u00bbdefault\u00bb global_colors_info=\u00bb{}\u00bb][et_pb_column type=\u00bb4_4&#8243; _builder_version=\u00bb4.21.0&#8243; _module_preset=\u00bbdefault\u00bb global_colors_info=\u00bb{}\u00bb][et_pb_text module_class=\u00bbpage-title\u00bb _builder_version=\u00bb4.25.2&#8243; _module_preset=\u00bbdefault\u00bb header_font=\u00bbAnak Bold||||||||\u00bb header_font_size=\u00bb50px\u00bb header_2_font=\u00bbAnak Book||||||||\u00bb header_2_font_size=\u00bb50px\u00bb background_image=\u00bbhttps:\/\/akeron.gr\/wp-content\/uploads\/2023\/08\/logo-line-large.png\u00bb background_size=\u00bbcontain\u00bb text_orientation=\u00bbcenter\u00bb max_width=\u00bb700px\u00bb module_alignment=\u00bbcenter\u00bb header_font_size_tablet=\u00bb40px\u00bb header_font_size_phone=\u00bb30px\u00bb header_font_size_last_edited=\u00bbon|phone\u00bb header_2_font_size_tablet=\u00bb40px\u00bb header_2_font_size_phone=\u00bb30px\u00bb header_2_font_size_last_edited=\u00bbon|phone\u00bb custom_css_before=\u00bb\/*content: url(https:\/\/akeron.gr\/wp-content\/uploads\/2023\/08\/logo-line-large.png);||    position: absolute;||    left: 0;||    transform: scale(.6);||    top: -25px;*\/\u00bb custom_css_after=\u00bb\/*content: url(https:\/\/akeron.gr\/wp-content\/uploads\/2023\/08\/logo-line-large.png);||    position: absolute;||    right: 0;||    transform: scale(.6);||    top: -25px;*\/\u00bb global_colors_info=\u00bb{}\u00bb custom_css_after_tablet=\u00bb\/*content: url(https:\/\/akeron.gr\/wp-content\/uploads\/2023\/08\/logo-line-large.png);||    position: absolute;||    right: 0;||    transform: scale(.6);||    top: -25px;*\/\u00bb custom_css_after_phone=\u00bb\/*content: url(https:\/\/akeron.gr\/wp-content\/uploads\/2023\/08\/logo-line-large.png);||    position: absolute;||    right: 0;||    transform: scale(.6);||    top: -25px;*\/\u00bb custom_css_after_last_edited=\u00bbon|desktop\u00bb]<\/p>\n<h1><span style=\"font-weight: 400;\">Seguro de Transporte<\/span><\/h1>\n<p>[\/et_pb_text][et_pb_text disabled_on=\u00bbon|on|on\u00bb _builder_version=\u00bb4.22.2&#8243; _module_preset=\u00bbdefault\u00bb text_font=\u00bbAnak Medium||||||||\u00bb text_text_color=\u00bb#EDF1F7&#8243; text_font_size=\u00bb22px\u00bb text_orientation=\u00bbcenter\u00bb text_font_size_tablet=\u00bb18px\u00bb text_font_size_phone=\u00bb18px\u00bb text_font_size_last_edited=\u00bbon|phone\u00bb disabled=\u00bbon\u00bb global_colors_info=\u00bb{}\u00bb]<\/p>\n<p>Nuestro trabajo al servicio de cada proyecto<\/p>\n<p>[\/et_pb_text][\/et_pb_column][\/et_pb_row][\/et_pb_section][et_pb_section fb_built=\u00bb1&#8243; _builder_version=\u00bb4.22.1&#8243; _module_preset=\u00bbdefault\u00bb background_color=\u00bb#EDF1F7&#8243; custom_padding=\u00bb40px||40px||true|false\u00bb global_colors_info=\u00bb{}\u00bb][et_pb_row column_structure=\u00bb2_5,3_5&#8243; use_custom_gutter=\u00bbon\u00bb gutter_width=\u00bb2&#8243; make_equal=\u00bbon\u00bb _builder_version=\u00bb4.21.0&#8243; _module_preset=\u00bbdefault\u00bb global_colors_info=\u00bb{}\u00bb][et_pb_column type=\u00bb2_5&#8243; _builder_version=\u00bb4.21.0&#8243; _module_preset=\u00bbdefault\u00bb global_colors_info=\u00bb{}\u00bb][et_pb_image src=\u00bbhttps:\/\/akeron.gr\/wp-content\/uploads\/2024\/10\/Metafores-12x-1-e1731677594708.jpg\u00bb title_text=\u00bbMetafores&#8212;1(2x)\u00bb _builder_version=\u00bb4.25.2&#8243; _module_preset=\u00bbdefault\u00bb global_colors_info=\u00bb{}\u00bb][\/et_pb_image][\/et_pb_column][et_pb_column type=\u00bb3_5&#8243; _builder_version=\u00bb4.21.0&#8243; _module_preset=\u00bbdefault\u00bb custom_css_main_element=\u00bbmargin: auto;\u00bb global_colors_info=\u00bb{}\u00bb][et_pb_text _builder_version=\u00bb4.25.2&#8243; _module_preset=\u00bbdefault\u00bb background_image=\u00bbhttps:\/\/akeron.gr\/wp-content\/uploads\/2023\/11\/Mple-Mikri-Diagonios.png\u00bb background_size=\u00bbcontain\u00bb custom_margin=\u00bb||40px||false|false\u00bb custom_padding=\u00bb24px||24px||true|false\u00bb locked=\u00bboff\u00bb global_colors_info=\u00bb{}\u00bb custom_css_main_element_last_edited=\u00bbon|phone\u00bb custom_css_main_element_phone=\u00bbbackground-size: 100px 134px;\u00bb]<\/p>\n<p><strong>Los riesgos asociados con el transporte de productos son un problema importante para muchas empresas.<\/strong><\/p>\n<p>[\/et_pb_text][et_pb_text _builder_version=\u00bb4.25.2&#8243; _module_preset=\u00bbdefault\u00bb locked=\u00bboff\u00bb global_colors_info=\u00bb{}\u00bb]<\/p>\n<p><span style=\"font-weight: 400;\">El seguro de transporte es esencial para proteger su mercanc\u00eda contra riesgos como robo, accidentes o desastres naturales, independientemente del medio de transporte que se utilice: mar\u00edtimo, a\u00e9reo, terrestre o ferroviario. <\/span><\/p>\n<p><span style=\"font-weight: 400;\">Con la cobertura de seguro adecuada, puede asegurarse de que sus mercanc\u00edas llegar\u00e1n a su destino de manera segura y que, en caso de accidente, las p\u00e9rdidas econ\u00f3micas estar\u00e1n limitadas.<\/span><\/p>\n<p>[\/et_pb_text][\/et_pb_column][\/et_pb_row][\/et_pb_section][et_pb_section fb_built=\u00bb1&#8243; _builder_version=\u00bb4.22.1&#8243; _module_preset=\u00bbdefault\u00bb background_enable_color=\u00bboff\u00bb custom_padding=\u00bb40px||40px||true|false\u00bb global_colors_info=\u00bb{}\u00bb][et_pb_row column_structure=\u00bb3_5,2_5&#8243; make_equal=\u00bbon\u00bb _builder_version=\u00bb4.22.1&#8243; _module_preset=\u00bbdefault\u00bb custom_padding=\u00bb20px||20px||true|false\u00bb global_colors_info=\u00bb{}\u00bb][et_pb_column type=\u00bb3_5&#8243; _builder_version=\u00bb4.21.0&#8243; _module_preset=\u00bbdefault\u00bb custom_css_main_element=\u00bbmargin: auto;\u00bb global_colors_info=\u00bb{}\u00bb][et_pb_text _builder_version=\u00bb4.25.2&#8243; _module_preset=\u00bbdefault\u00bb header_2_font=\u00bbAnak Medium||||||||\u00bb header_2_font_size=\u00bb22px\u00bb custom_margin=\u00bb||10px||false|false\u00bb locked=\u00bboff\u00bb global_colors_info=\u00bb{}\u00bb]<\/p>\n<h2><span style=\"font-weight: 400;\">Qu\u00e9 Cubre el Seguro de Transporte?<\/span><\/h2>\n<p>[\/et_pb_text][et_pb_text content_tablet=\u00bb<\/p>\n<p><span style=%22font-weight: 400;%22>El seguro de transporte cubre una amplia gama de riesgos que pueden afectar a las mercanc\u00edas durante su transporte. A t\u00edtulo indicativo, cubre los da\u00f1os causados por:<\/span><\/p>\n<ul>\n<li style=%22font-weight: 400;%22 aria-level=%221%22><span style=%22font-weight: 400;%22>Incendio o explosi\u00f3n<\/span><\/li>\n<li style=%22font-weight: 400;%22 aria-level=%221%22><span style=%22font-weight: 400;%22>Varada, hundimiento, vuelco de un barco<\/span><\/li>\n<li style=%22font-weight: 400;%22 aria-level=%221%22><span style=%22font-weight: 400;%22>Vuelco o descarrilamiento de un veh\u00edculo terrestre<\/span><\/li>\n<li style=%22font-weight: 400;%22 aria-level=%221%22><span style=%22font-weight: 400;%22>Colisi\u00f3n o contacto de un barco, medio flotante o veh\u00edculo de transporte con cualquier objeto externo, excepto el agua<\/span><\/li>\n<li style=%22font-weight: 400;%22 aria-level=%221%22><span style=%22font-weight: 400;%22>Descarga de carga en un puerto de riesgo<\/span><\/li>\n<li style=%22font-weight: 400;%22 aria-level=%221%22><span style=%22font-weight: 400;%22>Aver\u00eda general<\/span><\/li>\n<\/ul>\n<ul><\/ul>\n<p>\u00bb content_phone=\u00bb<\/p>\n<p><span style=%22font-weight: 400;%22>El seguro de transporte cubre una amplia gama de riesgos que pueden afectar a las mercanc\u00edas durante su transporte. A t\u00edtulo indicativo, cubre los da\u00f1os causados por:<\/span><\/p>\n<ul>\n<li style=%22font-weight: 400;%22 aria-level=%221%22><span style=%22font-weight: 400;%22>Incendio o explosi\u00f3n<\/span><\/li>\n<li style=%22font-weight: 400;%22 aria-level=%221%22><span style=%22font-weight: 400;%22>Varada, hundimiento, vuelco de un barco<\/span><\/li>\n<li style=%22font-weight: 400;%22 aria-level=%221%22><span style=%22font-weight: 400;%22>Vuelco o descarrilamiento de un veh\u00edculo terrestre<\/span><\/li>\n<li style=%22font-weight: 400;%22 aria-level=%221%22><span style=%22font-weight: 400;%22>Colisi\u00f3n o contacto de un barco, medio flotante o veh\u00edculo de transporte con cualquier objeto externo, excepto el agua<\/span><\/li>\n<li style=%22font-weight: 400;%22 aria-level=%221%22><span style=%22font-weight: 400;%22>Descarga de carga en un puerto de riesgo<\/span><\/li>\n<li style=%22font-weight: 400;%22 aria-level=%221%22><span style=%22font-weight: 400;%22>Aver\u00eda general<\/span><\/li>\n<\/ul>\n<ul><\/ul>\n<p>\u00bb content_last_edited=\u00bbon|tablet\u00bb _builder_version=\u00bb4.25.2&#8243; _module_preset=\u00bbdefault\u00bb locked=\u00bboff\u00bb global_colors_info=\u00bb{}\u00bb]<\/p>\n<p><span style=\"font-weight: 400;\">El seguro de transporte ofrece protecci\u00f3n contra una serie de riesgos que pueden surgir durante el transporte de su mercanc\u00eda:<\/span><\/p>\n<ul>\n<li style=\"font-weight: 400;\" aria-level=\"1\"><span style=\"font-weight: 400;\">Incendio o explosi\u00f3n.<\/span><\/li>\n<li style=\"font-weight: 400;\" aria-level=\"1\"><span style=\"font-weight: 400;\">Varadura, hundimiento o vuelco del barco.\u00a0<\/span><\/li>\n<li style=\"font-weight: 400;\" aria-level=\"1\"><span style=\"font-weight: 400;\">Vuelco o descarrilamiento del medio de transporte terrestre.<\/span><\/li>\n<li style=\"font-weight: 400;\" aria-level=\"1\"><span style=\"font-weight: 400;\">Colisi\u00f3n o contacto del barco, medio flotante o cualquier otro medio de transporte con un objeto externo.<\/span><\/li>\n<li style=\"font-weight: 400;\" aria-level=\"1\"><span style=\"font-weight: 400;\">Descarga de la carga en un puerto de peligro.<\/span><\/li>\n<li style=\"font-weight: 400;\" aria-level=\"1\"><span style=\"font-weight: 400;\">Aver\u00eda gruesa.<\/span><\/li>\n<\/ul>\n<ul><\/ul>\n<p>[\/et_pb_text][\/et_pb_column][et_pb_column type=\u00bb2_5&#8243; _builder_version=\u00bb4.21.0&#8243; _module_preset=\u00bbdefault\u00bb global_colors_info=\u00bb{}\u00bb][et_pb_image src=\u00bbhttps:\/\/akeron.gr\/wp-content\/uploads\/2024\/10\/Metafores-22x-1.jpg\u00bb title_text=\u00bbMetafores&#8212;2(2x)\u00bb _builder_version=\u00bb4.25.2&#8243; _module_preset=\u00bbdefault\u00bb custom_margin_tablet=\u00bb20px||||false|false\u00bb custom_margin_phone=\u00bb20px||||false|false\u00bb custom_margin_last_edited=\u00bbon|tablet\u00bb global_colors_info=\u00bb{}\u00bb][\/et_pb_image][\/et_pb_column][\/et_pb_row][\/et_pb_section][et_pb_section fb_built=\u00bb1&#8243; custom_padding_last_edited=\u00bbon|phone\u00bb _builder_version=\u00bb4.22.1&#8243; _module_preset=\u00bbdefault\u00bb background_color=\u00bb#EDF1F7&#8243; background_enable_image=\u00bboff\u00bb background_position=\u00bbcenter_left\u00bb custom_padding=\u00bb60px||60px||true|false\u00bb custom_padding_tablet=\u00bb40px||10px||false|false\u00bb custom_padding_phone=\u00bb40px||10px||false|false\u00bb global_colors_info=\u00bb{}\u00bb custom_padding__hover_enabled=\u00bboff|desktop\u00bb][et_pb_row column_structure=\u00bb1_2,1_2&#8243; make_equal=\u00bbon\u00bb _builder_version=\u00bb4.22.1&#8243; _module_preset=\u00bbdefault\u00bb background_enable_image=\u00bboff\u00bb background_size=\u00bbcontain\u00bb background_position=\u00bbcenter_left\u00bb width=\u00bb100%\u00bb max_width=\u00bb100%\u00bb custom_padding=\u00bb10px||10px||false|false\u00bb global_colors_info=\u00bb{}\u00bb][et_pb_column type=\u00bb1_2&#8243; _builder_version=\u00bb4.22.1&#8243; _module_preset=\u00bbdefault\u00bb global_colors_info=\u00bb{}\u00bb][et_pb_image src=\u00bbhttps:\/\/akeron.gr\/wp-content\/uploads\/2023\/09\/asfalisi-texnikon-ergon-reasons-section-bg.png\u00bb title_text=\u00bbasfalisi-texnikon-ergon-reasons-section-bg\u00bb _builder_version=\u00bb4.22.1&#8243; _module_preset=\u00bbdefault\u00bb global_colors_info=\u00bb{}\u00bb][\/et_pb_image][\/et_pb_column][et_pb_column type=\u00bb1_2&#8243; _builder_version=\u00bb4.22.1&#8243; _module_preset=\u00bbdefault\u00bb custom_padding=\u00bb|40px||40px|false|true\u00bb custom_padding_tablet=\u00bb|||30px|true|false\u00bb custom_padding_last_edited=\u00bboff|desktop\u00bb custom_css_main_element=\u00bbmargin: auto;\u00bb global_colors_info=\u00bb{}\u00bb custom_css_before_last_edited=\u00bboff|desktop\u00bb][et_pb_text _builder_version=\u00bb4.27.4&#8243; _module_preset=\u00bbdefault\u00bb header_2_font=\u00bbAnak Medium||||||||\u00bb header_2_font_size=\u00bb22px\u00bb transform_scale_tablet=\u00bb\u00bb transform_scale_phone=\u00bb\u00bb transform_scale_last_edited=\u00bbon|tablet\u00bb transform_translate=\u00bb-260px|0px\u00bb transform_translate_tablet=\u00bb0px|0px\u00bb transform_translate_phone=\u00bb0px|0px\u00bb transform_translate_last_edited=\u00bbon|phone\u00bb transform_translate_linked=\u00bboff\u00bb transform_rotate_tablet=\u00bb\u00bb transform_rotate_phone=\u00bb\u00bb transform_rotate_last_edited=\u00bbon|tablet\u00bb transform_skew_tablet=\u00bb\u00bb transform_skew_phone=\u00bb\u00bb transform_skew_last_edited=\u00bbon|tablet\u00bb transform_origin_tablet=\u00bb\u00bb transform_origin_phone=\u00bb\u00bb transform_origin_last_edited=\u00bbon|tablet\u00bb transform_styles_last_edited=\u00bbon|phone\u00bb max_width=\u00bb700px\u00bb max_width_tablet=\u00bb\u00bb max_width_phone=\u00bb\u00bb max_width_last_edited=\u00bbon|tablet\u00bb module_alignment=\u00bbleft\u00bb custom_margin=\u00bb||10px||false|false\u00bb custom_padding=\u00bb|||30px|false|false\u00bb custom_padding_tablet=\u00bb|20px||40px|false|false\u00bb custom_padding_phone=\u00bb|20px||40px|false|false\u00bb custom_padding_last_edited=\u00bbon|tablet\u00bb hover_enabled=\u00bb0&#8243; transform_styles_tablet=\u00bb\u00bb transform_styles_phone=\u00bb\u00bb custom_css_before=\u00bbcontent: url(https:\/\/akeron.gr\/wp-content\/uploads\/2023\/11\/Mple-Mikri-Diagonios.png);||position: absolute;||left: -100px;||transform: scale(.5);||top: -42px;\u00bb locked=\u00bboff\u00bb global_colors_info=\u00bb{}\u00bb custom_css_before_last_edited=\u00bbon|desktop\u00bb custom_css_before_phone=\u00bbcontent: url(https:\/\/akeron.gr\/wp-content\/uploads\/2023\/08\/logo-line-large.png);||position: absolute;||left: -64px;||transform: scale(.4);||top: -54px;\u00bb custom_css_before_tablet=\u00bbcontent: url(https:\/\/akeron.gr\/wp-content\/uploads\/2023\/08\/logo-line-large.png);||position: absolute;||left: -64px;||transform: scale(.4);||top: -54px;\u00bb sticky_enabled=\u00bb0&#8243;]<\/p>\n<h2><span style=\"font-weight: 400;\">C\u00f3mo Funciona?<\/span><\/h2>\n<p><span style=\"font-weight: 400;\">Existen dos opciones principales para asegurar el transporte:<\/span><\/p>\n<ul>\n<li style=\"font-weight: 400;\" aria-level=\"1\"><span style=\"font-weight: 400;\">P\u00f3liza abierta de un a\u00f1o con prima preacordada: Cubre todos los transportes realizados durante el a\u00f1o.<\/span><\/li>\n<li style=\"font-weight: 400;\" aria-level=\"1\"><span style=\"font-weight: 400;\">P\u00f3liza \u00fanica para un transporte espec\u00edfico: Cubre un solo transporte.<\/span><\/li>\n<\/ul>\n<p>[\/et_pb_text][\/et_pb_column][\/et_pb_row][\/et_pb_section][et_pb_section fb_built=\u00bb1&#8243; admin_label=\u00bbSection &#8211; Text &#038; Link to all SERVICES\u00bb _builder_version=\u00bb4.22.2&#8243; _module_preset=\u00bbdefault\u00bb border_width_bottom=\u00bb1px\u00bb border_color_bottom=\u00bb#B8C6DD\u00bb global_colors_info=\u00bb{}\u00bb][et_pb_row column_structure=\u00bb2_3,1_3&#8243; _builder_version=\u00bb4.25.2&#8243; _module_preset=\u00bbdefault\u00bb global_colors_info=\u00bb{}\u00bb][et_pb_column type=\u00bb2_3&#8243; _builder_version=\u00bb4.22.2&#8243; _module_preset=\u00bbdefault\u00bb global_colors_info=\u00bb{}\u00bb][et_pb_text _builder_version=\u00bb4.27.4&#8243; _module_preset=\u00bbdefault\u00bb hover_enabled=\u00bb0&#8243; global_colors_info=\u00bb{}\u00bb sticky_enabled=\u00bb0&#8243;]<\/p>\n<h2><span style=\"font-weight: 400;\">Por Qu\u00e9 Elegir Gkiolekas Insurance Solutions?<\/span><\/h2>\n<p><span style=\"font-weight: 400;\">Ya sea para peque\u00f1os transportes o casos m\u00e1s complejos, en\u00a0 Gkiolekas Insurance Solutions adaptamos la p\u00f3liza de seguro a las necesidades de su empresa.\u00a0<\/span><\/p>\n<p><span style=\"font-weight: 400;\">Ofrecemos soluciones que garantizan que sus productos lleguen a su destino de manera segura y a un costo accesible.<\/span><\/p>\n<p><span style=\"font-weight: 400;\">\u00a0Cont\u00e1ctenos para obtener m\u00e1s informaci\u00f3n y descubrir c\u00f3mo podemos ayudarle a proteger su mercanc\u00eda.<\/span><\/p>\n<p>[\/et_pb_text][\/et_pb_column][et_pb_column type=\u00bb1_3&#8243; _builder_version=\u00bb4.22.2&#8243; _module_preset=\u00bbdefault\u00bb global_colors_info=\u00bb{}\u00bb][et_pb_button button_url=\u00bb@ET-DC@eyJkeW5hbWljIjp0cnVlLCJjb250ZW50IjoicG9zdF9saW5rX3VybF9wYWdlIiwic2V0dGluZ3MiOnsicG9zdF9pZCI6IjM1NzgyMiJ9fQ==@\u00bb button_text=\u00bbCont\u00e1ctanos\u00bb button_alignment=\u00bbcenter\u00bb button_alignment_tablet=\u00bbleft\u00bb button_alignment_phone=\u00bbleft\u00bb button_alignment_last_edited=\u00bbon|desktop\u00bb admin_label=\u00bbLiar Button &#8211; Freddie\u00bb module_class=\u00bbfreddie_button_liar\u00bb _builder_version=\u00bb4.25.2&#8243; _dynamic_attributes=\u00bbbutton_url\u00bb custom_button=\u00bbon\u00bb button_text_size=\u00bb16px\u00bb button_text_color=\u00bb#394F5A\u00bb button_bg_color=\u00bbrgba(255,255,255,0)\u00bb button_border_width=\u00bb0px\u00bb button_border_color=\u00bb#394F5A\u00bb button_border_radius=\u00bb0px\u00bb button_font=\u00bbAnak Medium||||||||\u00bb button_icon=\u00bb&#x35;||divi||400&#8243; button_icon_color=\u00bb#394F5A\u00bb button_on_hover=\u00bboff\u00bb custom_margin=\u00bb80px|26px|||false|false\u00bb custom_padding=\u00bb0px|0px|0px|0px\u00bb z_index_tablet=\u00bb500&#8243; custom_css_main_element=\u00bbtransition: 0s !important;\u00bb custom_css_after=\u00bb    position: absolute !important;||    display: block !important;||    margin: 0 !important;||    top: 50%;||    opacity: 0.2 !important;||    transform: translate(0,-50%);||    right: -28px;||    font-size: 30px !important;\u00bb locked=\u00bboff\u00bb global_colors_info=\u00bb{}\u00bb][\/et_pb_button][\/et_pb_column][\/et_pb_row][\/et_pb_section]<\/p>\n","protected":false},"excerpt":{"rendered":"<p>Seguro de TransporteNuestro trabajo al servicio de cada proyectoLos riesgos asociados con el transporte de productos son un problema importante para muchas empresas.El seguro de transporte es esencial para proteger su mercanc\u00eda contra riesgos como robo, accidentes o desastres naturales, independientemente del medio de transporte que se utilice: mar\u00edtimo, a\u00e9reo, terrestre o ferroviario. Con la cobertura de seguro adecuada, puede asegurarse de que sus mercanc\u00edas llegar\u00e1n a su destino de manera segura y que, en caso de accidente, las p\u00e9rdidas econ\u00f3micas estar\u00e1n limitadas.Qu\u00e9 Cubre el Seguro de Transporte?El seguro de transporte ofrece protecci\u00f3n contra una serie de riesgos que pueden surgir durante el transporte de su mercanc\u00eda: Incendio o explosi\u00f3n. Varadura, hundimiento o vuelco del barco.\u00a0 Vuelco o descarrilamiento del medio de transporte terrestre. Colisi\u00f3n o contacto del barco, medio flotante o cualquier otro medio de transporte con un objeto externo. Descarga de la carga en un puerto de peligro. Aver\u00eda gruesa. C\u00f3mo Funciona? Existen dos opciones principales para asegurar el transporte: P\u00f3liza abierta de un a\u00f1o con prima preacordada: Cubre todos los transportes realizados durante el a\u00f1o. P\u00f3liza \u00fanica para un transporte espec\u00edfico: Cubre un solo transporte. Por Qu\u00e9 Elegir Gkiolekas Insurance Solutions? Ya sea para peque\u00f1os transportes o [&hellip;]<\/p>\n","protected":false},"author":3,"featured_media":0,"parent":363127,"menu_order":9,"comment_status":"closed","ping_status":"closed","template":"","meta":{"_seopress_robots_primary_cat":"","_seopress_titles_title":"Seguro de Transporte","_seopress_titles_desc":"","_seopress_robots_index":"","_et_pb_use_builder":"on","_et_pb_old_content":"","_et_gb_content_width":"","footnotes":""},"class_list":["post-363242","page","type-page","status-publish","hentry"],"_links":{"self":[{"href":"https:\/\/akeron.gr\/es\/wp-json\/wp\/v2\/pages\/363242","targetHints":{"allow":["GET"]}}],"collection":[{"href":"https:\/\/akeron.gr\/es\/wp-json\/wp\/v2\/pages"}],"about":[{"href":"https:\/\/akeron.gr\/es\/wp-json\/wp\/v2\/types\/page"}],"author":[{"embeddable":true,"href":"https:\/\/akeron.gr\/es\/wp-json\/wp\/v2\/users\/3"}],"replies":[{"embeddable":true,"href":"https:\/\/akeron.gr\/es\/wp-json\/wp\/v2\/comments?post=363242"}],"version-history":[{"count":4,"href":"https:\/\/akeron.gr\/es\/wp-json\/wp\/v2\/pages\/363242\/revisions"}],"predecessor-version":[{"id":363479,"href":"https:\/\/akeron.gr\/es\/wp-json\/wp\/v2\/pages\/363242\/revisions\/363479"}],"up":[{"embeddable":true,"href":"https:\/\/akeron.gr\/es\/wp-json\/wp\/v2\/pages\/363127"}],"wp:attachment":[{"href":"https:\/\/akeron.gr\/es\/wp-json\/wp\/v2\/media?parent=363242"}],"curies":[{"name":"wp","href":"https:\/\/api.w.org\/{rel}","templated":true}]}}